{"id":5779,"date":"2025-08-29T09:18:55","date_gmt":"2025-08-29T09:18:55","guid":{"rendered":"https:\/\/www.haeger.com\/es\/?page_id=5779"},"modified":"2025-10-31T09:55:43","modified_gmt":"2025-10-31T09:55:43","slug":"installation-guides","status":"publish","type":"page","link":"https:\/\/www.haeger.com\/es\/resources\/installation-guides\/","title":{"rendered":"Haeger\u00ae installation guides"},"content":{"rendered":"\n<div class=\"wp-block-sh-blocks-subpage-hero-with-subtext w-layout-blockcontainer subpage-hero w-container\" style=\"background-image:url(https:\/\/www.haeger.com\/wp-content\/uploads\/2025\/01\/Group-818.jpg)\"><div class=\"subpage-hero-heading-div\"><h1 class=\"style-guide__typography--heading subpage-hero-heading\"><strong>Gu\u00edas de instalaci\u00f3n Haeger\u00ae<\/strong><br><\/h1><h2 class=\"heading-3 sub-heading-hero\">\u00bfNecesitas ayuda? Mira nuestros videos de instalaci\u00f3n para empezar de forma r\u00e1pida y sencilla con todo lo relacionado con Haeger.<\/h2><\/div><div class=\"hero-overlay\"><\/div><\/div>\n\n\n\n<section class=\"wp-block-sh-blocks-blurb-no-button blurb-container\" sh-section=\"Blurb No Button\"><div class=\"blurb-items\"><p class=\"blurb-paragraph no-padding\">Desde la operaci\u00f3n b\u00e1sica hasta la recopilaci\u00f3n de datos, y en cada paso intermedio, te acompa\u00f1amos en la configuraci\u00f3n de tu Haeger.<br>Ten en cuenta que todos los videos est\u00e1n \u00fanicamente en ingl\u00e9s.<\/p><\/div><\/section>\n\n\n\n<div class=\"unique-carousel-container\">\n            <button class=\"unique-carousel-btn prev\">\u2039<\/button>\n            <div class=\"unique-carousel-track\">\n                <div class=\"unique-carousel-item\">\n                    <img decoding=\"async\" src=\"https:\/\/www.haeger.com\/wp-content\/uploads\/2025\/06\/Haeger-Tech-Center-Oldenzaal-Netherlands.jpeg\" alt=\"Oldenzaal, the Netherlands Tech Center\" class=\"absolute w-full h-full inset-0 object-cover b-loaded\">\n                    <h3>Oldenzaal, el centro tecnol\u00f3gico de los Pa\u00edses Bajos<\/h3>\n                    <p>Realice un recorrido por nuestro nuevo Centro tecnol\u00f3gico y conozca las diferentes m\u00e1quinas de inserci\u00f3n Haeger\u00ae y sus capacidades.<\/p>\n                    <button class=\"button primary-button cta-button w-inline-block wh-show-video\" data-video-title=\"Oldenzaal, the Netherlands Tech Center\" data-video-url=\"https:\/\/player.vimeo.com\/video\/854788559?h=5589cfd662\">\n                        <p class=\"button-text\">Show video<\/p>\n                    <\/button>\n                <\/div>\n                <div class=\"unique-carousel-item\">\n                    <img decoding=\"async\" src=\"https:\/\/www.haeger.com\/wp-content\/uploads\/2025\/06\/Haeger-Insertion-Machines-Setup-and-Installation.jpeg\" alt=\"Setup and Installation\" class=\"absolute w-full h-full inset-0 object-cover b-loaded\">\n                    <h3>Configuraci\u00f3n e instalaci\u00f3n<\/h3>\n                    <p>C\u00f3mo configurar un Haeger\u00ae 618\u2122 MSP-5e en ejecuci\u00f3n r\u00e1pida.<\/p>\n                    <button class=\"button primary-button cta-button w-inline-block wh-show-video\" data-video-title=\"Setup and Installation\" data-video-url=\"https:\/\/player.vimeo.com\/video\/854798505?h=a98aefcaef\">\n                        <p class=\"button-text\">Show video<\/p>\n                    <\/button>\n                <\/div>\n                <div class=\"unique-carousel-item\">\n                    <img decoding=\"async\" src=\"https:\/\/www.haeger.com\/wp-content\/uploads\/2025\/06\/Haeger-Insertion-Machines-Writing-a-Program.jpeg\" alt=\"Writing a Program\" class=\"absolute w-full h-full inset-0 object-cover b-loaded\">\n                    <h3>Escribir un programa<\/h3>\n                    <p>Descubra lo f\u00e1cil que es escribir un programa para el Haeger\u00ae 824\u2122 One Touch\u2122 5e LITE.<\/p>\n                    <button class=\"button primary-button cta-button w-inline-block wh-show-video\" data-video-title=\"Writing a Program\" data-video-url=\"https:\/\/player.vimeo.com\/video\/855361945?h=f53bbd3c79\">\n                        <p class=\"button-text\">Show video<\/p>\n                    <\/button>\n                <\/div>\n                <div class=\"unique-carousel-item\">\n                    <img decoding=\"async\" src=\"https:\/\/www.haeger.com\/wp-content\/uploads\/2025\/06\/Haeger-Insertion-Machines-Tooling-Selections.jpeg\" alt=\"Tooling Selections\" class=\"absolute w-full h-full inset-0 object-cover b-loaded\">\n                    <h3>Selecciones de herramientas<\/h3>\n                    <p>Aprenda c\u00f3mo instalar herramientas manuales y de alimentaci\u00f3n autom\u00e1tica Haeger\u00ae seg\u00fan las necesidades de su programa.<\/p>\n                    <button class=\"button primary-button cta-button w-inline-block wh-show-video\" data-video-title=\"Tooling Selections\" data-video-url=\"https:\/\/player.vimeo.com\/video\/854796548?h=f4498035c6\">\n                        <p class=\"button-text\">Show video<\/p>\n                    <\/button>\n                <\/div>\n                <div class=\"unique-carousel-item\">\n                    <img decoding=\"async\" src=\"https:\/\/www.haeger.com\/wp-content\/uploads\/2025\/06\/Haeger-Insertion-Machines-Multi-Fastener-Installation.jpeg\" alt=\"Multi Fastener Installation\" class=\"absolute w-full h-full inset-0 object-cover b-loaded\">\n                    <h3>Instalaci\u00f3n de sujetadores m\u00faltiples<\/h3>\n                    <p>Vea una demostraci\u00f3n paso a paso de la instalaci\u00f3n de m\u00faltiples sujetadores y el manejo de piezas individuales.<\/p>\n                    <button class=\"button primary-button cta-button w-inline-block wh-show-video\" data-video-title=\"Multi Fastener Installation\" data-video-url=\"https:\/\/player.vimeo.com\/video\/854794770?h=c027af8b31\">\n                        <p class=\"button-text\">Show video<\/p>\n                    <\/button>\n                <\/div>\n                <div class=\"unique-carousel-item\">\n                    <img decoding=\"async\" src=\"https:\/\/www.haeger.com\/wp-content\/uploads\/2025\/06\/Haeger-Insertion-Machines-Single-Part-Handling.jpeg\" alt=\"Single Part Handling\" class=\"absolute w-full h-full inset-0 object-cover b-loaded\">\n                    <h3>Manipulaci\u00f3n de piezas individuales<\/h3>\n                    <p>Conozca el sistema de inserci\u00f3n de torreta (TIS) y los beneficios de tener cuatro estaciones diferentes para la instalaci\u00f3n de m\u00faltiples sujetadores.<\/p>\n                    <button class=\"button primary-button cta-button w-inline-block wh-show-video\" data-video-title=\"Single Part Handling\" data-video-url=\"https:\/\/player.vimeo.com\/video\/854792377?h=dfec2c70e7\">\n                        <p class=\"button-text\">Show video<\/p>\n                    <\/button>\n                <\/div>\n                <div class=\"unique-carousel-item\">\n                    <img decoding=\"async\" src=\"https:\/\/www.haeger.com\/wp-content\/uploads\/2025\/06\/Haeger-Insertion-Machines-Positive-Stop.jpeg\" alt=\"Positive Stop\" class=\"absolute w-full h-full inset-0 object-cover b-loaded\">\n                    <h3>Parada positiva<\/h3>\n                    <p>Aprenda c\u00f3mo configurar el tope positivo para garantizar la correcta instalaci\u00f3n del sujetador en piezas de trabajo dif\u00edciles.<\/p>\n                    <button class=\"button primary-button cta-button w-inline-block wh-show-video\" data-video-title=\"Positive Stop\" data-video-url=\"https:\/\/player.vimeo.com\/video\/854801701?h=ab967aad16\">\n                        <p class=\"button-text\">Show video<\/p>\n                    <\/button>\n                <\/div>\n                <div class=\"unique-carousel-item\">\n                    <img decoding=\"async\" src=\"https:\/\/www.haeger.com\/wp-content\/uploads\/2025\/06\/Haeger-Insertion-Machines-Data-Collection.jpeg\" alt=\"Data Collection\" class=\"absolute w-full h-full inset-0 object-cover b-loaded\">\n                    <h3>Recopilaci\u00f3n de datos<\/h3>\n                    <p>Conozca c\u00f3mo se recopilan los datos de instalaci\u00f3n a trav\u00e9s del gr\u00e1fico de registro de prensa.<\/p>\n                    <button class=\"button primary-button cta-button w-inline-block wh-show-video\" data-video-title=\"Data Collection\" data-video-url=\"https:\/\/player.vimeo.com\/video\/855360348?h=7131252eba\">\n                        <p class=\"button-text\">Show video<\/p>\n                    <\/button>\n                <\/div>\n                <div class=\"unique-carousel-item\">\n                    <img decoding=\"async\" src=\"https:\/\/www.haeger.com\/wp-content\/uploads\/2025\/06\/Haeger-Insertion-Machines-Creating-Programs-Offline.jpeg\" alt=\"Creating Programs Offline\" class=\"absolute w-full h-full inset-0 object-cover b-loaded\">\n                    <h3>Creaci\u00f3n de programas sin conexi\u00f3n<\/h3>\n                    <p>Aprenda a crear sus programas sin conexi\u00f3n y luego cargarlos a su m\u00e1quina.<\/p>\n                    <button class=\"button primary-button cta-button w-inline-block wh-show-video\" data-video-title=\"Creating Programs Offline\" data-video-url=\"https:\/\/player.vimeo.com\/video\/855372802?h=1a9c85fe58\">\n                        <p class=\"button-text\">Show video<\/p>\n                    <\/button>\n                <\/div>\n                <div class=\"unique-carousel-item\">\n                    <img decoding=\"async\" src=\"https:\/\/www.haeger.com\/wp-content\/uploads\/2025\/06\/Ease-of-Use.jpeg\" alt=\"Ease of Use\" class=\"absolute w-full h-full inset-0 object-cover b-loaded\">\n                    <h3>Facilidad de uso<\/h3>\n                    <p>Vea una demostraci\u00f3n paso a paso de lo f\u00e1cil que es utilizar la m\u00e1quina de inserci\u00f3n Haeger\u00ae 824\u2122 One Touch\u2122 5e LITE.<\/p>\n                    <button class=\"button primary-button cta-button w-inline-block wh-show-video\" data-video-title=\"Ease of Use\" data-video-url=\"https:\/\/player.vimeo.com\/video\/892741195?h=e612a70eeb\">\n                        <p class=\"button-text\">Show video<\/p>\n                    <\/button>\n                <\/div>\n                <div class=\"unique-carousel-item\">\n                    <img decoding=\"async\" src=\"https:\/\/www.haeger.com\/wp-content\/uploads\/2025\/06\/Quality-and-Safety.jpeg\" alt=\"Quality and Safety\" class=\"absolute w-full h-full inset-0 object-cover b-loaded\">\n                    <h3>Calidad y Seguridad<\/h3>\n                    <p>Conozca el sistema de seguridad de la m\u00e1quina de inserci\u00f3n Haeger\u00ae.<\/p>\n                    <button class=\"button primary-button cta-button w-inline-block wh-show-video\" data-video-title=\"Quality and Safety\" data-video-url=\"https:\/\/player.vimeo.com\/video\/892743495?h=b8440496d5\">\n                        <p class=\"button-text\">Show video<\/p>\n                    <\/button>\n                <\/div>\n                <div class=\"unique-carousel-item\">\n                    <img decoding=\"async\" src=\"https:\/\/www.haeger.com\/wp-content\/uploads\/2025\/06\/Basic-Robot-Operation.jpeg\" alt=\"Basic Robot Operation\" class=\"absolute w-full h-full inset-0 object-cover b-loaded\">\n                    <h3>Operaci\u00f3n b\u00e1sica del robot<\/h3>\n                    <p>Vea una demostraci\u00f3n de la m\u00e1quina de inserci\u00f3n Haeger\u00ae 824\u2122 One Touch\u2122 5e mientras est\u00e1 conectada a un robot.<\/p>\n                    <button class=\"button primary-button cta-button w-inline-block wh-show-video\" data-video-title=\"Basic Robot Operation\" data-video-url=\"https:\/\/player.vimeo.com\/video\/892744291?h=9373eb5ef6\">\n                        <p class=\"button-text\">Show video<\/p>\n                    <\/button>\n                <\/div>\n                <div class=\"unique-carousel-item\">\n                    <img decoding=\"async\" src=\"https:\/\/www.haeger.com\/wp-content\/uploads\/2025\/06\/Tooling-Protection-System.jpeg\" alt=\"Tooling Protection System\" class=\"absolute w-full h-full inset-0 object-cover b-loaded\">\n                    <h3>Sistema de protecci\u00f3n de herramientas<\/h3>\n                    <p>Descubra c\u00f3mo el sistema de protecci\u00f3n de herramientas de m\u00e1quina de inserci\u00f3n Haeger\u00ae protege al operador, las herramientas y las piezas.<\/p>\n                    <button class=\"button primary-button cta-button w-inline-block wh-show-video\" data-video-title=\"Tooling Protection System\" data-video-url=\"https:\/\/player.vimeo.com\/video\/892745038?h=79619976ce\">\n                        <p class=\"button-text\">Show video<\/p>\n                    <\/button>\n                <\/div>\n            <\/div>\n            <button class=\"unique-carousel-btn next\">\u203a<\/button>\n        <\/div>\n\n        <!-- Modal -->\n        <div id=\"wh-modal\" class=\"wh-modal wh-hide-video\">\n            <div class=\"wh-modal-content\">\n                <span class=\"wh-close wh-hide-video\">&times;<\/span>\n                <h2 id=\"wh-modal-title\"><\/h2>\n                <p id=\"wh-modal-video\"><\/p>\n            <\/div>\n        <\/div>\n\n\n\n<div style=\"height:100px\" aria-hidden=\"true\" class=\"wp-block-spacer\"><\/div>\n\n\n\n<section class=\"wp-block-sh-blocks-why-haeger-blocks image-blocks about-careers\"><div id=\"products-holder\" class=\"mw1050 move-up\"><div class=\"individual-image-block\"><div class=\"product-photo\"><img decoding=\"async\" src=\"\/wp-content\/themes\/haeger\/assets\/images\/AdobeStock_389407177.jpg\" loading=\"lazy\" alt=\"\" class=\"prodiuct-photo-jpg why-haeger\"\/><\/div><div class=\"product-text\"><h4 class=\"heading-3 product-h4\"><strong>Acerca de nosotros<\/strong><\/h4><p class=\"paragraph-3\">Haeger es l\u00edder mundial en el desarrollo y la fabricaci\u00f3n de tecnolog\u00eda y maquinaria para la inserci\u00f3n de insertos. Durante casi 40 a\u00f1os, hemos sido pioneros en sistemas para pr\u00e1cticamente todo tipo y tama\u00f1o de insertos de auto clinchado imaginables.<\/p><a href=\"https:\/\/www.haeger.com\/es\/about-us\/why-haeger\/\" class=\"button primary-button cta-button mobile w-inline-block\"><p class=\"button-text\">m\u00e1s informaci\u00f3n<\/p><\/a><\/div><\/div><div class=\"individual-image-block\"><div class=\"product-photo\"><img decoding=\"async\" src=\"\/wp-content\/themes\/haeger\/assets\/images\/AdobeStock_430366102.jpg\" loading=\"lazy\" alt=\"\" class=\"prodiuct-photo-jpg why-haeger\"\/><\/div><div class=\"product-text\"><h4 class=\"heading-3 product-h4\"><strong>Oportunidades profesionales<\/strong><\/h4><p class=\"paragraph-3\">Si tienes el impulso de trabajar con dedicaci\u00f3n y enfrentar nuevos desaf\u00edos, Haeger es el lugar para hacer crecer tu carrera.<\/p><a href=\"https:\/\/www.haeger.com\/es\/about-us\/careers\/\" class=\"button primary-button cta-button mobile w-inline-block\"><p class=\"button-text\">m\u00e1s informaci\u00f3n<\/p><\/a><\/div><\/div><\/div><\/section>\n","protected":false},"excerpt":{"rendered":"<p>\u2039 Oldenzaal, el centro tecnol\u00f3gico de los Pa\u00edses Bajos Realice un recorrido por nuestro nuevo Centro tecnol\u00f3gico y conozca las diferentes m\u00e1quinas de inserci\u00f3n Haeger\u00ae y sus capacidades. Show video Configuraci\u00f3n e instalaci\u00f3n C\u00f3mo configurar un Haeger\u00ae 618\u2122 MSP-5e en ejecuci\u00f3n r\u00e1pida. Show video Escribir un programa Descubra lo f\u00e1cil que es escribir un programa [&hellip;]<\/p>\n","protected":false},"author":152,"featured_media":0,"parent":325,"menu_order":0,"comment_status":"closed","ping_status":"closed","template":"","meta":{"_acf_changed":false,"footnotes":""},"class_list":["post-5779","page","type-page","status-publish","hentry"],"acf":false,"yoast_head":"<title>Haeger\u00ae installation guides - Haeger (ES)<\/title>\n<meta name=\"robots\" content=\"index, follow, max-snippet:-1, max-image-preview:large, max-video-preview:-1\" \/>\n<link rel=\"canonical\" href=\"https:\/\/www.haeger.com\/es\/resources\/installation-guides\/\" \/>\n<meta property=\"og:locale\" content=\"en_US\" \/>\n<meta property=\"og:type\" content=\"article\" \/>\n<meta property=\"og:title\" content=\"Haeger\u00ae installation guides - Haeger (ES)\" \/>\n<meta property=\"og:description\" content=\"\u2039 Oldenzaal, el centro tecnol\u00f3gico de los Pa\u00edses Bajos Realice un recorrido por nuestro nuevo Centro tecnol\u00f3gico y conozca las diferentes m\u00e1quinas de inserci\u00f3n Haeger\u00ae y sus capacidades. Show video Configuraci\u00f3n e instalaci\u00f3n C\u00f3mo configurar un Haeger\u00ae 618\u2122 MSP-5e en ejecuci\u00f3n r\u00e1pida. Show video Escribir un programa Descubra lo f\u00e1cil que es escribir un programa [&hellip;]\" \/>\n<meta property=\"og:url\" content=\"https:\/\/www.haeger.com\/es\/resources\/installation-guides\/\" \/>\n<meta property=\"og:site_name\" content=\"Haeger (ES)\" \/>\n<meta property=\"article:modified_time\" content=\"2025-10-31T09:55:43+00:00\" \/>\n<meta property=\"og:image\" content=\"https:\/\/www.haeger.com\/wp-content\/uploads\/2025\/06\/Haeger-Tech-Center-Oldenzaal-Netherlands.jpeg\" \/>\n<meta name=\"twitter:card\" content=\"summary_large_image\" \/>\n<meta name=\"twitter:label1\" content=\"Est. reading time\" \/>\n\t<meta name=\"twitter:data1\" content=\"5 minutes\" \/>\n<script type=\"application\/ld+json\" class=\"yoast-schema-graph\">{\"@context\":\"https:\/\/schema.org\",\"@graph\":[{\"@type\":\"WebPage\",\"@id\":\"https:\/\/www.haeger.com\/es\/resources\/installation-guides\/\",\"url\":\"https:\/\/www.haeger.com\/es\/resources\/installation-guides\/\",\"name\":\"Haeger\u00ae installation guides - Haeger (ES)\",\"isPartOf\":{\"@id\":\"https:\/\/www.haeger.com\/es\/#website\"},\"primaryImageOfPage\":{\"@id\":\"https:\/\/www.haeger.com\/es\/resources\/installation-guides\/#primaryimage\"},\"image\":{\"@id\":\"https:\/\/www.haeger.com\/es\/resources\/installation-guides\/#primaryimage\"},\"thumbnailUrl\":\"https:\/\/www.haeger.com\/wp-content\/uploads\/2025\/06\/Haeger-Tech-Center-Oldenzaal-Netherlands.jpeg\",\"datePublished\":\"2025-08-29T09:18:55+00:00\",\"dateModified\":\"2025-10-31T09:55:43+00:00\",\"breadcrumb\":{\"@id\":\"https:\/\/www.haeger.com\/es\/resources\/installation-guides\/#breadcrumb\"},\"inLanguage\":\"en-US\",\"potentialAction\":[{\"@type\":\"ReadAction\",\"target\":[\"https:\/\/www.haeger.com\/es\/resources\/installation-guides\/\"]}]},{\"@type\":\"ImageObject\",\"inLanguage\":\"en-US\",\"@id\":\"https:\/\/www.haeger.com\/es\/resources\/installation-guides\/#primaryimage\",\"url\":\"https:\/\/www.haeger.com\/wp-content\/uploads\/2025\/06\/Haeger-Tech-Center-Oldenzaal-Netherlands.jpeg\",\"contentUrl\":\"https:\/\/www.haeger.com\/wp-content\/uploads\/2025\/06\/Haeger-Tech-Center-Oldenzaal-Netherlands.jpeg\"},{\"@type\":\"BreadcrumbList\",\"@id\":\"https:\/\/www.haeger.com\/es\/resources\/installation-guides\/#breadcrumb\",\"itemListElement\":[{\"@type\":\"ListItem\",\"position\":1,\"name\":\"Home\",\"item\":\"https:\/\/www.haeger.com\/es\/\"},{\"@type\":\"ListItem\",\"position\":2,\"name\":\"Resources\",\"item\":\"https:\/\/www.haeger.com\/es\/resources\/\"},{\"@type\":\"ListItem\",\"position\":3,\"name\":\"Haeger\u00ae installation guides\"}]},{\"@type\":\"WebSite\",\"@id\":\"https:\/\/www.haeger.com\/es\/#website\",\"url\":\"https:\/\/www.haeger.com\/es\/\",\"name\":\"Haeger (ES)\",\"description\":\"\",\"potentialAction\":[{\"@type\":\"SearchAction\",\"target\":{\"@type\":\"EntryPoint\",\"urlTemplate\":\"https:\/\/www.haeger.com\/es\/?s={search_term_string}\"},\"query-input\":{\"@type\":\"PropertyValueSpecification\",\"valueRequired\":true,\"valueName\":\"search_term_string\"}}],\"inLanguage\":\"en-US\"}]}<\/script>","yoast_head_json":{"title":"Haeger\u00ae installation guides - Haeger (ES)","robots":{"index":"index","follow":"follow","max-snippet":"max-snippet:-1","max-image-preview":"max-image-preview:large","max-video-preview":"max-video-preview:-1"},"canonical":"https:\/\/www.haeger.com\/es\/resources\/installation-guides\/","og_locale":"en_US","og_type":"article","og_title":"Haeger\u00ae installation guides - Haeger (ES)","og_description":"\u2039 Oldenzaal, el centro tecnol\u00f3gico de los Pa\u00edses Bajos Realice un recorrido por nuestro nuevo Centro tecnol\u00f3gico y conozca las diferentes m\u00e1quinas de inserci\u00f3n Haeger\u00ae y sus capacidades. Show video Configuraci\u00f3n e instalaci\u00f3n C\u00f3mo configurar un Haeger\u00ae 618\u2122 MSP-5e en ejecuci\u00f3n r\u00e1pida. Show video Escribir un programa Descubra lo f\u00e1cil que es escribir un programa [&hellip;]","og_url":"https:\/\/www.haeger.com\/es\/resources\/installation-guides\/","og_site_name":"Haeger (ES)","article_modified_time":"2025-10-31T09:55:43+00:00","og_image":[{"url":"https:\/\/www.haeger.com\/wp-content\/uploads\/2025\/06\/Haeger-Tech-Center-Oldenzaal-Netherlands.jpeg","type":"","width":"","height":""}],"twitter_card":"summary_large_image","twitter_misc":{"Est. reading time":"5 minutes"},"schema":{"@context":"https:\/\/schema.org","@graph":[{"@type":"WebPage","@id":"https:\/\/www.haeger.com\/es\/resources\/installation-guides\/","url":"https:\/\/www.haeger.com\/es\/resources\/installation-guides\/","name":"Haeger\u00ae installation guides - Haeger (ES)","isPartOf":{"@id":"https:\/\/www.haeger.com\/es\/#website"},"primaryImageOfPage":{"@id":"https:\/\/www.haeger.com\/es\/resources\/installation-guides\/#primaryimage"},"image":{"@id":"https:\/\/www.haeger.com\/es\/resources\/installation-guides\/#primaryimage"},"thumbnailUrl":"https:\/\/www.haeger.com\/wp-content\/uploads\/2025\/06\/Haeger-Tech-Center-Oldenzaal-Netherlands.jpeg","datePublished":"2025-08-29T09:18:55+00:00","dateModified":"2025-10-31T09:55:43+00:00","breadcrumb":{"@id":"https:\/\/www.haeger.com\/es\/resources\/installation-guides\/#breadcrumb"},"inLanguage":"en-US","potentialAction":[{"@type":"ReadAction","target":["https:\/\/www.haeger.com\/es\/resources\/installation-guides\/"]}]},{"@type":"ImageObject","inLanguage":"en-US","@id":"https:\/\/www.haeger.com\/es\/resources\/installation-guides\/#primaryimage","url":"https:\/\/www.haeger.com\/wp-content\/uploads\/2025\/06\/Haeger-Tech-Center-Oldenzaal-Netherlands.jpeg","contentUrl":"https:\/\/www.haeger.com\/wp-content\/uploads\/2025\/06\/Haeger-Tech-Center-Oldenzaal-Netherlands.jpeg"},{"@type":"BreadcrumbList","@id":"https:\/\/www.haeger.com\/es\/resources\/installation-guides\/#breadcrumb","itemListElement":[{"@type":"ListItem","position":1,"name":"Home","item":"https:\/\/www.haeger.com\/es\/"},{"@type":"ListItem","position":2,"name":"Resources","item":"https:\/\/www.haeger.com\/es\/resources\/"},{"@type":"ListItem","position":3,"name":"Haeger\u00ae installation guides"}]},{"@type":"WebSite","@id":"https:\/\/www.haeger.com\/es\/#website","url":"https:\/\/www.haeger.com\/es\/","name":"Haeger (ES)","description":"","potentialAction":[{"@type":"SearchAction","target":{"@type":"EntryPoint","urlTemplate":"https:\/\/www.haeger.com\/es\/?s={search_term_string}"},"query-input":{"@type":"PropertyValueSpecification","valueRequired":true,"valueName":"search_term_string"}}],"inLanguage":"en-US"}]}},"acf_fields":[],"_links":{"self":[{"href":"https:\/\/www.haeger.com\/es\/wp-json\/wp\/v2\/pages\/5779","targetHints":{"allow":["GET"]}}],"collection":[{"href":"https:\/\/www.haeger.com\/es\/wp-json\/wp\/v2\/pages"}],"about":[{"href":"https:\/\/www.haeger.com\/es\/wp-json\/wp\/v2\/types\/page"}],"author":[{"embeddable":true,"href":"https:\/\/www.haeger.com\/es\/wp-json\/wp\/v2\/users\/152"}],"replies":[{"embeddable":true,"href":"https:\/\/www.haeger.com\/es\/wp-json\/wp\/v2\/comments?post=5779"}],"version-history":[{"count":6,"href":"https:\/\/www.haeger.com\/es\/wp-json\/wp\/v2\/pages\/5779\/revisions"}],"predecessor-version":[{"id":5881,"href":"https:\/\/www.haeger.com\/es\/wp-json\/wp\/v2\/pages\/5779\/revisions\/5881"}],"up":[{"embeddable":true,"href":"https:\/\/www.haeger.com\/es\/wp-json\/wp\/v2\/pages\/325"}],"wp:attachment":[{"href":"https:\/\/www.haeger.com\/es\/wp-json\/wp\/v2\/media?parent=5779"}],"curies":[{"name":"wp","href":"https:\/\/api.w.org\/{rel}","templated":true}]}}