{"id":5768,"date":"2025-08-18T19:14:25","date_gmt":"2025-08-18T19:14:25","guid":{"rendered":"https:\/\/www.haeger.com\/es\/?page_id=5768"},"modified":"2025-11-04T11:10:37","modified_gmt":"2025-11-04T11:10:37","slug":"custom-tooling","status":"publish","type":"page","link":"https:\/\/www.haeger.com\/es\/products\/custom-tooling\/","title":{"rendered":"Custom Tooling"},"content":{"rendered":"\n<div class=\"wp-block-sh-blocks-subpage-hero-with-subtext w-layout-blockcontainer subpage-hero w-container\" style=\"background-image:url(https:\/\/www.haeger.com\/wp-content\/uploads\/2025\/01\/Group-790.jpg)\"><div class=\"subpage-hero-heading-div\"><h1 class=\"style-guide__typography--heading subpage-hero-heading\">Herramientas personalizadas: optimizaci\u00f3n de la precisi\u00f3n y reducci\u00f3n de tiempos de entrega mediante manufactura aditiva<\/h1><\/div><div class=\"hero-overlay\"><\/div><\/div>\n\n\n\n<section class=\"wp-block-sh-blocks-blurb-no-button blurb-container\" sh-section=\"Blurb No Button\"><div class=\"blurb-items\"><p class=\"blurb-paragraph no-padding\">Haeger ahora ofrece una nueva soluci\u00f3n de herramientas dise\u00f1ada para reducir los tiempos de entrega, mejorar la disponibilidad de piezas y brindar mayor flexibilidad en las aplicaciones de inserci\u00f3n de insertos. Al aprovechar la tecnolog\u00eda de manufactura aditiva <strong>Multi Jet Fusion (MJF)<\/strong>, podemos entregar herramientas personalizadas y de repuesto duraderas y de alta precisi\u00f3n en plazos significativamente m\u00e1s cortos.\u00a0<br><br>Este avance atiende directamente preocupaciones comunes sobre la disponibilidad de herramientas, los tiempos de inactividad no planificados y los altos costos de herramientas, especialmente en entornos de producci\u00f3n de bajo a mediano volumen.<\/p><\/div><\/section>\n\n\n\n<div class=\"wp-block-cover\"><img loading=\"lazy\" decoding=\"async\" width=\"1441\" height=\"400\" class=\"wp-block-cover__image-background wp-image-4594 size-large\" alt=\"\" src=\"https:\/\/www.haeger.com\/wp-content\/uploads\/2025\/01\/InDieHero.jpg\" data-object-fit=\"cover\" srcset=\"https:\/\/www.haeger.com\/es\/wp-content\/uploads\/sites\/6\/2025\/01\/InDieHero.jpg 1441w, https:\/\/www.haeger.com\/es\/wp-content\/uploads\/sites\/6\/2025\/01\/InDieHero-300x83.jpg 300w, https:\/\/www.haeger.com\/es\/wp-content\/uploads\/sites\/6\/2025\/01\/InDieHero-1024x284.jpg 1024w, https:\/\/www.haeger.com\/es\/wp-content\/uploads\/sites\/6\/2025\/01\/InDieHero-768x213.jpg 768w\" sizes=\"auto, (max-width: 1441px) 100vw, 1441px\" \/><span aria-hidden=\"true\" class=\"wp-block-cover__background has-background-dim\" style=\"background-color:#443534\"><\/span><div class=\"wp-block-cover__inner-container has-global-padding is-layout-constrained wp-block-cover-is-layout-constrained\">\n<h2 class=\"wp-block-heading has-text-align-center\">Beneficios clave de las herramientas MJF de Haeger<\/h2>\n\n\n\n<div class=\"wp-block-columns are-vertically-aligned-top is-layout-flex wp-container-core-columns-is-layout-9d6595d7 wp-block-columns-is-layout-flex\">\n<div class=\"wp-block-column is-vertically-aligned-top is-layout-flow wp-block-column-is-layout-flow\">\n<h3 class=\"wp-block-heading has-text-align-center\"><strong>Reducci\u00f3n de tiempos de entrega<\/strong>&nbsp;<\/h3>\n\n\n\n<p class=\"has-text-align-center\"><br>Los juegos de herramientas personalizados y fabricados por pedido ahora se env\u00edan en aproximadamente <strong>5 semanas<\/strong>. Las herramientas de repuesto y sustituci\u00f3n pueden producirse y entregarse en tan solo <strong>72 horas<\/strong>, lo que ayuda a minimizar las interrupciones en la producci\u00f3n.&nbsp;<\/p>\n<\/div>\n\n\n\n<div class=\"wp-block-column is-vertically-aligned-top is-layout-flow wp-block-column-is-layout-flow\">\n<h3 class=\"wp-block-heading has-text-align-center\">Rendimiento confiable<\/h3>\n\n\n\n<p class=\"has-text-align-center\">Fabricadas en <strong>nylon PA12<\/strong>, un termopl\u00e1stico de grado industrial reconocido por su resistencia y durabilidad al desgaste. Demostradas para ofrecer m\u00e1s de <strong>900,000 ciclos<\/strong> de inserci\u00f3n en uso t\u00edpico sin degradaci\u00f3n funcional. Excelente precisi\u00f3n dimensional de <strong>\u00b10.003 in<\/strong>, lo que garantiza un ajuste y funcionamiento confiables.&nbsp;<\/p>\n<\/div>\n\n\n\n<div class=\"wp-block-column is-vertically-aligned-top is-layout-flow wp-block-column-is-layout-flow\">\n<h3 class=\"wp-block-heading has-text-align-center\">Dise\u00f1o flexible y espec\u00edfico para cada aplicaci\u00f3n<\/h3>\n\n\n\n<p class=\"has-text-align-center\">Permite cambios m\u00e1s r\u00e1pidos, personalizaci\u00f3n de herramientas y soporte para producci\u00f3n de tiradas cortas sin largas esperas. La reducci\u00f3n de la complejidad de las piezas y el ensamble simplificado ayudan a disminuir las necesidades de mantenimiento y el riesgo de error del operador.<\/p>\n<\/div>\n<\/div>\n<\/div><\/div>\n\n\n\n<section class=\"wp-block-sh-blocks-blurb-no-button blurb-container\" sh-section=\"Blurb No Button\"><div class=\"blurb-items\"><p class=\"blurb-paragraph no-padding\"><strong>Dise\u00f1adas para la rapidez y la simplicidad<\/strong>\u00a0<br>Las herramientas MJF son ideales para fabricantes que requieren cambios r\u00e1pidos, tiempos de entrega cortos o repuestos de contingencia, sin comprometer la resistencia ni la precisi\u00f3n.<\/p><\/div><\/section>\n\n\n\n<div class=\"wp-block-sh-blocks-cta w-layout-blockcontainer cta-section w-container\" sh-section=\"CTA\"><div class=\"overlay\"><\/div><div class=\"subpage-hero-heading-div\"><h2 class=\"style-guide__typography--heading cta-heading\">\u00bfBuscas herramientas est\u00e1ndar? Podemos ayudarte.<\/h2><a href=\"\/es\/tooling-wizard\/\" class=\"button primary-button cta-button w-inline-block\"><p class=\"button-text\">asistente para herramientas<\/p><\/a><\/div><\/div>\n\n\n\n<p><\/p>\n","protected":false},"excerpt":{"rendered":"","protected":false},"author":3,"featured_media":0,"parent":143,"menu_order":0,"comment_status":"closed","ping_status":"closed","template":"","meta":{"_acf_changed":false,"footnotes":""},"class_list":["post-5768","page","type-page","status-publish","hentry"],"acf":false,"yoast_head":"<title>Custom Tooling - Haeger (ES)<\/title>\n<meta name=\"robots\" content=\"index, follow, max-snippet:-1, max-image-preview:large, max-video-preview:-1\" \/>\n<link rel=\"canonical\" href=\"https:\/\/www.haeger.com\/es\/products\/custom-tooling\/\" \/>\n<meta property=\"og:locale\" content=\"en_US\" \/>\n<meta property=\"og:type\" content=\"article\" \/>\n<meta property=\"og:title\" content=\"Custom Tooling - Haeger (ES)\" \/>\n<meta property=\"og:url\" content=\"https:\/\/www.haeger.com\/es\/products\/custom-tooling\/\" \/>\n<meta property=\"og:site_name\" content=\"Haeger (ES)\" \/>\n<meta property=\"article:modified_time\" content=\"2025-11-04T11:10:37+00:00\" \/>\n<meta property=\"og:image\" content=\"https:\/\/www.haeger.com\/es\/wp-content\/uploads\/sites\/6\/2025\/01\/InDieHero.jpg\" \/>\n\t<meta property=\"og:image:width\" content=\"1441\" \/>\n\t<meta property=\"og:image:height\" content=\"400\" \/>\n\t<meta property=\"og:image:type\" content=\"image\/jpeg\" \/>\n<meta name=\"twitter:card\" content=\"summary_large_image\" \/>\n<meta name=\"twitter:label1\" content=\"Est. reading time\" \/>\n\t<meta name=\"twitter:data1\" content=\"2 minutes\" \/>\n<script type=\"application\/ld+json\" class=\"yoast-schema-graph\">{\"@context\":\"https:\/\/schema.org\",\"@graph\":[{\"@type\":\"WebPage\",\"@id\":\"https:\/\/www.haeger.com\/es\/products\/custom-tooling\/\",\"url\":\"https:\/\/www.haeger.com\/es\/products\/custom-tooling\/\",\"name\":\"Custom Tooling - Haeger (ES)\",\"isPartOf\":{\"@id\":\"https:\/\/www.haeger.com\/es\/#website\"},\"primaryImageOfPage\":{\"@id\":\"https:\/\/www.haeger.com\/es\/products\/custom-tooling\/#primaryimage\"},\"image\":{\"@id\":\"https:\/\/www.haeger.com\/es\/products\/custom-tooling\/#primaryimage\"},\"thumbnailUrl\":\"https:\/\/www.haeger.com\/wp-content\/uploads\/2025\/01\/InDieHero.jpg\",\"datePublished\":\"2025-08-18T19:14:25+00:00\",\"dateModified\":\"2025-11-04T11:10:37+00:00\",\"breadcrumb\":{\"@id\":\"https:\/\/www.haeger.com\/es\/products\/custom-tooling\/#breadcrumb\"},\"inLanguage\":\"en-US\",\"potentialAction\":[{\"@type\":\"ReadAction\",\"target\":[\"https:\/\/www.haeger.com\/es\/products\/custom-tooling\/\"]}]},{\"@type\":\"ImageObject\",\"inLanguage\":\"en-US\",\"@id\":\"https:\/\/www.haeger.com\/es\/products\/custom-tooling\/#primaryimage\",\"url\":\"https:\/\/www.haeger.com\/wp-content\/uploads\/2025\/01\/InDieHero.jpg\",\"contentUrl\":\"https:\/\/www.haeger.com\/wp-content\/uploads\/2025\/01\/InDieHero.jpg\"},{\"@type\":\"BreadcrumbList\",\"@id\":\"https:\/\/www.haeger.com\/es\/products\/custom-tooling\/#breadcrumb\",\"itemListElement\":[{\"@type\":\"ListItem\",\"position\":1,\"name\":\"Home\",\"item\":\"https:\/\/www.haeger.com\/es\/\"},{\"@type\":\"ListItem\",\"position\":2,\"name\":\"Products\",\"item\":\"https:\/\/www.haeger.com\/es\/products\/\"},{\"@type\":\"ListItem\",\"position\":3,\"name\":\"Custom Tooling\"}]},{\"@type\":\"WebSite\",\"@id\":\"https:\/\/www.haeger.com\/es\/#website\",\"url\":\"https:\/\/www.haeger.com\/es\/\",\"name\":\"Haeger (ES)\",\"description\":\"\",\"potentialAction\":[{\"@type\":\"SearchAction\",\"target\":{\"@type\":\"EntryPoint\",\"urlTemplate\":\"https:\/\/www.haeger.com\/es\/?s={search_term_string}\"},\"query-input\":{\"@type\":\"PropertyValueSpecification\",\"valueRequired\":true,\"valueName\":\"search_term_string\"}}],\"inLanguage\":\"en-US\"}]}<\/script>","yoast_head_json":{"title":"Custom Tooling - Haeger (ES)","robots":{"index":"index","follow":"follow","max-snippet":"max-snippet:-1","max-image-preview":"max-image-preview:large","max-video-preview":"max-video-preview:-1"},"canonical":"https:\/\/www.haeger.com\/es\/products\/custom-tooling\/","og_locale":"en_US","og_type":"article","og_title":"Custom Tooling - Haeger (ES)","og_url":"https:\/\/www.haeger.com\/es\/products\/custom-tooling\/","og_site_name":"Haeger (ES)","article_modified_time":"2025-11-04T11:10:37+00:00","og_image":[{"width":1441,"height":400,"url":"https:\/\/www.haeger.com\/es\/wp-content\/uploads\/sites\/6\/2025\/01\/InDieHero.jpg","type":"image\/jpeg"}],"twitter_card":"summary_large_image","twitter_misc":{"Est. reading time":"2 minutes"},"schema":{"@context":"https:\/\/schema.org","@graph":[{"@type":"WebPage","@id":"https:\/\/www.haeger.com\/es\/products\/custom-tooling\/","url":"https:\/\/www.haeger.com\/es\/products\/custom-tooling\/","name":"Custom Tooling - Haeger (ES)","isPartOf":{"@id":"https:\/\/www.haeger.com\/es\/#website"},"primaryImageOfPage":{"@id":"https:\/\/www.haeger.com\/es\/products\/custom-tooling\/#primaryimage"},"image":{"@id":"https:\/\/www.haeger.com\/es\/products\/custom-tooling\/#primaryimage"},"thumbnailUrl":"https:\/\/www.haeger.com\/wp-content\/uploads\/2025\/01\/InDieHero.jpg","datePublished":"2025-08-18T19:14:25+00:00","dateModified":"2025-11-04T11:10:37+00:00","breadcrumb":{"@id":"https:\/\/www.haeger.com\/es\/products\/custom-tooling\/#breadcrumb"},"inLanguage":"en-US","potentialAction":[{"@type":"ReadAction","target":["https:\/\/www.haeger.com\/es\/products\/custom-tooling\/"]}]},{"@type":"ImageObject","inLanguage":"en-US","@id":"https:\/\/www.haeger.com\/es\/products\/custom-tooling\/#primaryimage","url":"https:\/\/www.haeger.com\/wp-content\/uploads\/2025\/01\/InDieHero.jpg","contentUrl":"https:\/\/www.haeger.com\/wp-content\/uploads\/2025\/01\/InDieHero.jpg"},{"@type":"BreadcrumbList","@id":"https:\/\/www.haeger.com\/es\/products\/custom-tooling\/#breadcrumb","itemListElement":[{"@type":"ListItem","position":1,"name":"Home","item":"https:\/\/www.haeger.com\/es\/"},{"@type":"ListItem","position":2,"name":"Products","item":"https:\/\/www.haeger.com\/es\/products\/"},{"@type":"ListItem","position":3,"name":"Custom Tooling"}]},{"@type":"WebSite","@id":"https:\/\/www.haeger.com\/es\/#website","url":"https:\/\/www.haeger.com\/es\/","name":"Haeger (ES)","description":"","potentialAction":[{"@type":"SearchAction","target":{"@type":"EntryPoint","urlTemplate":"https:\/\/www.haeger.com\/es\/?s={search_term_string}"},"query-input":{"@type":"PropertyValueSpecification","valueRequired":true,"valueName":"search_term_string"}}],"inLanguage":"en-US"}]}},"acf_fields":[],"_links":{"self":[{"href":"https:\/\/www.haeger.com\/es\/wp-json\/wp\/v2\/pages\/5768","targetHints":{"allow":["GET"]}}],"collection":[{"href":"https:\/\/www.haeger.com\/es\/wp-json\/wp\/v2\/pages"}],"about":[{"href":"https:\/\/www.haeger.com\/es\/wp-json\/wp\/v2\/types\/page"}],"author":[{"embeddable":true,"href":"https:\/\/www.haeger.com\/es\/wp-json\/wp\/v2\/users\/3"}],"replies":[{"embeddable":true,"href":"https:\/\/www.haeger.com\/es\/wp-json\/wp\/v2\/comments?post=5768"}],"version-history":[{"count":7,"href":"https:\/\/www.haeger.com\/es\/wp-json\/wp\/v2\/pages\/5768\/revisions"}],"predecessor-version":[{"id":5885,"href":"https:\/\/www.haeger.com\/es\/wp-json\/wp\/v2\/pages\/5768\/revisions\/5885"}],"up":[{"embeddable":true,"href":"https:\/\/www.haeger.com\/es\/wp-json\/wp\/v2\/pages\/143"}],"wp:attachment":[{"href":"https:\/\/www.haeger.com\/es\/wp-json\/wp\/v2\/media?parent=5768"}],"curies":[{"name":"wp","href":"https:\/\/api.w.org\/{rel}","templated":true}]}}