{"id":513,"date":"2024-12-28T18:52:20","date_gmt":"2024-12-28T18:52:20","guid":{"rendered":"https:\/\/dev-haeger25.pantheonsite.io\/?page_id=513"},"modified":"2025-11-04T11:13:08","modified_gmt":"2025-11-04T11:13:08","slug":"about-us","status":"publish","type":"page","link":"https:\/\/www.haeger.com\/es\/about-us\/","title":{"rendered":"About Us"},"content":{"rendered":"\n<div class=\"wp-block-sh-blocks-subpage-hero-with-subtext w-layout-blockcontainer subpage-hero w-container\" style=\"background-image:url(https:\/\/www.haeger.com\/es\/wp-content\/uploads\/2025\/01\/AboutUsHero.jpg)\"><div class=\"subpage-hero-heading-div\"><h1 class=\"style-guide__typography--heading subpage-hero-heading\">QUI\u00c9NES SOMOS.<\/h1><\/div><div class=\"hero-overlay\"><\/div><\/div>\n\n\n\n<section class=\"wp-block-sh-blocks-blurb-no-button blurb-container\" sh-section=\"Blurb No Button\"><div class=\"blurb-items\"><p class=\"blurb-paragraph no-padding\">Haeger<sup>\u00ae<\/sup> es l\u00edder global en la industria de inserci\u00f3n de insertos, ofreciendo m\u00e1quinas avanzadas y servicios integrales con un soporte al cliente excepcional. Nuestra tecnolog\u00eda de punta ayuda a los fabricantes a optimizar el trabajo, mejorar la calidad y maximizar la productividad. Con un enfoque en resolver retos complejos, reducir tiempos muertos y adaptarse a distintos tipos de insertos y materiales, nuestro equipo de ingenieros entrega soluciones efectivas y confiables.\u00a0<br><br>Como parte del portafolio de marcas de PennEngineering<sup>\u00ae<\/sup> y en alianza con los insertos PEM<sup>\u00ae<\/sup>, ofrecemos una soluci\u00f3n completa y eficiente para la instalaci\u00f3n confiable de insertos.<br>\u00a0<br>Todo se resume en colocar el inserto correcto, de la forma correcta, desde el primer intento. Con Haeger en tu taller, eso se convierte en la regla, no en la excepci\u00f3n.<\/p><\/div><\/section>\n\n\n\n<section class=\"wp-block-sh-blocks-why-haeger-blocks image-blocks about-careers\"><div id=\"products-holder\" class=\"mw1050 move-up\"><div class=\"individual-image-block\"><div class=\"product-photo\"><img decoding=\"async\" src=\"https:\/\/www.haeger.com\/es\/wp-content\/uploads\/2025\/02\/Penn-Candids-BCP-2024-30-scaled.jpg\" loading=\"lazy\" alt=\"\" class=\"prodiuct-photo-jpg why-haeger\"\/><\/div><div class=\"product-text\"><h4 class=\"heading-3 product-h4\">\u00bfPor qu\u00e9 Haeger?<\/h4><p class=\"paragraph-3\">Desde hace m\u00e1s de 40 a\u00f1os, hemos sido pioneros en desarrollar sistemas para casi todo tipo y tama\u00f1o de inserto de auto clinchado que puedas imaginar. Nuestro enfoque est\u00e1 en crear m\u00e1quinas de inserci\u00f3n en las que puedas confiar para minimizar tiempos muertos y maximizar la producci\u00f3n.<\/p><a href=\"https:\/\/www.haeger.com\/es\/about-us\/why-haeger\/\" class=\"button primary-button cta-button mobile w-inline-block\"><p class=\"button-text\">M\u00c1S INFORMACI\u00d3N<\/p><\/a><\/div><\/div><div class=\"individual-image-block\"><div class=\"product-photo\"><img decoding=\"async\" src=\"https:\/\/www.haeger.com\/es\/wp-content\/uploads\/2025\/02\/Penn-Portraits-2024-BCP-290-300-dpi-scaled.jpg\" loading=\"lazy\" alt=\"\" class=\"prodiuct-photo-jpg why-haeger\"\/><\/div><div class=\"product-text\"><h4 class=\"heading-3 product-h4\">EMPLEOS<\/h4><p class=\"paragraph-3\">Descubre c\u00f3mo puedes ayudarnos a resolver los desaf\u00edos m\u00e1s complejos del mundo en instalaci\u00f3n de insertos. Como l\u00edder global en equipos de inserci\u00f3n de insertos, siempre estamos en busca de talento diverso y excepcional.<\/p><a href=\"https:\/\/www.haeger.com\/es\/about-us\/careers\/\" class=\"button primary-button cta-button mobile w-inline-block\"><p class=\"button-text\">M\u00c1S INFORMACI\u00d3N<\/p><\/a><\/div><\/div><\/div><\/section>\n\n\n\n<div class=\"wp-block-sh-blocks-cta w-layout-blockcontainer cta-section w-container\" sh-section=\"CTA\"><div class=\"overlay\"><\/div><div class=\"subpage-hero-heading-div\"><h2 class=\"style-guide__typography--heading cta-heading\">CONT\u00c1CTANOS PARA OBTENER M\u00c1S INFORMACI\u00d3N<\/h2><a href=\"\/contact\" class=\"button primary-button cta-button w-inline-block\"><p class=\"button-text\">SOLICITAR INFORMACI\u00d3N<\/p><\/a><\/div><\/div>\n\n\n\n<p><\/p>\n","protected":false},"excerpt":{"rendered":"","protected":false},"author":2,"featured_media":0,"parent":0,"menu_order":0,"comment_status":"closed","ping_status":"closed","template":"","meta":{"_acf_changed":false,"footnotes":""},"class_list":["post-513","page","type-page","status-publish","hentry"],"acf":false,"yoast_head":"<title>About Us | Haeger Insertion Machines | Haeger USA<\/title>\n<meta name=\"description\" content=\"Haeger, a PennEngineering company, leads fastener insertion technology with machines and handle diverse self-clinching fasteners.\" \/>\n<meta name=\"robots\" content=\"index, follow, max-snippet:-1, max-image-preview:large, max-video-preview:-1\" \/>\n<link rel=\"canonical\" href=\"https:\/\/www.haeger.com\/es\/about-us\/\" \/>\n<meta property=\"og:locale\" content=\"en_US\" \/>\n<meta property=\"og:type\" content=\"article\" \/>\n<meta property=\"og:title\" content=\"About Us | Haeger Insertion Machines | Haeger USA\" \/>\n<meta property=\"og:description\" content=\"Haeger, a PennEngineering company, leads fastener insertion technology with machines and handle diverse self-clinching fasteners.\" \/>\n<meta property=\"og:url\" content=\"https:\/\/www.haeger.com\/es\/about-us\/\" \/>\n<meta property=\"og:site_name\" content=\"Haeger (ES)\" \/>\n<meta property=\"article:modified_time\" content=\"2025-11-04T11:13:08+00:00\" \/>\n<meta property=\"og:image\" content=\"https:\/\/www.haeger.com\/es\/wp-content\/uploads\/2025\/02\/Penn-Candids-BCP-2024-30-scaled.jpg\" \/>\n<meta name=\"twitter:card\" content=\"summary_large_image\" \/>\n<meta name=\"twitter:label1\" content=\"Est. reading time\" \/>\n\t<meta name=\"twitter:data1\" content=\"2 minutes\" \/>\n<script type=\"application\/ld+json\" class=\"yoast-schema-graph\">{\"@context\":\"https:\/\/schema.org\",\"@graph\":[{\"@type\":\"WebPage\",\"@id\":\"https:\/\/www.haeger.com\/es\/about-us\/\",\"url\":\"https:\/\/www.haeger.com\/es\/about-us\/\",\"name\":\"About Us | Haeger Insertion Machines | Haeger USA\",\"isPartOf\":{\"@id\":\"https:\/\/www.haeger.com\/es\/#website\"},\"primaryImageOfPage\":{\"@id\":\"https:\/\/www.haeger.com\/es\/about-us\/#primaryimage\"},\"image\":{\"@id\":\"https:\/\/www.haeger.com\/es\/about-us\/#primaryimage\"},\"thumbnailUrl\":\"https:\/\/www.haeger.com\/es\/wp-content\/uploads\/2025\/02\/Penn-Candids-BCP-2024-30-scaled.jpg\",\"datePublished\":\"2024-12-28T18:52:20+00:00\",\"dateModified\":\"2025-11-04T11:13:08+00:00\",\"description\":\"Haeger, a PennEngineering company, leads fastener insertion technology with machines and handle diverse self-clinching fasteners.\",\"breadcrumb\":{\"@id\":\"https:\/\/www.haeger.com\/es\/about-us\/#breadcrumb\"},\"inLanguage\":\"en-US\",\"potentialAction\":[{\"@type\":\"ReadAction\",\"target\":[\"https:\/\/www.haeger.com\/es\/about-us\/\"]}]},{\"@type\":\"ImageObject\",\"inLanguage\":\"en-US\",\"@id\":\"https:\/\/www.haeger.com\/es\/about-us\/#primaryimage\",\"url\":\"https:\/\/www.haeger.com\/es\/wp-content\/uploads\/2025\/02\/Penn-Candids-BCP-2024-30-scaled.jpg\",\"contentUrl\":\"https:\/\/www.haeger.com\/es\/wp-content\/uploads\/2025\/02\/Penn-Candids-BCP-2024-30-scaled.jpg\"},{\"@type\":\"BreadcrumbList\",\"@id\":\"https:\/\/www.haeger.com\/es\/about-us\/#breadcrumb\",\"itemListElement\":[{\"@type\":\"ListItem\",\"position\":1,\"name\":\"Home\",\"item\":\"https:\/\/www.haeger.com\/es\/\"},{\"@type\":\"ListItem\",\"position\":2,\"name\":\"About Us\"}]},{\"@type\":\"WebSite\",\"@id\":\"https:\/\/www.haeger.com\/es\/#website\",\"url\":\"https:\/\/www.haeger.com\/es\/\",\"name\":\"Haeger (ES)\",\"description\":\"\",\"potentialAction\":[{\"@type\":\"SearchAction\",\"target\":{\"@type\":\"EntryPoint\",\"urlTemplate\":\"https:\/\/www.haeger.com\/es\/?s={search_term_string}\"},\"query-input\":{\"@type\":\"PropertyValueSpecification\",\"valueRequired\":true,\"valueName\":\"search_term_string\"}}],\"inLanguage\":\"en-US\"}]}<\/script>","yoast_head_json":{"title":"About Us | Haeger Insertion Machines | Haeger USA","description":"Haeger, a PennEngineering company, leads fastener insertion technology with machines and handle diverse self-clinching fasteners.","robots":{"index":"index","follow":"follow","max-snippet":"max-snippet:-1","max-image-preview":"max-image-preview:large","max-video-preview":"max-video-preview:-1"},"canonical":"https:\/\/www.haeger.com\/es\/about-us\/","og_locale":"en_US","og_type":"article","og_title":"About Us | Haeger Insertion Machines | Haeger USA","og_description":"Haeger, a PennEngineering company, leads fastener insertion technology with machines and handle diverse self-clinching fasteners.","og_url":"https:\/\/www.haeger.com\/es\/about-us\/","og_site_name":"Haeger (ES)","article_modified_time":"2025-11-04T11:13:08+00:00","og_image":[{"url":"https:\/\/www.haeger.com\/es\/wp-content\/uploads\/2025\/02\/Penn-Candids-BCP-2024-30-scaled.jpg","type":"","width":"","height":""}],"twitter_card":"summary_large_image","twitter_misc":{"Est. reading time":"2 minutes"},"schema":{"@context":"https:\/\/schema.org","@graph":[{"@type":"WebPage","@id":"https:\/\/www.haeger.com\/es\/about-us\/","url":"https:\/\/www.haeger.com\/es\/about-us\/","name":"About Us | Haeger Insertion Machines | Haeger USA","isPartOf":{"@id":"https:\/\/www.haeger.com\/es\/#website"},"primaryImageOfPage":{"@id":"https:\/\/www.haeger.com\/es\/about-us\/#primaryimage"},"image":{"@id":"https:\/\/www.haeger.com\/es\/about-us\/#primaryimage"},"thumbnailUrl":"https:\/\/www.haeger.com\/es\/wp-content\/uploads\/2025\/02\/Penn-Candids-BCP-2024-30-scaled.jpg","datePublished":"2024-12-28T18:52:20+00:00","dateModified":"2025-11-04T11:13:08+00:00","description":"Haeger, a PennEngineering company, leads fastener insertion technology with machines and handle diverse self-clinching fasteners.","breadcrumb":{"@id":"https:\/\/www.haeger.com\/es\/about-us\/#breadcrumb"},"inLanguage":"en-US","potentialAction":[{"@type":"ReadAction","target":["https:\/\/www.haeger.com\/es\/about-us\/"]}]},{"@type":"ImageObject","inLanguage":"en-US","@id":"https:\/\/www.haeger.com\/es\/about-us\/#primaryimage","url":"https:\/\/www.haeger.com\/es\/wp-content\/uploads\/2025\/02\/Penn-Candids-BCP-2024-30-scaled.jpg","contentUrl":"https:\/\/www.haeger.com\/es\/wp-content\/uploads\/2025\/02\/Penn-Candids-BCP-2024-30-scaled.jpg"},{"@type":"BreadcrumbList","@id":"https:\/\/www.haeger.com\/es\/about-us\/#breadcrumb","itemListElement":[{"@type":"ListItem","position":1,"name":"Home","item":"https:\/\/www.haeger.com\/es\/"},{"@type":"ListItem","position":2,"name":"About Us"}]},{"@type":"WebSite","@id":"https:\/\/www.haeger.com\/es\/#website","url":"https:\/\/www.haeger.com\/es\/","name":"Haeger (ES)","description":"","potentialAction":[{"@type":"SearchAction","target":{"@type":"EntryPoint","urlTemplate":"https:\/\/www.haeger.com\/es\/?s={search_term_string}"},"query-input":{"@type":"PropertyValueSpecification","valueRequired":true,"valueName":"search_term_string"}}],"inLanguage":"en-US"}]}},"acf_fields":[],"_links":{"self":[{"href":"https:\/\/www.haeger.com\/es\/wp-json\/wp\/v2\/pages\/513","targetHints":{"allow":["GET"]}}],"collection":[{"href":"https:\/\/www.haeger.com\/es\/wp-json\/wp\/v2\/pages"}],"about":[{"href":"https:\/\/www.haeger.com\/es\/wp-json\/wp\/v2\/types\/page"}],"author":[{"embeddable":true,"href":"https:\/\/www.haeger.com\/es\/wp-json\/wp\/v2\/users\/2"}],"replies":[{"embeddable":true,"href":"https:\/\/www.haeger.com\/es\/wp-json\/wp\/v2\/comments?post=513"}],"version-history":[{"count":18,"href":"https:\/\/www.haeger.com\/es\/wp-json\/wp\/v2\/pages\/513\/revisions"}],"predecessor-version":[{"id":5886,"href":"https:\/\/www.haeger.com\/es\/wp-json\/wp\/v2\/pages\/513\/revisions\/5886"}],"wp:attachment":[{"href":"https:\/\/www.haeger.com\/es\/wp-json\/wp\/v2\/media?parent=513"}],"curies":[{"name":"wp","href":"https:\/\/api.w.org\/{rel}","templated":true}]}}