{"id":264,"date":"2024-12-17T19:41:52","date_gmt":"2024-12-17T19:41:52","guid":{"rendered":"https:\/\/dev-haeger25.pantheonsite.io\/?page_id=264"},"modified":"2025-10-23T10:31:17","modified_gmt":"2025-10-23T10:31:17","slug":"stock-check","status":"publish","type":"page","link":"https:\/\/www.haeger.com\/es\/products\/stock-check\/","title":{"rendered":"Stock Check"},"content":{"rendered":"\n<div class=\"wp-block-sh-blocks-subpage-hero-with-subtext w-layout-blockcontainer subpage-hero w-container\" style=\"background-image:url(https:\/\/www.haeger.com\/es\/wp-content\/uploads\/2025\/01\/Group-791.jpg)\"><div class=\"subpage-hero-heading-div\"><h1 class=\"style-guide__typography--heading subpage-hero-heading\"><strong><strong>Consulta de stock<\/strong><\/strong>.<\/h1><\/div><div class=\"hero-overlay\"><\/div><\/div>\n\n\n\n<section class=\"wp-block-sh-blocks-product-lookup blurb-container\"><div class=\"blurb-items\"><h2 class=\"_25px blurb\"><\/h2><p class=\"blurb-paragraph\">Si est\u00e1s buscando una m\u00e1quina o repuesto, ingresa el n\u00famero de parte o la descripci\u00f3n abajo para verificar disponibilidad. Haremos todo lo posible para entregarte lo que necesitas r\u00e1pidamente. Los pedidos de art\u00edculos en inventario realizados antes de las 2:00 p.m. (EST) se enviar\u00e1n el mismo d\u00eda.<\/p><div class=\"form-block-3 w-form\"><p>OR<\/p><button type=\"submit\" class=\"button primary-button form-button w-button\">FIND<\/button><\/div><div id=\"results\"><\/div><\/div><\/section>\n\n\n\n<div class=\"wp-block-sh-blocks-cta w-layout-blockcontainer cta-section w-container\" sh-section=\"CTA\"><div class=\"overlay\"><\/div><div class=\"subpage-hero-heading-div\"><h2 class=\"style-guide__typography--heading cta-heading\"><strong>ENCUENTRA LAS HERRAMIENTAS<br>PARA TU APLICACI\u00d3N.<\/strong><\/h2><a href=\"\/tooling-wizard\/\" class=\"button primary-button cta-button w-inline-block\"><p class=\"button-text\">Conectarse al asistente<\/p><\/a><\/div><\/div>\n","protected":false},"excerpt":{"rendered":"","protected":false},"author":1,"featured_media":0,"parent":0,"menu_order":0,"comment_status":"closed","ping_status":"closed","template":"","meta":{"_acf_changed":false,"footnotes":""},"class_list":["post-264","page","type-page","status-publish","hentry"],"acf":false,"yoast_head":"<title>Stock Check | Haeger USA<\/title>\n<meta name=\"description\" content=\"Check availability for Haeger machines and parts by entering a part number or description.\" \/>\n<meta name=\"robots\" content=\"index, follow, max-snippet:-1, max-image-preview:large, max-video-preview:-1\" \/>\n<link rel=\"canonical\" href=\"https:\/\/www.haeger.com\/es\/products\/stock-check\/\" \/>\n<meta property=\"og:locale\" content=\"en_US\" \/>\n<meta property=\"og:type\" content=\"article\" \/>\n<meta property=\"og:title\" content=\"Stock Check | Haeger USA\" \/>\n<meta property=\"og:description\" content=\"Check availability for Haeger machines and parts by entering a part number or description.\" \/>\n<meta property=\"og:url\" content=\"https:\/\/www.haeger.com\/es\/products\/stock-check\/\" \/>\n<meta property=\"og:site_name\" content=\"Haeger (ES)\" \/>\n<meta property=\"article:modified_time\" content=\"2025-10-23T10:31:17+00:00\" \/>\n<meta name=\"twitter:card\" content=\"summary_large_image\" \/>\n<meta name=\"twitter:label1\" content=\"Est. reading time\" \/>\n\t<meta name=\"twitter:data1\" content=\"1 minute\" \/>\n<script type=\"application\/ld+json\" class=\"yoast-schema-graph\">{\"@context\":\"https:\/\/schema.org\",\"@graph\":[{\"@type\":\"WebPage\",\"@id\":\"https:\/\/www.haeger.com\/es\/products\/stock-check\/\",\"url\":\"https:\/\/www.haeger.com\/es\/products\/stock-check\/\",\"name\":\"Stock Check | Haeger USA\",\"isPartOf\":{\"@id\":\"https:\/\/www.haeger.com\/es\/#website\"},\"datePublished\":\"2024-12-17T19:41:52+00:00\",\"dateModified\":\"2025-10-23T10:31:17+00:00\",\"description\":\"Check availability for Haeger machines and parts by entering a part number or description.\",\"breadcrumb\":{\"@id\":\"https:\/\/www.haeger.com\/es\/products\/stock-check\/#breadcrumb\"},\"inLanguage\":\"en-US\",\"potentialAction\":[{\"@type\":\"ReadAction\",\"target\":[\"https:\/\/www.haeger.com\/es\/products\/stock-check\/\"]}]},{\"@type\":\"BreadcrumbList\",\"@id\":\"https:\/\/www.haeger.com\/es\/products\/stock-check\/#breadcrumb\",\"itemListElement\":[{\"@type\":\"ListItem\",\"position\":1,\"name\":\"Home\",\"item\":\"https:\/\/www.haeger.com\/es\/\"},{\"@type\":\"ListItem\",\"position\":2,\"name\":\"Stock Check\"}]},{\"@type\":\"WebSite\",\"@id\":\"https:\/\/www.haeger.com\/es\/#website\",\"url\":\"https:\/\/www.haeger.com\/es\/\",\"name\":\"Haeger (ES)\",\"description\":\"\",\"potentialAction\":[{\"@type\":\"SearchAction\",\"target\":{\"@type\":\"EntryPoint\",\"urlTemplate\":\"https:\/\/www.haeger.com\/es\/?s={search_term_string}\"},\"query-input\":{\"@type\":\"PropertyValueSpecification\",\"valueRequired\":true,\"valueName\":\"search_term_string\"}}],\"inLanguage\":\"en-US\"}]}<\/script>","yoast_head_json":{"title":"Stock Check | Haeger USA","description":"Check availability for Haeger machines and parts by entering a part number or description.","robots":{"index":"index","follow":"follow","max-snippet":"max-snippet:-1","max-image-preview":"max-image-preview:large","max-video-preview":"max-video-preview:-1"},"canonical":"https:\/\/www.haeger.com\/es\/products\/stock-check\/","og_locale":"en_US","og_type":"article","og_title":"Stock Check | Haeger USA","og_description":"Check availability for Haeger machines and parts by entering a part number or description.","og_url":"https:\/\/www.haeger.com\/es\/products\/stock-check\/","og_site_name":"Haeger (ES)","article_modified_time":"2025-10-23T10:31:17+00:00","twitter_card":"summary_large_image","twitter_misc":{"Est. reading time":"1 minute"},"schema":{"@context":"https:\/\/schema.org","@graph":[{"@type":"WebPage","@id":"https:\/\/www.haeger.com\/es\/products\/stock-check\/","url":"https:\/\/www.haeger.com\/es\/products\/stock-check\/","name":"Stock Check | Haeger USA","isPartOf":{"@id":"https:\/\/www.haeger.com\/es\/#website"},"datePublished":"2024-12-17T19:41:52+00:00","dateModified":"2025-10-23T10:31:17+00:00","description":"Check availability for Haeger machines and parts by entering a part number or description.","breadcrumb":{"@id":"https:\/\/www.haeger.com\/es\/products\/stock-check\/#breadcrumb"},"inLanguage":"en-US","potentialAction":[{"@type":"ReadAction","target":["https:\/\/www.haeger.com\/es\/products\/stock-check\/"]}]},{"@type":"BreadcrumbList","@id":"https:\/\/www.haeger.com\/es\/products\/stock-check\/#breadcrumb","itemListElement":[{"@type":"ListItem","position":1,"name":"Home","item":"https:\/\/www.haeger.com\/es\/"},{"@type":"ListItem","position":2,"name":"Stock Check"}]},{"@type":"WebSite","@id":"https:\/\/www.haeger.com\/es\/#website","url":"https:\/\/www.haeger.com\/es\/","name":"Haeger (ES)","description":"","potentialAction":[{"@type":"SearchAction","target":{"@type":"EntryPoint","urlTemplate":"https:\/\/www.haeger.com\/es\/?s={search_term_string}"},"query-input":{"@type":"PropertyValueSpecification","valueRequired":true,"valueName":"search_term_string"}}],"inLanguage":"en-US"}]}},"acf_fields":[],"_links":{"self":[{"href":"https:\/\/www.haeger.com\/es\/wp-json\/wp\/v2\/pages\/264","targetHints":{"allow":["GET"]}}],"collection":[{"href":"https:\/\/www.haeger.com\/es\/wp-json\/wp\/v2\/pages"}],"about":[{"href":"https:\/\/www.haeger.com\/es\/wp-json\/wp\/v2\/types\/page"}],"author":[{"embeddable":true,"href":"https:\/\/www.haeger.com\/es\/wp-json\/wp\/v2\/users\/1"}],"replies":[{"embeddable":true,"href":"https:\/\/www.haeger.com\/es\/wp-json\/wp\/v2\/comments?post=264"}],"version-history":[{"count":20,"href":"https:\/\/www.haeger.com\/es\/wp-json\/wp\/v2\/pages\/264\/revisions"}],"predecessor-version":[{"id":5887,"href":"https:\/\/www.haeger.com\/es\/wp-json\/wp\/v2\/pages\/264\/revisions\/5887"}],"wp:attachment":[{"href":"https:\/\/www.haeger.com\/es\/wp-json\/wp\/v2\/media?parent=264"}],"curies":[{"name":"wp","href":"https:\/\/api.w.org\/{rel}","templated":true}]}}