{"id":221,"date":"2024-12-16T15:30:28","date_gmt":"2024-12-16T15:30:28","guid":{"rendered":"https:\/\/dev-haeger25.pantheonsite.io\/?page_id=221"},"modified":"2025-10-22T08:39:51","modified_gmt":"2025-10-22T08:39:51","slug":"news","status":"publish","type":"page","link":"https:\/\/www.haeger.com\/es\/news\/","title":{"rendered":"News"},"content":{"rendered":"\n<div class=\"wp-block-sh-blocks-subpage-hero-with-subtext w-layout-blockcontainer subpage-hero w-container\" style=\"background-image:url(https:\/\/www.haeger.com\/es\/wp-content\/uploads\/2025\/01\/NewsHero-1.jpg)\"><div class=\"subpage-hero-heading-div\"><h1 class=\"style-guide__typography--heading subpage-hero-heading\"><strong>Noticias<\/strong><\/h1><h2 class=\"heading-3 sub-heading-hero\"><strong>Gracias por mantenerte al d\u00eda con Haeger\u00ae.<\/strong><\/h2><\/div><div class=\"hero-overlay\"><\/div><\/div>\n\n\n\n<div style=\"height:100px\" aria-hidden=\"true\" class=\"wp-block-spacer\"><\/div>\n\n\n<section sh-section=\"Dynamic Blocks\" class=\"image-blocks services\">\n      <div class=\"testimonial-grid-two services\">\n        <div id=\"w-node-_7ae27a10-2f0d-651c-f4be-aa90afd5b013-afd5b011\" class=\"testimonial-card-two\" react-key=\"\"><img decoding=\"async\" src=\"\/wp-content\/themes\/haeger\/assets\/images\/Penn-Candids-BCP-2024-200.jpg\" loading=\"lazy\" width=\"Auto\" height=\"200\" alt=\"\" class=\"image-2 services no-border\">\n          <div class=\"div-block-9\">\n            <h4 class=\"heading-5 news-heading\">Servo, hidr\u00e1ulica, neum\u00e1tica: \u00bfQu\u00e9 tecnolog\u00eda de instalaci\u00f3n de insertos debe impulsar tus objetivos de producci\u00f3n?<\/h4>\n            <h4 class=\"heading-6 blog-author blue\"><\/h4>\n            <p class=\"testimonial-text-two\">Servo, hidr\u00e1ulica, neum\u00e1tica:\u00bfQu\u00e9 tecnolog\u00eda de instalaci\u00f3n de insertos debe impulsar tus objetivos de producci\u00f3n? La manufactura ha evolucionado, y tambi\u00e9n lo han hecho las tecnolog\u00edas que impulsan los equipos de instalaci\u00f3n de insertos. Hoy en d\u00eda, tres sistemas distintos dominan el panorama: servoel\u00e9ctrico, hidr\u00e1ulico y neum\u00e1tico. Entender qu\u00e9 tecnolog\u00eda se alinea mejor con tu operaci\u00f3n [&hellip;]<\/p>\n            <a href=\"https:\/\/www.haeger.com\/es\/2026\/02\/02\/servo-hydraulic-pneumatic\/\" class=\"button w175 darkhover w-button\" sh-dynamic-link=\"0\">Learn More<\/a>\n          <\/div>\n        <\/div><div id=\"w-node-_7ae27a10-2f0d-651c-f4be-aa90afd5b013-afd5b011\" class=\"testimonial-card-two\" react-key=\"\"><img decoding=\"async\" src=\"\/wp-content\/themes\/haeger\/assets\/images\/Penn-Candids-BCP-2024-200.jpg\" loading=\"lazy\" width=\"Auto\" height=\"200\" alt=\"\" class=\"image-2 services no-border\">\n          <div class=\"div-block-9\">\n            <h4 class=\"heading-5 news-heading\">Hello world!<\/h4>\n            <h4 class=\"heading-6 blog-author blue\"><\/h4>\n            <p class=\"testimonial-text-two\">Welcome to WordPress. This is your first post. Edit or delete it, then start writing!<\/p>\n            <a href=\"https:\/\/www.haeger.com\/es\/2024\/10\/02\/hello-world\/\" class=\"button w175 darkhover w-button\" sh-dynamic-link=\"0\">Learn More<\/a>\n          <\/div>\n        <\/div><div id=\"w-node-_7ae27a10-2f0d-651c-f4be-aa90afd5b013-afd5b011\" class=\"testimonial-card-two\" react-key=\"\"><img decoding=\"async\" src=\"\/wp-content\/themes\/haeger\/assets\/images\/Penn-Candids-BCP-2024-200.jpg\" loading=\"lazy\" width=\"Auto\" height=\"200\" alt=\"\" class=\"image-2 services no-border\">\n          <div class=\"div-block-9\">\n            <h4 class=\"heading-5 news-heading\">Hello world!<\/h4>\n            <h4 class=\"heading-6 blog-author blue\"><\/h4>\n            <p class=\"testimonial-text-two\">Welcome to WordPress. This is your first post. Edit or delete it, then start writing!<\/p>\n            <a href=\"https:\/\/www.haeger.com\/es\/2024\/11\/20\/hello-world-2\/\" class=\"button w175 darkhover w-button\" sh-dynamic-link=\"0\">Learn More<\/a>\n          <\/div>\n        <\/div><div id=\"w-node-_7ae27a10-2f0d-651c-f4be-aa90afd5b013-afd5b011\" class=\"testimonial-card-two\" react-key=\"\"><img decoding=\"async\" src=\"\/wp-content\/themes\/haeger\/assets\/images\/Penn-Candids-BCP-2024-200.jpg\" loading=\"lazy\" width=\"Auto\" height=\"200\" alt=\"\" class=\"image-2 services no-border\">\n          <div class=\"div-block-9\">\n            <h4 class=\"heading-5 news-heading\">Hello world!<\/h4>\n            <h4 class=\"heading-6 blog-author blue\"><\/h4>\n            <p class=\"testimonial-text-two\">Welcome to WordPress. This is your first post. Edit or delete it, then start writing!<\/p>\n            <a href=\"https:\/\/www.haeger.com\/es\/2024\/11\/20\/hello-world-3\/\" class=\"button w175 darkhover w-button\" sh-dynamic-link=\"0\">Learn More<\/a>\n          <\/div>\n        <\/div><\/div>\n    <\/section>\n","protected":false},"excerpt":{"rendered":"","protected":false},"author":1,"featured_media":0,"parent":0,"menu_order":0,"comment_status":"closed","ping_status":"closed","template":"","meta":{"_acf_changed":false,"footnotes":""},"class_list":["post-221","page","type-page","status-publish","hentry"],"acf":false,"yoast_head":"<title>News | Haeger USA<\/title>\n<meta name=\"description\" content=\"Stay updated with Haeger&#039;s latest news, innovations, and insights on fastener insertion technology.\" \/>\n<meta name=\"robots\" content=\"index, follow, max-snippet:-1, max-image-preview:large, max-video-preview:-1\" \/>\n<link rel=\"canonical\" href=\"https:\/\/www.haeger.com\/es\/news\/\" \/>\n<meta property=\"og:locale\" content=\"en_US\" \/>\n<meta property=\"og:type\" content=\"article\" \/>\n<meta property=\"og:title\" content=\"News | Haeger USA\" \/>\n<meta property=\"og:description\" content=\"Stay updated with Haeger&#039;s latest news, innovations, and insights on fastener insertion technology.\" \/>\n<meta property=\"og:url\" content=\"https:\/\/www.haeger.com\/es\/news\/\" \/>\n<meta property=\"og:site_name\" content=\"Haeger (ES)\" \/>\n<meta property=\"article:modified_time\" content=\"2025-10-22T08:39:51+00:00\" \/>\n<meta name=\"twitter:card\" content=\"summary_large_image\" \/>\n<meta name=\"twitter:label1\" content=\"Est. reading time\" \/>\n\t<meta name=\"twitter:data1\" content=\"1 minute\" \/>\n<script type=\"application\/ld+json\" class=\"yoast-schema-graph\">{\"@context\":\"https:\/\/schema.org\",\"@graph\":[{\"@type\":\"WebPage\",\"@id\":\"https:\/\/www.haeger.com\/es\/news\/\",\"url\":\"https:\/\/www.haeger.com\/es\/news\/\",\"name\":\"News | Haeger USA\",\"isPartOf\":{\"@id\":\"https:\/\/www.haeger.com\/es\/#website\"},\"datePublished\":\"2024-12-16T15:30:28+00:00\",\"dateModified\":\"2025-10-22T08:39:51+00:00\",\"description\":\"Stay updated with Haeger's latest news, innovations, and insights on fastener insertion technology.\",\"breadcrumb\":{\"@id\":\"https:\/\/www.haeger.com\/es\/news\/#breadcrumb\"},\"inLanguage\":\"en-US\",\"potentialAction\":[{\"@type\":\"ReadAction\",\"target\":[\"https:\/\/www.haeger.com\/es\/news\/\"]}]},{\"@type\":\"BreadcrumbList\",\"@id\":\"https:\/\/www.haeger.com\/es\/news\/#breadcrumb\",\"itemListElement\":[{\"@type\":\"ListItem\",\"position\":1,\"name\":\"Home\",\"item\":\"https:\/\/www.haeger.com\/es\/\"},{\"@type\":\"ListItem\",\"position\":2,\"name\":\"News\"}]},{\"@type\":\"WebSite\",\"@id\":\"https:\/\/www.haeger.com\/es\/#website\",\"url\":\"https:\/\/www.haeger.com\/es\/\",\"name\":\"Haeger (ES)\",\"description\":\"\",\"potentialAction\":[{\"@type\":\"SearchAction\",\"target\":{\"@type\":\"EntryPoint\",\"urlTemplate\":\"https:\/\/www.haeger.com\/es\/?s={search_term_string}\"},\"query-input\":{\"@type\":\"PropertyValueSpecification\",\"valueRequired\":true,\"valueName\":\"search_term_string\"}}],\"inLanguage\":\"en-US\"}]}<\/script>","yoast_head_json":{"title":"News | Haeger USA","description":"Stay updated with Haeger's latest news, innovations, and insights on fastener insertion technology.","robots":{"index":"index","follow":"follow","max-snippet":"max-snippet:-1","max-image-preview":"max-image-preview:large","max-video-preview":"max-video-preview:-1"},"canonical":"https:\/\/www.haeger.com\/es\/news\/","og_locale":"en_US","og_type":"article","og_title":"News | Haeger USA","og_description":"Stay updated with Haeger's latest news, innovations, and insights on fastener insertion technology.","og_url":"https:\/\/www.haeger.com\/es\/news\/","og_site_name":"Haeger (ES)","article_modified_time":"2025-10-22T08:39:51+00:00","twitter_card":"summary_large_image","twitter_misc":{"Est. reading time":"1 minute"},"schema":{"@context":"https:\/\/schema.org","@graph":[{"@type":"WebPage","@id":"https:\/\/www.haeger.com\/es\/news\/","url":"https:\/\/www.haeger.com\/es\/news\/","name":"News | Haeger USA","isPartOf":{"@id":"https:\/\/www.haeger.com\/es\/#website"},"datePublished":"2024-12-16T15:30:28+00:00","dateModified":"2025-10-22T08:39:51+00:00","description":"Stay updated with Haeger's latest news, innovations, and insights on fastener insertion technology.","breadcrumb":{"@id":"https:\/\/www.haeger.com\/es\/news\/#breadcrumb"},"inLanguage":"en-US","potentialAction":[{"@type":"ReadAction","target":["https:\/\/www.haeger.com\/es\/news\/"]}]},{"@type":"BreadcrumbList","@id":"https:\/\/www.haeger.com\/es\/news\/#breadcrumb","itemListElement":[{"@type":"ListItem","position":1,"name":"Home","item":"https:\/\/www.haeger.com\/es\/"},{"@type":"ListItem","position":2,"name":"News"}]},{"@type":"WebSite","@id":"https:\/\/www.haeger.com\/es\/#website","url":"https:\/\/www.haeger.com\/es\/","name":"Haeger (ES)","description":"","potentialAction":[{"@type":"SearchAction","target":{"@type":"EntryPoint","urlTemplate":"https:\/\/www.haeger.com\/es\/?s={search_term_string}"},"query-input":{"@type":"PropertyValueSpecification","valueRequired":true,"valueName":"search_term_string"}}],"inLanguage":"en-US"}]}},"acf_fields":[],"_links":{"self":[{"href":"https:\/\/www.haeger.com\/es\/wp-json\/wp\/v2\/pages\/221","targetHints":{"allow":["GET"]}}],"collection":[{"href":"https:\/\/www.haeger.com\/es\/wp-json\/wp\/v2\/pages"}],"about":[{"href":"https:\/\/www.haeger.com\/es\/wp-json\/wp\/v2\/types\/page"}],"author":[{"embeddable":true,"href":"https:\/\/www.haeger.com\/es\/wp-json\/wp\/v2\/users\/1"}],"replies":[{"embeddable":true,"href":"https:\/\/www.haeger.com\/es\/wp-json\/wp\/v2\/comments?post=221"}],"version-history":[{"count":18,"href":"https:\/\/www.haeger.com\/es\/wp-json\/wp\/v2\/pages\/221\/revisions"}],"predecessor-version":[{"id":5838,"href":"https:\/\/www.haeger.com\/es\/wp-json\/wp\/v2\/pages\/221\/revisions\/5838"}],"wp:attachment":[{"href":"https:\/\/www.haeger.com\/es\/wp-json\/wp\/v2\/media?parent=221"}],"curies":[{"name":"wp","href":"https:\/\/api.w.org\/{rel}","templated":true}]}}