{"id":215,"date":"2024-12-12T20:23:09","date_gmt":"2024-12-12T20:23:09","guid":{"rendered":"https:\/\/dev-haeger25.pantheonsite.io\/?page_id=215"},"modified":"2025-10-23T10:34:50","modified_gmt":"2025-10-23T10:34:50","slug":"in-die","status":"publish","type":"page","link":"https:\/\/www.haeger.com\/es\/products\/in-die\/","title":{"rendered":"In-Die"},"content":{"rendered":"\n<div class=\"wp-block-sh-blocks-subpage-hero-with-subtext w-layout-blockcontainer subpage-hero w-container\" style=\"background-image:url(https:\/\/www.haeger.com\/es\/wp-content\/uploads\/2025\/01\/InDieHero.jpg)\"><div class=\"subpage-hero-heading-div\"><h1 class=\"style-guide__typography--heading subpage-hero-heading\">Tecnolog\u00eda In-Die (en la matriz).<\/h1><\/div><div class=\"hero-overlay\"><\/div><\/div>\n\n\n\n<section sh-section=\"Blurb With Button\" class=\"wp-block-sh-blocks-blurb-with-button blurb-container\"><div class=\"blurb-items\"><p class=\"blurb-paragraph\">Haeger\u00ae ofrece soluciones totalmente automatizadas para instalar insertos PEM\u00ae directamente en l\u00edneas de prensado. Utilizando troqueles progresivos, herramientas de transferencia o sistemas de prensas automatizadas, este m\u00e9todo es ideal para la producci\u00f3n en grandes vol\u00famenes. Los insertos se alimentan de forma eficiente a trav\u00e9s de un dispositivo de clasificaci\u00f3n y alimentaci\u00f3n multicanal hacia cabezales de perforado, lo que permite fijar uno o m\u00e1s insertos con cada golpe. Este proceso mejora la eficiencia y reduce costos para fabricantes que buscan operaciones m\u00e1s \u00e1giles.<br>&nbsp;<\/p><a href=\"https:\/\/info.pemnet.com\/technical-training#installation-training\" class=\"button primary-button cta-button w-inline-block\"><p class=\"button-text\">Videos de capacitaci\u00f3n<\/p><\/a><\/div><\/section>\n\n\n<section sh-section=\"Product Blocks\" class=\"image-blocks products\">\n  <div class=\"testimonial-grid-two services\">\n    <div id=\"w-node-facbbfb5-5d7d-449d-fefa-837a71b01a5c-71b01a5a\" class=\"testimonial-card-two products\" react-key=\"\"><img decoding=\"async\" src=\"https:\/\/www.haeger.com\/es\/wp-content\/uploads\/sites\/6\/2024\/11\/InDieV2.png\" loading=\"lazy\" width=\"Auto\" height=\"200\" alt=\"\" class=\"image-2 products\">\n      <div class=\"div-block-9 products\">\n        <h4 class=\"heading-5 news-heading\">PEMSERTER\u00ae NEXTGEN UNIVERSAL IN-DIE FEED CART<\/h4>\n        <p class=\"testimonial-text-two\">Este sistema modular, listo para usar, est\u00e1 dise\u00f1ado para la instalaci\u00f3n eficiente y precisa de sujetadores autoremachables PEM durante el proceso de estampado. Este sistema optimiza las operaciones al eliminar procesos secundarios, reducir costos y mejorar la calidad y el rendimiento. Gracias a sus herramientas de cambio r\u00e1pido y a su compatibilidad con la mayor\u00eda de los tipos de sujetadores, facilita la producci\u00f3n flexible y la integraci\u00f3n con sistemas de la Industria 4.0.<\/p>\n        <a href=\"https:\/\/www.haeger.com\/es\/products\/in-die\/pemserter-in-die-system\/\" class=\"button primary-button cta-button mobile w-inline-block\" sh-dynamic-link=\"0\">\n          <p class=\"button-text\">Discover in-die advantages<\/p>\n        <\/a>\n      <\/div>\n    <\/div><\/div>\n<\/section>\n\n\n\n<div class=\"wp-block-sh-blocks-cta w-layout-blockcontainer cta-section w-container\" sh-section=\"CTA\"><div class=\"overlay\"><\/div><div class=\"subpage-hero-heading-div\"><h2 class=\"style-guide__typography--heading cta-heading\">FIND THE TOOLING<br>FOR YOUR APPLICATION.<\/h2><a href=\"\/tooling-wizard\/\" class=\"button primary-button cta-button w-inline-block\"><p class=\"button-text\">Connect to the tooling wizard<\/p><\/a><\/div><\/div>\n","protected":false},"excerpt":{"rendered":"","protected":false},"author":1,"featured_media":0,"parent":0,"menu_order":0,"comment_status":"open","ping_status":"closed","template":"","meta":{"_acf_changed":false,"footnotes":""},"class_list":["post-215","page","type-page","status-publish","hentry"],"acf":false,"yoast_head":"<title>In-Die | Haeger USA<\/title>\n<meta name=\"description\" content=\"Haeger provides fully automated PEM fastener installation for high-volume production. Boost efficiency with multi-channel feeding and press-line integration.\" \/>\n<meta name=\"robots\" content=\"index, follow, max-snippet:-1, max-image-preview:large, max-video-preview:-1\" \/>\n<link rel=\"canonical\" href=\"https:\/\/www.haeger.com\/es\/products\/in-die\/\" \/>\n<meta property=\"og:locale\" content=\"en_US\" \/>\n<meta property=\"og:type\" content=\"article\" \/>\n<meta property=\"og:title\" content=\"In-Die | Haeger USA\" \/>\n<meta property=\"og:description\" content=\"Haeger provides fully automated PEM fastener installation for high-volume production. Boost efficiency with multi-channel feeding and press-line integration.\" \/>\n<meta property=\"og:url\" content=\"https:\/\/www.haeger.com\/es\/products\/in-die\/\" \/>\n<meta property=\"og:site_name\" content=\"Haeger (ES)\" \/>\n<meta property=\"article:modified_time\" content=\"2025-10-23T10:34:50+00:00\" \/>\n<meta name=\"twitter:card\" content=\"summary_large_image\" \/>\n<meta name=\"twitter:label1\" content=\"Est. reading time\" \/>\n\t<meta name=\"twitter:data1\" content=\"1 minute\" \/>\n<script type=\"application\/ld+json\" class=\"yoast-schema-graph\">{\"@context\":\"https:\/\/schema.org\",\"@graph\":[{\"@type\":\"WebPage\",\"@id\":\"https:\/\/www.haeger.com\/es\/products\/in-die\/\",\"url\":\"https:\/\/www.haeger.com\/es\/products\/in-die\/\",\"name\":\"In-Die | Haeger USA\",\"isPartOf\":{\"@id\":\"https:\/\/www.haeger.com\/es\/#website\"},\"datePublished\":\"2024-12-12T20:23:09+00:00\",\"dateModified\":\"2025-10-23T10:34:50+00:00\",\"description\":\"Haeger provides fully automated PEM fastener installation for high-volume production. Boost efficiency with multi-channel feeding and press-line integration.\",\"breadcrumb\":{\"@id\":\"https:\/\/www.haeger.com\/es\/products\/in-die\/#breadcrumb\"},\"inLanguage\":\"en-US\",\"potentialAction\":[{\"@type\":\"ReadAction\",\"target\":[\"https:\/\/www.haeger.com\/es\/products\/in-die\/\"]}]},{\"@type\":\"BreadcrumbList\",\"@id\":\"https:\/\/www.haeger.com\/es\/products\/in-die\/#breadcrumb\",\"itemListElement\":[{\"@type\":\"ListItem\",\"position\":1,\"name\":\"Home\",\"item\":\"https:\/\/www.haeger.com\/es\/\"},{\"@type\":\"ListItem\",\"position\":2,\"name\":\"In-Die\"}]},{\"@type\":\"WebSite\",\"@id\":\"https:\/\/www.haeger.com\/es\/#website\",\"url\":\"https:\/\/www.haeger.com\/es\/\",\"name\":\"Haeger (ES)\",\"description\":\"\",\"potentialAction\":[{\"@type\":\"SearchAction\",\"target\":{\"@type\":\"EntryPoint\",\"urlTemplate\":\"https:\/\/www.haeger.com\/es\/?s={search_term_string}\"},\"query-input\":{\"@type\":\"PropertyValueSpecification\",\"valueRequired\":true,\"valueName\":\"search_term_string\"}}],\"inLanguage\":\"en-US\"}]}<\/script>","yoast_head_json":{"title":"In-Die | Haeger USA","description":"Haeger provides fully automated PEM fastener installation for high-volume production. Boost efficiency with multi-channel feeding and press-line integration.","robots":{"index":"index","follow":"follow","max-snippet":"max-snippet:-1","max-image-preview":"max-image-preview:large","max-video-preview":"max-video-preview:-1"},"canonical":"https:\/\/www.haeger.com\/es\/products\/in-die\/","og_locale":"en_US","og_type":"article","og_title":"In-Die | Haeger USA","og_description":"Haeger provides fully automated PEM fastener installation for high-volume production. Boost efficiency with multi-channel feeding and press-line integration.","og_url":"https:\/\/www.haeger.com\/es\/products\/in-die\/","og_site_name":"Haeger (ES)","article_modified_time":"2025-10-23T10:34:50+00:00","twitter_card":"summary_large_image","twitter_misc":{"Est. reading time":"1 minute"},"schema":{"@context":"https:\/\/schema.org","@graph":[{"@type":"WebPage","@id":"https:\/\/www.haeger.com\/es\/products\/in-die\/","url":"https:\/\/www.haeger.com\/es\/products\/in-die\/","name":"In-Die | Haeger USA","isPartOf":{"@id":"https:\/\/www.haeger.com\/es\/#website"},"datePublished":"2024-12-12T20:23:09+00:00","dateModified":"2025-10-23T10:34:50+00:00","description":"Haeger provides fully automated PEM fastener installation for high-volume production. Boost efficiency with multi-channel feeding and press-line integration.","breadcrumb":{"@id":"https:\/\/www.haeger.com\/es\/products\/in-die\/#breadcrumb"},"inLanguage":"en-US","potentialAction":[{"@type":"ReadAction","target":["https:\/\/www.haeger.com\/es\/products\/in-die\/"]}]},{"@type":"BreadcrumbList","@id":"https:\/\/www.haeger.com\/es\/products\/in-die\/#breadcrumb","itemListElement":[{"@type":"ListItem","position":1,"name":"Home","item":"https:\/\/www.haeger.com\/es\/"},{"@type":"ListItem","position":2,"name":"In-Die"}]},{"@type":"WebSite","@id":"https:\/\/www.haeger.com\/es\/#website","url":"https:\/\/www.haeger.com\/es\/","name":"Haeger (ES)","description":"","potentialAction":[{"@type":"SearchAction","target":{"@type":"EntryPoint","urlTemplate":"https:\/\/www.haeger.com\/es\/?s={search_term_string}"},"query-input":{"@type":"PropertyValueSpecification","valueRequired":true,"valueName":"search_term_string"}}],"inLanguage":"en-US"}]}},"acf_fields":[],"_links":{"self":[{"href":"https:\/\/www.haeger.com\/es\/wp-json\/wp\/v2\/pages\/215","targetHints":{"allow":["GET"]}}],"collection":[{"href":"https:\/\/www.haeger.com\/es\/wp-json\/wp\/v2\/pages"}],"about":[{"href":"https:\/\/www.haeger.com\/es\/wp-json\/wp\/v2\/types\/page"}],"author":[{"embeddable":true,"href":"https:\/\/www.haeger.com\/es\/wp-json\/wp\/v2\/users\/1"}],"replies":[{"embeddable":true,"href":"https:\/\/www.haeger.com\/es\/wp-json\/wp\/v2\/comments?post=215"}],"version-history":[{"count":20,"href":"https:\/\/www.haeger.com\/es\/wp-json\/wp\/v2\/pages\/215\/revisions"}],"predecessor-version":[{"id":5849,"href":"https:\/\/www.haeger.com\/es\/wp-json\/wp\/v2\/pages\/215\/revisions\/5849"}],"wp:attachment":[{"href":"https:\/\/www.haeger.com\/es\/wp-json\/wp\/v2\/media?parent=215"}],"curies":[{"name":"wp","href":"https:\/\/api.w.org\/{rel}","templated":true}]}}