{"id":196,"date":"2024-12-12T16:21:05","date_gmt":"2024-12-12T16:21:05","guid":{"rendered":"https:\/\/dev-haeger25.pantheonsite.io\/?page_id=196"},"modified":"2025-10-23T10:40:45","modified_gmt":"2025-10-23T10:40:45","slug":"machines","status":"publish","type":"page","link":"https:\/\/www.haeger.com\/es\/products\/machines\/","title":{"rendered":"Machines"},"content":{"rendered":"\n<div class=\"wp-block-sh-blocks-subpage-hero-with-subtext w-layout-blockcontainer subpage-hero w-container\" style=\"background-image:url(https:\/\/www.haeger.com\/es\/wp-content\/uploads\/2025\/01\/MachinesHero.jpg)\"><div class=\"subpage-hero-heading-div\"><h1 class=\"style-guide__typography--heading subpage-hero-heading\">Soluciones eficientes, precisas e integradas para la instalaci\u00f3n de insertos.<\/h1><\/div><div class=\"hero-overlay\"><\/div><\/div>\n\n\n\n<section sh-section=\"Blurb With Button\" class=\"wp-block-sh-blocks-blurb-with-button blurb-container\"><div class=\"blurb-items\"><p class=\"blurb-paragraph\">Las m\u00e1quinas Haeger\u00ae y los insertos PEM\u00ae ofrecen una soluci\u00f3n de sistema completo para una instalaci\u00f3n de insertos eficiente y confiable, pensada para ingenieros y fabricantes que buscan precisi\u00f3n y productividad. Las m\u00e1quinas Haeger automatizan y optimizan el proceso de instalaci\u00f3n de insertos, garantizando resultados precisos, vers\u00e1tiles y repetibles, integr\u00e1ndose sin problemas en las l\u00edneas de producci\u00f3n. Dise\u00f1adas para la Industria 4.0 y la integraci\u00f3n rob\u00f3tica, las m\u00e1quinas Haeger cuentan con adquisici\u00f3n avanzada de datos, monitoreo en tiempo real y soporte remoto, brindando informaci\u00f3n \u00fatil para mejorar la eficiencia de producci\u00f3n y el control de calidad.<\/p><a href=\"https:\/\/info.pemnet.com\/technical-training#installation-training\" class=\"button primary-button cta-button w-inline-block\"><p class=\"button-text\">Ver videos de capacitaci\u00f3n<\/p><\/a><\/div><\/section>\n\n\n<section sh-section=\"Product Blocks\" class=\"image-blocks products\">\n  <div class=\"testimonial-grid-two services\">\n    <div id=\"w-node-facbbfb5-5d7d-449d-fefa-837a71b01a5c-71b01a5a\" class=\"testimonial-card-two products\" react-key=\"\"><img decoding=\"async\" src=\"https:\/\/www.haeger.com\/es\/wp-content\/uploads\/sites\/6\/2025\/09\/T-Series.png\" loading=\"lazy\" width=\"Auto\" height=\"200\" alt=\"\" class=\"image-2 products\">\n      <div class=\"div-block-9 products\">\n        <h4 class=\"heading-5 news-heading\">T-Series<\/h4>\n        <p class=\"testimonial-text-two\">Precisi\u00f3n. Productividad. Confianza. La Haeger T-Series es la siguiente evoluci\u00f3n en la instalaci\u00f3n automatizada de insertos. Dise\u00f1ada para cumplir con las altas exigencias de la producci\u00f3n moderna de l\u00e1mina met\u00e1lica, combina tecnolog\u00eda de prensa comprobada con un sistema de posicionamiento XYZ, lo que permite la inserci\u00f3n totalmente automatizada y sin operador de hasta 8 insertos diferentes en una sola pieza.<\/p>\n        <a href=\"https:\/\/www.haeger.com\/es\/products\/t-series\/\" class=\"button primary-button cta-button mobile w-inline-block\" sh-dynamic-link=\"0\">\n          <p class=\"button-text\">T-Series<\/p>\n        <\/a>\n      <\/div>\n    <\/div><div id=\"w-node-facbbfb5-5d7d-449d-fefa-837a71b01a5c-71b01a5a\" class=\"testimonial-card-two products\" react-key=\"\"><img decoding=\"async\" src=\"https:\/\/www.haeger.com\/es\/wp-content\/uploads\/sites\/6\/2025\/08\/824-eDrive.png\" loading=\"lazy\" width=\"Auto\" height=\"200\" alt=\"\" class=\"image-2 products\">\n      <div class=\"div-block-9 products\">\n        <h4 class=\"heading-5 news-heading\">824\u2122 eDrive\u2122<\/h4>\n        <p class=\"testimonial-text-two\">La Haeger 824\u2122 eDrive\u2122 cuenta con un sistema avanzado de inserci\u00f3n de insertos accionado por servomotor, que ofrece control preciso, alta eficiencia y un rendimiento constante. A diferencia de los sistemas tradicionales, la eDrive funciona de manera limpia: sin aceite, con menos ruido y un consumo de energ\u00eda significativamente menor. <\/p>\n        <a href=\"https:\/\/www.haeger.com\/es\/products\/824-edrive\/\" class=\"button primary-button cta-button mobile w-inline-block\" sh-dynamic-link=\"0\">\n          <p class=\"button-text\">824 eDrive<\/p>\n        <\/a>\n      <\/div>\n    <\/div><div id=\"w-node-facbbfb5-5d7d-449d-fefa-837a71b01a5c-71b01a5a\" class=\"testimonial-card-two products\" react-key=\"\"><img decoding=\"async\" src=\"https:\/\/www.haeger.com\/es\/wp-content\/uploads\/sites\/6\/2024\/11\/824-OneTouch-5e.png\" loading=\"lazy\" width=\"Auto\" height=\"200\" alt=\"\" class=\"image-2 products\">\n      <div class=\"div-block-9 products\">\n        <h4 class=\"heading-5 news-heading\">OneTouch\u2122 5e<\/h4>\n        <p class=\"testimonial-text-two\">Este sistema de inserci\u00f3n de fijaciones combina m\u00e1xima productividad y control de procesos con una configuraci\u00f3n sencilla. La programaci\u00f3n es m\u00e1s sencilla y r\u00e1pida gracias al software Insertion Logic\u2122 con Insertion Graphics\u00ae y control estad\u00edstico de procesos integrado.<\/p>\n        <a href=\"https:\/\/www.haeger.com\/es\/products\/machines\/824-onetouch-5e\/\" class=\"button primary-button cta-button mobile w-inline-block\" sh-dynamic-link=\"0\">\n          <p class=\"button-text\">824 OneTouch 5e<\/p>\n        <\/a>\n      <\/div>\n    <\/div><div id=\"w-node-facbbfb5-5d7d-449d-fefa-837a71b01a5c-71b01a5a\" class=\"testimonial-card-two products\" react-key=\"\"><img decoding=\"async\" src=\"https:\/\/www.haeger.com\/es\/wp-content\/uploads\/sites\/6\/2024\/11\/824-OneTouch-5e-Lite.png\" loading=\"lazy\" width=\"Auto\" height=\"200\" alt=\"\" class=\"image-2 products\">\n      <div class=\"div-block-9 products\">\n        <h4 class=\"heading-5 news-heading\">OneTouch\u2122 5e LITE<\/h4>\n        <p class=\"testimonial-text-two\">La Haeger 824 OneTouch 5e LITE le ofrece todas las ventajas de la 824 WindowTouch 5e con la productividad de la 824 OneTouch 5e. Cuenta con una segunda estaci\u00f3n superior autom\u00e1tica que cambia autom\u00e1ticamente las herramientas superiores y las estaciones de inserci\u00f3n. Detecta fijaciones, as\u00ed como la longitud de los pernos y separadores, en dos estaciones.<\/p>\n        <a href=\"https:\/\/www.haeger.com\/es\/products\/machines\/824-one-touch-5e-lite\/\" class=\"button primary-button cta-button mobile w-inline-block\" sh-dynamic-link=\"0\">\n          <p class=\"button-text\">824 OneTouch 5e LITE<\/p>\n        <\/a>\n      <\/div>\n    <\/div><div id=\"w-node-facbbfb5-5d7d-449d-fefa-837a71b01a5c-71b01a5a\" class=\"testimonial-card-two products\" react-key=\"\"><img decoding=\"async\" src=\"https:\/\/www.haeger.com\/es\/wp-content\/uploads\/sites\/6\/2024\/11\/824-OneTouch-5e-WindowTouch.png\" loading=\"lazy\" width=\"Auto\" height=\"200\" alt=\"\" class=\"image-2 products\">\n      <div class=\"div-block-9 products\">\n        <h4 class=\"heading-5 news-heading\">WindowTouch\u00ae 5e<\/h4>\n        <p class=\"testimonial-text-two\">Elimine pasos que lo ralentizan, como manipular piezas varias veces, la alimentaci\u00f3n manual y la falta de sujetadores. El 824 WindowTouch 5e ofrece una configuraci\u00f3n de herramientas m\u00e1s f\u00e1cil y r\u00e1pida, adem\u00e1s de la alimentaci\u00f3n de sujetadores m\u00e1s confiable y la accesibilidad a la pieza de trabajo m\u00e1s f\u00e1cil.<\/p>\n        <a href=\"https:\/\/www.haeger.com\/es\/products\/machines\/824-window-touch-5e\/\" class=\"button primary-button cta-button mobile w-inline-block\" sh-dynamic-link=\"0\">\n          <p class=\"button-text\">824 WindowTouch 5e<\/p>\n        <\/a>\n      <\/div>\n    <\/div><div id=\"w-node-facbbfb5-5d7d-449d-fefa-837a71b01a5c-71b01a5a\" class=\"testimonial-card-two products\" react-key=\"\"><img decoding=\"async\" src=\"https:\/\/www.haeger.com\/es\/wp-content\/uploads\/sites\/6\/2024\/11\/824-OneTouch-MSPe.png\" loading=\"lazy\" width=\"Auto\" height=\"200\" alt=\"\" class=\"image-2 products\">\n      <div class=\"div-block-9 products\">\n        <h4 class=\"heading-5 news-heading\">824\u2122 MSP 5e<\/h4>\n        <p class=\"testimonial-text-two\">Obtenga 8 toneladas (72 kN) de fuerza de pist\u00f3n, 24 pulgadas de profundidad de garganta y posicionamiento de retracci\u00f3n de pist\u00f3n ajustable con la Haeger 824 MSP 5e. Esta m\u00e1quina totalmente hidr\u00e1ulica ofrece confiabilidad y eficiencia energ\u00e9tica, adem\u00e1s de nuestro sistema de seguridad patentado, sistema de protecci\u00f3n de herramientas y contador de lotes.<\/p>\n        <a href=\"https:\/\/www.haeger.com\/es\/products\/machines\/824-msp-5e\/\" class=\"button primary-button cta-button mobile w-inline-block\" sh-dynamic-link=\"0\">\n          <p class=\"button-text\">Discover 824 MSP 5e<\/p>\n        <\/a>\n      <\/div>\n    <\/div><div id=\"w-node-facbbfb5-5d7d-449d-fefa-837a71b01a5c-71b01a5a\" class=\"testimonial-card-two products\" react-key=\"\"><img decoding=\"async\" src=\"https:\/\/www.haeger.com\/es\/wp-content\/uploads\/sites\/6\/2024\/11\/618-OneTouch-MSPe.png\" loading=\"lazy\" width=\"Auto\" height=\"200\" alt=\"\" class=\"image-2 products\">\n      <div class=\"div-block-9 products\">\n        <h4 class=\"heading-5 news-heading\">618\u2122 MSP 5e<\/h4>\n        <p class=\"testimonial-text-two\">La 618 MSP 5e ofrece 6 toneladas (53 kN) de fuerza de pist\u00f3n, una profundidad de garganta de 450 mm (18&#8243;) y una posici\u00f3n de retracci\u00f3n del pist\u00f3n ajustable. Adem\u00e1s, puede confiar en la fiabilidad y la eficiencia energ\u00e9tica de una m\u00e1quina totalmente hidr\u00e1ulica que tambi\u00e9n ofrece nuestro sistema de seguridad patentado, sistema de protecci\u00f3n de herramientas y contador de lotes.<\/p>\n        <a href=\"https:\/\/www.haeger.com\/es\/products\/machines\/618-msp-5e\/\" class=\"button primary-button cta-button mobile w-inline-block\" sh-dynamic-link=\"0\">\n          <p class=\"button-text\">Discover 618 MSP 5e<\/p>\n        <\/a>\n      <\/div>\n    <\/div><div id=\"w-node-facbbfb5-5d7d-449d-fefa-837a71b01a5c-71b01a5a\" class=\"testimonial-card-two products\" react-key=\"\"><img decoding=\"async\" src=\"https:\/\/www.haeger.com\/es\/wp-content\/uploads\/sites\/6\/2024\/11\/pemserter2.png\" loading=\"lazy\" width=\"Auto\" height=\"200\" alt=\"\" class=\"image-2 products\">\n      <div class=\"div-block-9 products\">\n        <h4 class=\"heading-5 news-heading\">PEMSERTER\u00ae Series 4\u00ae Model M<\/h4>\n        <p class=\"testimonial-text-two\">La PEMSERTER Serie 4 es una m\u00e1quina neum\u00e1tica que ofrece 6 toneladas de fuerza de instalaci\u00f3n y una gran profundidad de garganta de 45,7 cm (18&#8243;). Adem\u00e1s, proporciona consistencia, un funcionamiento sencillo y ciclos cortos para una mayor productividad. Funciona \u00fanicamente con aire comprimido.<\/p>\n        <a href=\"https:\/\/www.haeger.com\/es\/products\/machines\/pemserter-series-4-model-m\/\" class=\"button primary-button cta-button mobile w-inline-block\" sh-dynamic-link=\"0\">\n          <p class=\"button-text\">PEMSERTER Series 4<\/p>\n        <\/a>\n      <\/div>\n    <\/div><\/div>\n<\/section>\n\n\n\n<div class=\"wp-block-sh-blocks-cta w-layout-blockcontainer cta-section w-container\" sh-section=\"CTA\"><div class=\"overlay\"><\/div><div class=\"subpage-hero-heading-div\"><h2 class=\"style-guide__typography--heading cta-heading\">ENCUENTRA LAS HERRAMIENTAS<br>PARA TU APLICACI\u00d3N.<\/h2><a href=\"\/tooling-wizard\/\" class=\"button primary-button cta-button w-inline-block\"><p class=\"button-text\">Conectarse al asistente<\/p><\/a><\/div><\/div>\n","protected":false},"excerpt":{"rendered":"","protected":false},"author":1,"featured_media":0,"parent":0,"menu_order":0,"comment_status":"closed","ping_status":"closed","template":"","meta":{"_acf_changed":false,"footnotes":""},"class_list":["post-196","page","type-page","status-publish","hentry"],"acf":false,"yoast_head":"<title>Machines | Insertion Machine | Haeger USA<\/title>\n<meta name=\"description\" content=\"Haeger machines and PEM fasteners deliver precise, automated fastener installation.\" \/>\n<meta name=\"robots\" content=\"index, follow, max-snippet:-1, max-image-preview:large, max-video-preview:-1\" \/>\n<link rel=\"canonical\" href=\"https:\/\/www.haeger.com\/es\/products\/machines\/\" \/>\n<meta property=\"og:locale\" content=\"en_US\" \/>\n<meta property=\"og:type\" content=\"article\" \/>\n<meta property=\"og:title\" content=\"Machines | Insertion Machine | Haeger USA\" \/>\n<meta property=\"og:description\" content=\"Haeger machines and PEM fasteners deliver precise, automated fastener installation.\" \/>\n<meta property=\"og:url\" content=\"https:\/\/www.haeger.com\/es\/products\/machines\/\" \/>\n<meta property=\"og:site_name\" content=\"Haeger (ES)\" \/>\n<meta property=\"article:modified_time\" content=\"2025-10-23T10:40:45+00:00\" \/>\n<meta name=\"twitter:card\" content=\"summary_large_image\" \/>\n<meta name=\"twitter:label1\" content=\"Est. reading time\" \/>\n\t<meta name=\"twitter:data1\" content=\"1 minute\" \/>\n<script type=\"application\/ld+json\" class=\"yoast-schema-graph\">{\"@context\":\"https:\/\/schema.org\",\"@graph\":[{\"@type\":\"WebPage\",\"@id\":\"https:\/\/www.haeger.com\/es\/products\/machines\/\",\"url\":\"https:\/\/www.haeger.com\/es\/products\/machines\/\",\"name\":\"Machines | Insertion Machine | Haeger USA\",\"isPartOf\":{\"@id\":\"https:\/\/www.haeger.com\/es\/#website\"},\"datePublished\":\"2024-12-12T16:21:05+00:00\",\"dateModified\":\"2025-10-23T10:40:45+00:00\",\"description\":\"Haeger machines and PEM fasteners deliver precise, automated fastener installation.\",\"breadcrumb\":{\"@id\":\"https:\/\/www.haeger.com\/es\/products\/machines\/#breadcrumb\"},\"inLanguage\":\"en-US\",\"potentialAction\":[{\"@type\":\"ReadAction\",\"target\":[\"https:\/\/www.haeger.com\/es\/products\/machines\/\"]}]},{\"@type\":\"BreadcrumbList\",\"@id\":\"https:\/\/www.haeger.com\/es\/products\/machines\/#breadcrumb\",\"itemListElement\":[{\"@type\":\"ListItem\",\"position\":1,\"name\":\"Home\",\"item\":\"https:\/\/www.haeger.com\/es\/\"},{\"@type\":\"ListItem\",\"position\":2,\"name\":\"Machines\"}]},{\"@type\":\"WebSite\",\"@id\":\"https:\/\/www.haeger.com\/es\/#website\",\"url\":\"https:\/\/www.haeger.com\/es\/\",\"name\":\"Haeger (ES)\",\"description\":\"\",\"potentialAction\":[{\"@type\":\"SearchAction\",\"target\":{\"@type\":\"EntryPoint\",\"urlTemplate\":\"https:\/\/www.haeger.com\/es\/?s={search_term_string}\"},\"query-input\":{\"@type\":\"PropertyValueSpecification\",\"valueRequired\":true,\"valueName\":\"search_term_string\"}}],\"inLanguage\":\"en-US\"}]}<\/script>","yoast_head_json":{"title":"Machines | Insertion Machine | Haeger USA","description":"Haeger machines and PEM fasteners deliver precise, automated fastener installation.","robots":{"index":"index","follow":"follow","max-snippet":"max-snippet:-1","max-image-preview":"max-image-preview:large","max-video-preview":"max-video-preview:-1"},"canonical":"https:\/\/www.haeger.com\/es\/products\/machines\/","og_locale":"en_US","og_type":"article","og_title":"Machines | Insertion Machine | Haeger USA","og_description":"Haeger machines and PEM fasteners deliver precise, automated fastener installation.","og_url":"https:\/\/www.haeger.com\/es\/products\/machines\/","og_site_name":"Haeger (ES)","article_modified_time":"2025-10-23T10:40:45+00:00","twitter_card":"summary_large_image","twitter_misc":{"Est. reading time":"1 minute"},"schema":{"@context":"https:\/\/schema.org","@graph":[{"@type":"WebPage","@id":"https:\/\/www.haeger.com\/es\/products\/machines\/","url":"https:\/\/www.haeger.com\/es\/products\/machines\/","name":"Machines | Insertion Machine | Haeger USA","isPartOf":{"@id":"https:\/\/www.haeger.com\/es\/#website"},"datePublished":"2024-12-12T16:21:05+00:00","dateModified":"2025-10-23T10:40:45+00:00","description":"Haeger machines and PEM fasteners deliver precise, automated fastener installation.","breadcrumb":{"@id":"https:\/\/www.haeger.com\/es\/products\/machines\/#breadcrumb"},"inLanguage":"en-US","potentialAction":[{"@type":"ReadAction","target":["https:\/\/www.haeger.com\/es\/products\/machines\/"]}]},{"@type":"BreadcrumbList","@id":"https:\/\/www.haeger.com\/es\/products\/machines\/#breadcrumb","itemListElement":[{"@type":"ListItem","position":1,"name":"Home","item":"https:\/\/www.haeger.com\/es\/"},{"@type":"ListItem","position":2,"name":"Machines"}]},{"@type":"WebSite","@id":"https:\/\/www.haeger.com\/es\/#website","url":"https:\/\/www.haeger.com\/es\/","name":"Haeger (ES)","description":"","potentialAction":[{"@type":"SearchAction","target":{"@type":"EntryPoint","urlTemplate":"https:\/\/www.haeger.com\/es\/?s={search_term_string}"},"query-input":{"@type":"PropertyValueSpecification","valueRequired":true,"valueName":"search_term_string"}}],"inLanguage":"en-US"}]}},"acf_fields":[],"_links":{"self":[{"href":"https:\/\/www.haeger.com\/es\/wp-json\/wp\/v2\/pages\/196","targetHints":{"allow":["GET"]}}],"collection":[{"href":"https:\/\/www.haeger.com\/es\/wp-json\/wp\/v2\/pages"}],"about":[{"href":"https:\/\/www.haeger.com\/es\/wp-json\/wp\/v2\/types\/page"}],"author":[{"embeddable":true,"href":"https:\/\/www.haeger.com\/es\/wp-json\/wp\/v2\/users\/1"}],"replies":[{"embeddable":true,"href":"https:\/\/www.haeger.com\/es\/wp-json\/wp\/v2\/comments?post=196"}],"version-history":[{"count":34,"href":"https:\/\/www.haeger.com\/es\/wp-json\/wp\/v2\/pages\/196\/revisions"}],"predecessor-version":[{"id":5853,"href":"https:\/\/www.haeger.com\/es\/wp-json\/wp\/v2\/pages\/196\/revisions\/5853"}],"wp:attachment":[{"href":"https:\/\/www.haeger.com\/es\/wp-json\/wp\/v2\/media?parent=196"}],"curies":[{"name":"wp","href":"https:\/\/api.w.org\/{rel}","templated":true}]}}