{"id":165,"date":"2024-12-10T19:58:57","date_gmt":"2024-12-10T19:58:57","guid":{"rendered":"https:\/\/dev-haeger25.pantheonsite.io\/?page_id=165"},"modified":"2025-11-04T11:22:57","modified_gmt":"2025-11-04T11:22:57","slug":"services","status":"publish","type":"page","link":"https:\/\/www.haeger.com\/es\/services\/","title":{"rendered":"Services"},"content":{"rendered":"\n<div class=\"wp-block-sh-blocks-subpage-hero-with-subtext w-layout-blockcontainer subpage-hero w-container\" style=\"background-image:url(https:\/\/www.haeger.com\/es\/wp-content\/uploads\/2025\/01\/ServicesHero.jpg)\"><div class=\"subpage-hero-heading-div\"><h1 class=\"style-guide__typography--heading subpage-hero-heading\">ServicIOS<\/h1><h2 class=\"heading-3 sub-heading-hero\">Tener una de nuestras m\u00e1quinas viene acompa\u00f1ado de un soporte de clase mundial.<\/h2><\/div><div class=\"hero-overlay\"><\/div><\/div>\n\n\n\n<section class=\"wp-block-sh-blocks-blurb-no-button blurb-container\" sh-section=\"Blurb No Button\"><div class=\"blurb-items\"><p class=\"blurb-paragraph no-padding\">Haeger<sup>\u00ae<\/sup> ofrece una gama completa de servicios para cubrir tus necesidades, desde las m\u00e1s simples hasta las m\u00e1s complejas. Ya sea con procedimientos est\u00e1ndar, herramientas personalizadas o nuestro programa integral HaegerCare\u2122, nuestro soporte marca la diferencia en tu experiencia con una m\u00e1quina Haeger.<\/p><\/div><\/section>\n\n\n<section sh-section=\"Dynamic Blocks\" class=\"image-blocks services\">\n      <div class=\"testimonial-grid-two services\">\n        <div id=\"w-node-_7ae27a10-2f0d-651c-f4be-aa90afd5b013-afd5b011\" class=\"testimonial-card-two\" react-key=\"\"><img decoding=\"async\" src=\"https:\/\/www.haeger.com\/es\/wp-content\/uploads\/sites\/6\/2024\/12\/Penn-Candids-BCP-2024-49.jpg\" loading=\"lazy\" width=\"Auto\" height=\"200\" alt=\"\" class=\"image-2 services no-border\">\n          <div class=\"div-block-9\">\n            <h4 class=\"heading-5 news-heading\">COTIZACI\u00d3N DE HERRAMIENTAS PERSONALIZADAS<\/h4>\n            <h4 class=\"heading-6 blog-author blue\"><\/h4>\n            <p class=\"testimonial-text-two\">Obtenga herramientas personalizadas de calidad para sujetadores especialmente desarrollados de manera oportuna.<\/p>\n            <a href=\"https:\/\/www.haeger.com\/es\/our-services\/custom-tooling-quote\/\" class=\"button w175 darkhover w-button\" sh-dynamic-link=\"0\">M\u00e1s informaci\u00f3n<\/a>\n          <\/div>\n        <\/div><div id=\"w-node-_7ae27a10-2f0d-651c-f4be-aa90afd5b013-afd5b011\" class=\"testimonial-card-two\" react-key=\"\"><img decoding=\"async\" src=\"https:\/\/www.haeger.com\/es\/wp-content\/uploads\/sites\/6\/2024\/12\/Penn-Portraits-2024-BCP-33.jpg\" loading=\"lazy\" width=\"Auto\" height=\"200\" alt=\"\" class=\"image-2 services no-border\">\n          <div class=\"div-block-9\">\n            <h4 class=\"heading-5 news-heading\">HaegerCare\u2122<\/h4>\n            <h4 class=\"heading-6 blog-author blue\"><\/h4>\n            <p class=\"testimonial-text-two\">Este programa integral cubre todos los aspectos de su experiencia como propietario de una m\u00e1quina.<\/p>\n            <a href=\"https:\/\/www.haeger.com\/es\/our-services\/haegercare\/\" class=\"button w175 darkhover w-button\" sh-dynamic-link=\"0\">M\u00e1s informaci\u00f3n<\/a>\n          <\/div>\n        <\/div><div id=\"w-node-_7ae27a10-2f0d-651c-f4be-aa90afd5b013-afd5b011\" class=\"testimonial-card-two\" react-key=\"\"><img decoding=\"async\" src=\"https:\/\/www.haeger.com\/es\/wp-content\/uploads\/sites\/6\/2024\/12\/Penn-Portraits-2024-BCP-122.jpg\" loading=\"lazy\" width=\"Auto\" height=\"200\" alt=\"\" class=\"image-2 services no-border\">\n          <div class=\"div-block-9\">\n            <h4 class=\"heading-5 news-heading\">PROCEDIMIENTOS DE SERVICIO<\/h4>\n            <h4 class=\"heading-6 blog-author blue\"><\/h4>\n            <p class=\"testimonial-text-two\">Busque por m\u00e1quina manuales, folletos, diagramas y otra informaci\u00f3n.<\/p>\n            <a href=\"https:\/\/www.haeger.com\/es\/our-services\/service-procedures\/\" class=\"button w175 darkhover w-button\" sh-dynamic-link=\"0\">M\u00e1s informaci\u00f3n<\/a>\n          <\/div>\n        <\/div><div id=\"w-node-_7ae27a10-2f0d-651c-f4be-aa90afd5b013-afd5b011\" class=\"testimonial-card-two\" react-key=\"\"><img decoding=\"async\" src=\"https:\/\/www.haeger.com\/es\/wp-content\/uploads\/sites\/6\/2024\/12\/PENN-PROCESSED-02088.jpg\" loading=\"lazy\" width=\"Auto\" height=\"200\" alt=\"\" class=\"image-2 services no-border\">\n          <div class=\"div-block-9\">\n            <h4 class=\"heading-5 news-heading\">SOLICITAR RMA<\/h4>\n            <h4 class=\"heading-6 blog-author blue\"><\/h4>\n            <p class=\"testimonial-text-two\">Comienza con un clic.<\/p>\n            <a href=\"https:\/\/www.haeger.com\/es\/our-services\/request-rma\/\" class=\"button w175 darkhover w-button\" sh-dynamic-link=\"0\">M\u00e1s informaci\u00f3n<\/a>\n          <\/div>\n        <\/div><div id=\"w-node-_7ae27a10-2f0d-651c-f4be-aa90afd5b013-afd5b011\" class=\"testimonial-card-two\" react-key=\"\"><img decoding=\"async\" src=\"https:\/\/www.haeger.com\/es\/wp-content\/uploads\/sites\/6\/2024\/12\/Penn-Portraits-2024-BCP-259.jpg\" loading=\"lazy\" width=\"Auto\" height=\"200\" alt=\"\" class=\"image-2 services no-border\">\n          <div class=\"div-block-9\">\n            <h4 class=\"heading-5 news-heading\">SOLICITUD DE SERVICIO<\/h4>\n            <h4 class=\"heading-6 blog-author blue\"><\/h4>\n            <p class=\"testimonial-text-two\">Concierte una visita a su ubicaci\u00f3n para reparaci\u00f3n o servicio de su m\u00e1quina.<\/p>\n            <a href=\"https:\/\/www.haeger.com\/es\/our-services\/service-request\/\" class=\"button w175 darkhover w-button\" sh-dynamic-link=\"0\">M\u00e1s informaci\u00f3n<\/a>\n          <\/div>\n        <\/div><div id=\"w-node-_7ae27a10-2f0d-651c-f4be-aa90afd5b013-afd5b011\" class=\"testimonial-card-two\" react-key=\"\"><img decoding=\"async\" src=\"https:\/\/www.haeger.com\/es\/wp-content\/uploads\/sites\/6\/2024\/12\/Penn-Portraits-2024-BCP-75.jpg\" loading=\"lazy\" width=\"Auto\" height=\"200\" alt=\"\" class=\"image-2 services no-border\">\n          <div class=\"div-block-9\">\n            <h4 class=\"heading-5 news-heading\">SOLICITUD DE VENTA<\/h4>\n            <h4 class=\"heading-6 blog-author blue\"><\/h4>\n            <p class=\"testimonial-text-two\">Contacte con un representante para obtener informaci\u00f3n sobre m\u00e1quinas, herramientas o sujetadores PEM\u00ae.<\/p>\n            <a href=\"https:\/\/www.haeger.com\/es\/our-services\/sales-request\/\" class=\"button w175 darkhover w-button\" sh-dynamic-link=\"0\">M\u00e1s informaci\u00f3n<\/a>\n          <\/div>\n        <\/div><\/div>\n    <\/section>\n\n\n\n<div class=\"wp-block-sh-blocks-cta w-layout-blockcontainer cta-section w-container\" sh-section=\"CTA\"><div class=\"overlay\"><\/div><div class=\"subpage-hero-heading-div\"><h2 class=\"style-guide__typography--heading cta-heading\">SU SOLUCI\u00d3N DE HERRAMIENTAS IDEAL EST\u00c1 A UN CLIC DE DISTANCIA.<\/h2><a href=\"\/tooling-wizard\/\" class=\"button primary-button cta-button w-inline-block\"><p class=\"button-text\">PRU\u00c9BALO AQU\u00cd<\/p><\/a><\/div><\/div>\n","protected":false},"excerpt":{"rendered":"","protected":false},"author":1,"featured_media":0,"parent":0,"menu_order":0,"comment_status":"closed","ping_status":"closed","template":"","meta":{"_acf_changed":false,"footnotes":""},"class_list":["post-165","page","type-page","status-publish","hentry"],"acf":false,"yoast_head":"<title>Services | Haeger USA<\/title>\n<meta name=\"description\" content=\"With Haeger&#039;s services, including custom tooling, standard procedures, and our HaegerCare\u2122 program\u2014designed to meet all your machine needs.\" \/>\n<meta name=\"robots\" content=\"index, follow, max-snippet:-1, max-image-preview:large, max-video-preview:-1\" \/>\n<link rel=\"canonical\" href=\"https:\/\/www.haeger.com\/es\/services\/\" \/>\n<meta property=\"og:locale\" content=\"en_US\" \/>\n<meta property=\"og:type\" content=\"article\" \/>\n<meta property=\"og:title\" content=\"Services | Haeger USA\" \/>\n<meta property=\"og:description\" content=\"With Haeger&#039;s services, including custom tooling, standard procedures, and our HaegerCare\u2122 program\u2014designed to meet all your machine needs.\" \/>\n<meta property=\"og:url\" content=\"https:\/\/www.haeger.com\/es\/services\/\" \/>\n<meta property=\"og:site_name\" content=\"Haeger (ES)\" \/>\n<meta property=\"article:modified_time\" content=\"2025-11-04T11:22:57+00:00\" \/>\n<meta name=\"twitter:card\" content=\"summary_large_image\" \/>\n<script type=\"application\/ld+json\" class=\"yoast-schema-graph\">{\"@context\":\"https:\/\/schema.org\",\"@graph\":[{\"@type\":\"WebPage\",\"@id\":\"https:\/\/www.haeger.com\/es\/services\/\",\"url\":\"https:\/\/www.haeger.com\/es\/services\/\",\"name\":\"Services | Haeger USA\",\"isPartOf\":{\"@id\":\"https:\/\/www.haeger.com\/es\/#website\"},\"datePublished\":\"2024-12-10T19:58:57+00:00\",\"dateModified\":\"2025-11-04T11:22:57+00:00\",\"description\":\"With Haeger's services, including custom tooling, standard procedures, and our HaegerCare\u2122 program\u2014designed to meet all your machine needs.\",\"breadcrumb\":{\"@id\":\"https:\/\/www.haeger.com\/es\/services\/#breadcrumb\"},\"inLanguage\":\"en-US\",\"potentialAction\":[{\"@type\":\"ReadAction\",\"target\":[\"https:\/\/www.haeger.com\/es\/services\/\"]}]},{\"@type\":\"BreadcrumbList\",\"@id\":\"https:\/\/www.haeger.com\/es\/services\/#breadcrumb\",\"itemListElement\":[{\"@type\":\"ListItem\",\"position\":1,\"name\":\"Home\",\"item\":\"https:\/\/www.haeger.com\/es\/\"},{\"@type\":\"ListItem\",\"position\":2,\"name\":\"Services\"}]},{\"@type\":\"WebSite\",\"@id\":\"https:\/\/www.haeger.com\/es\/#website\",\"url\":\"https:\/\/www.haeger.com\/es\/\",\"name\":\"Haeger (ES)\",\"description\":\"\",\"potentialAction\":[{\"@type\":\"SearchAction\",\"target\":{\"@type\":\"EntryPoint\",\"urlTemplate\":\"https:\/\/www.haeger.com\/es\/?s={search_term_string}\"},\"query-input\":{\"@type\":\"PropertyValueSpecification\",\"valueRequired\":true,\"valueName\":\"search_term_string\"}}],\"inLanguage\":\"en-US\"}]}<\/script>","yoast_head_json":{"title":"Services | Haeger USA","description":"With Haeger's services, including custom tooling, standard procedures, and our HaegerCare\u2122 program\u2014designed to meet all your machine needs.","robots":{"index":"index","follow":"follow","max-snippet":"max-snippet:-1","max-image-preview":"max-image-preview:large","max-video-preview":"max-video-preview:-1"},"canonical":"https:\/\/www.haeger.com\/es\/services\/","og_locale":"en_US","og_type":"article","og_title":"Services | Haeger USA","og_description":"With Haeger's services, including custom tooling, standard procedures, and our HaegerCare\u2122 program\u2014designed to meet all your machine needs.","og_url":"https:\/\/www.haeger.com\/es\/services\/","og_site_name":"Haeger (ES)","article_modified_time":"2025-11-04T11:22:57+00:00","twitter_card":"summary_large_image","schema":{"@context":"https:\/\/schema.org","@graph":[{"@type":"WebPage","@id":"https:\/\/www.haeger.com\/es\/services\/","url":"https:\/\/www.haeger.com\/es\/services\/","name":"Services | Haeger USA","isPartOf":{"@id":"https:\/\/www.haeger.com\/es\/#website"},"datePublished":"2024-12-10T19:58:57+00:00","dateModified":"2025-11-04T11:22:57+00:00","description":"With Haeger's services, including custom tooling, standard procedures, and our HaegerCare\u2122 program\u2014designed to meet all your machine needs.","breadcrumb":{"@id":"https:\/\/www.haeger.com\/es\/services\/#breadcrumb"},"inLanguage":"en-US","potentialAction":[{"@type":"ReadAction","target":["https:\/\/www.haeger.com\/es\/services\/"]}]},{"@type":"BreadcrumbList","@id":"https:\/\/www.haeger.com\/es\/services\/#breadcrumb","itemListElement":[{"@type":"ListItem","position":1,"name":"Home","item":"https:\/\/www.haeger.com\/es\/"},{"@type":"ListItem","position":2,"name":"Services"}]},{"@type":"WebSite","@id":"https:\/\/www.haeger.com\/es\/#website","url":"https:\/\/www.haeger.com\/es\/","name":"Haeger (ES)","description":"","potentialAction":[{"@type":"SearchAction","target":{"@type":"EntryPoint","urlTemplate":"https:\/\/www.haeger.com\/es\/?s={search_term_string}"},"query-input":{"@type":"PropertyValueSpecification","valueRequired":true,"valueName":"search_term_string"}}],"inLanguage":"en-US"}]}},"acf_fields":[],"_links":{"self":[{"href":"https:\/\/www.haeger.com\/es\/wp-json\/wp\/v2\/pages\/165","targetHints":{"allow":["GET"]}}],"collection":[{"href":"https:\/\/www.haeger.com\/es\/wp-json\/wp\/v2\/pages"}],"about":[{"href":"https:\/\/www.haeger.com\/es\/wp-json\/wp\/v2\/types\/page"}],"author":[{"embeddable":true,"href":"https:\/\/www.haeger.com\/es\/wp-json\/wp\/v2\/users\/1"}],"replies":[{"embeddable":true,"href":"https:\/\/www.haeger.com\/es\/wp-json\/wp\/v2\/comments?post=165"}],"version-history":[{"count":25,"href":"https:\/\/www.haeger.com\/es\/wp-json\/wp\/v2\/pages\/165\/revisions"}],"predecessor-version":[{"id":5889,"href":"https:\/\/www.haeger.com\/es\/wp-json\/wp\/v2\/pages\/165\/revisions\/5889"}],"wp:attachment":[{"href":"https:\/\/www.haeger.com\/es\/wp-json\/wp\/v2\/media?parent=165"}],"curies":[{"name":"wp","href":"https:\/\/api.w.org\/{rel}","templated":true}]}}