{"id":154,"date":"2024-12-10T16:09:54","date_gmt":"2024-12-10T16:09:54","guid":{"rendered":"https:\/\/dev-haeger25.pantheonsite.io\/?page_id=154"},"modified":"2025-10-27T12:34:05","modified_gmt":"2025-10-27T12:34:05","slug":"why-haeger","status":"publish","type":"page","link":"https:\/\/www.haeger.com\/es\/about-us\/why-haeger\/","title":{"rendered":"Why Haeger"},"content":{"rendered":"\n<div class=\"wp-block-sh-blocks-subpage-hero-with-subtext w-layout-blockcontainer subpage-hero w-container\" style=\"background-image:url(https:\/\/www.haeger.com\/es\/wp-content\/uploads\/2025\/01\/Group-818.jpg)\"><div class=\"subpage-hero-heading-div\"><h1 class=\"style-guide__typography--heading subpage-hero-heading\"><strong>\u00bfPor qu\u00e9 Haeger\u00ae?<\/strong><\/h1><h2 class=\"heading-3 sub-heading-hero\">Las mismas cualidades que nos hacen un buen socio, nos hacen tambi\u00e9n un gran lugar para trabajar.<\/h2><\/div><div class=\"hero-overlay\"><\/div><\/div>\n\n\n\n<section class=\"wp-block-sh-blocks-blurb-no-button blurb-container\" sh-section=\"Blurb No Button\"><div class=\"blurb-items\"><p class=\"blurb-paragraph no-padding\">Haeger es el l\u00edder mundial en el desarrollo y fabricaci\u00f3n de tecnolog\u00eda y maquinaria para la inserci\u00f3n de insertos. Sigue leyendo para descubrir qu\u00e9 distingue a nuestra empresa y a nuestras oportunidades laborales.<\/p><\/div><\/section>\n\n\n\n<section sh-section=\"Info Blocks\" class=\"wp-block-sh-blocks-info-blocks image-blocks blog-posts\"><div class=\"testimonial-grid-two services\"><div id=\"w-node-0\" class=\"testimonial-card-two\"><img decoding=\"async\" src=\"https:\/\/www.haeger.com\/es\/wp-content\/uploads\/2025\/01\/SSnew.png\" alt=\"SOLUCIONES DE SISTEMA\" class=\"image-2 services\" loading=\"lazy\" style=\"width:auto;height:200px;cursor:pointer\"\/><div class=\"div-block-9\"><h4 class=\"heading-5 news-heading\">SOLUCIONES DE SISTEMA<\/h4><p class=\"testimonial-text-two\">Haeger y PEM\u00ae hacen que la inserci\u00f3n de insertos sea correcta desde el inicio.<\/p><\/div><\/div><div id=\"w-node-1\" class=\"testimonial-card-two\"><img decoding=\"async\" src=\"https:\/\/www.haeger.com\/es\/wp-content\/uploads\/2025\/01\/safetynew.png\" alt=\"SEGURIDAD\" class=\"image-2 services\" loading=\"lazy\" style=\"width:auto;height:200px;cursor:pointer\"\/><div class=\"div-block-9\"><h4 class=\"heading-5 news-heading\">SEGURIDAD<\/h4><p class=\"testimonial-text-two\">Sistemas avanzados e integrados protegen a los operadores.<\/p><\/div><\/div><div id=\"w-node-2\" class=\"testimonial-card-two\"><img decoding=\"async\" src=\"https:\/\/www.haeger.com\/es\/wp-content\/uploads\/2025\/01\/servicenew.png\" alt=\"SERVICIO\" class=\"image-2 services\" loading=\"lazy\" style=\"width:auto;height:200px;cursor:pointer\"\/><div class=\"div-block-9\"><h4 class=\"heading-5 news-heading\">SERVICIO<\/h4><p class=\"testimonial-text-two\">HaegerCare\u2122 optimiza la experiencia de tener una m\u00e1quina Haeger.<\/p><\/div><\/div><div id=\"w-node-3\" class=\"testimonial-card-two\"><img decoding=\"async\" src=\"https:\/\/www.haeger.com\/es\/wp-content\/uploads\/2025\/01\/speednew.png\" alt=\"VELOCIDAD\" class=\"image-2 services\" loading=\"lazy\" style=\"width:auto;height:200px;cursor:pointer\"\/><div class=\"div-block-9\"><h4 class=\"heading-5 news-heading\">VELOCIDAD<\/h4><p class=\"testimonial-text-two\">Soluciones que pueden aumentar la productividad hasta en un 50%.<\/p><\/div><\/div><div id=\"w-node-4\" class=\"testimonial-card-two\"><img decoding=\"async\" src=\"https:\/\/www.haeger.com\/es\/wp-content\/uploads\/2025\/01\/automationnew.png\" alt=\"AUTOMATIZACI\u00d3N\" class=\"image-2 services\" loading=\"lazy\" style=\"width:auto;height:200px;cursor:pointer\"\/><div class=\"div-block-9\"><h4 class=\"heading-5 news-heading\">AUTOMATIZACI\u00d3N<\/h4><p class=\"testimonial-text-two\">M\u00e1quinas que se integran con la Industria 4.0 para mantener a nuestros clientes preparados para lo que viene.<\/p><\/div><\/div><div id=\"w-node-5\" class=\"testimonial-card-two\"><img decoding=\"async\" src=\"https:\/\/www.haeger.com\/es\/wp-content\/uploads\/2025\/01\/innovationnew.png\" alt=\"INNOVACI\u00d3N\" class=\"image-2 services\" loading=\"lazy\" style=\"width:auto;height:200px;cursor:pointer\"\/><div class=\"div-block-9\"><h4 class=\"heading-5 news-heading\">INNOVACI\u00d3N<\/h4><p class=\"testimonial-text-two\">Aprovechamos la tecnolog\u00eda global de formas que benefician a nuestros clientes locales.<\/p><\/div><\/div><\/div><\/section>\n","protected":false},"excerpt":{"rendered":"","protected":false},"author":1,"featured_media":0,"parent":513,"menu_order":0,"comment_status":"closed","ping_status":"closed","template":"","meta":{"_acf_changed":false,"footnotes":""},"class_list":["post-154","page","type-page","status-publish","hentry"],"acf":false,"yoast_head":"<title>Why Haeger | Haeger Machines | Haeger USA<\/title>\n<meta name=\"description\" content=\"Haeger leads the fastener insertion industry with innovative machines for PEM fasteners, delivering efficient, reliable solutions and boost productivity.\" \/>\n<meta name=\"robots\" content=\"index, follow, max-snippet:-1, max-image-preview:large, max-video-preview:-1\" \/>\n<link rel=\"canonical\" href=\"https:\/\/www.haeger.com\/es\/about-us\/why-haeger\/\" \/>\n<meta property=\"og:locale\" content=\"en_US\" \/>\n<meta property=\"og:type\" content=\"article\" \/>\n<meta property=\"og:title\" content=\"Why Haeger | Haeger Machines | Haeger USA\" \/>\n<meta property=\"og:description\" content=\"Haeger leads the fastener insertion industry with innovative machines for PEM fasteners, delivering efficient, reliable solutions and boost productivity.\" \/>\n<meta property=\"og:url\" content=\"https:\/\/www.haeger.com\/es\/about-us\/why-haeger\/\" \/>\n<meta property=\"og:site_name\" content=\"Haeger (ES)\" \/>\n<meta property=\"article:modified_time\" content=\"2025-10-27T12:34:05+00:00\" \/>\n<meta property=\"og:image\" content=\"https:\/\/www.haeger.com\/es\/wp-content\/uploads\/2025\/01\/SSnew.png\" \/>\n<meta name=\"twitter:card\" content=\"summary_large_image\" \/>\n<script type=\"application\/ld+json\" class=\"yoast-schema-graph\">{\"@context\":\"https:\/\/schema.org\",\"@graph\":[{\"@type\":\"WebPage\",\"@id\":\"https:\/\/www.haeger.com\/es\/about-us\/why-haeger\/\",\"url\":\"https:\/\/www.haeger.com\/es\/about-us\/why-haeger\/\",\"name\":\"Why Haeger | Haeger Machines | Haeger USA\",\"isPartOf\":{\"@id\":\"https:\/\/www.haeger.com\/es\/#website\"},\"primaryImageOfPage\":{\"@id\":\"https:\/\/www.haeger.com\/es\/about-us\/why-haeger\/#primaryimage\"},\"image\":{\"@id\":\"https:\/\/www.haeger.com\/es\/about-us\/why-haeger\/#primaryimage\"},\"thumbnailUrl\":\"https:\/\/www.haeger.com\/es\/wp-content\/uploads\/2025\/01\/SSnew.png\",\"datePublished\":\"2024-12-10T16:09:54+00:00\",\"dateModified\":\"2025-10-27T12:34:05+00:00\",\"description\":\"Haeger leads the fastener insertion industry with innovative machines for PEM fasteners, delivering efficient, reliable solutions and boost productivity.\",\"breadcrumb\":{\"@id\":\"https:\/\/www.haeger.com\/es\/about-us\/why-haeger\/#breadcrumb\"},\"inLanguage\":\"en-US\",\"potentialAction\":[{\"@type\":\"ReadAction\",\"target\":[\"https:\/\/www.haeger.com\/es\/about-us\/why-haeger\/\"]}]},{\"@type\":\"ImageObject\",\"inLanguage\":\"en-US\",\"@id\":\"https:\/\/www.haeger.com\/es\/about-us\/why-haeger\/#primaryimage\",\"url\":\"https:\/\/www.haeger.com\/es\/wp-content\/uploads\/2025\/01\/SSnew.png\",\"contentUrl\":\"https:\/\/www.haeger.com\/es\/wp-content\/uploads\/2025\/01\/SSnew.png\"},{\"@type\":\"BreadcrumbList\",\"@id\":\"https:\/\/www.haeger.com\/es\/about-us\/why-haeger\/#breadcrumb\",\"itemListElement\":[{\"@type\":\"ListItem\",\"position\":1,\"name\":\"Home\",\"item\":\"https:\/\/www.haeger.com\/es\/\"},{\"@type\":\"ListItem\",\"position\":2,\"name\":\"About Us\",\"item\":\"https:\/\/www.haeger.com\/es\/about-us\/\"},{\"@type\":\"ListItem\",\"position\":3,\"name\":\"Why Haeger\"}]},{\"@type\":\"WebSite\",\"@id\":\"https:\/\/www.haeger.com\/es\/#website\",\"url\":\"https:\/\/www.haeger.com\/es\/\",\"name\":\"Haeger (ES)\",\"description\":\"\",\"potentialAction\":[{\"@type\":\"SearchAction\",\"target\":{\"@type\":\"EntryPoint\",\"urlTemplate\":\"https:\/\/www.haeger.com\/es\/?s={search_term_string}\"},\"query-input\":{\"@type\":\"PropertyValueSpecification\",\"valueRequired\":true,\"valueName\":\"search_term_string\"}}],\"inLanguage\":\"en-US\"}]}<\/script>","yoast_head_json":{"title":"Why Haeger | Haeger Machines | Haeger USA","description":"Haeger leads the fastener insertion industry with innovative machines for PEM fasteners, delivering efficient, reliable solutions and boost productivity.","robots":{"index":"index","follow":"follow","max-snippet":"max-snippet:-1","max-image-preview":"max-image-preview:large","max-video-preview":"max-video-preview:-1"},"canonical":"https:\/\/www.haeger.com\/es\/about-us\/why-haeger\/","og_locale":"en_US","og_type":"article","og_title":"Why Haeger | Haeger Machines | Haeger USA","og_description":"Haeger leads the fastener insertion industry with innovative machines for PEM fasteners, delivering efficient, reliable solutions and boost productivity.","og_url":"https:\/\/www.haeger.com\/es\/about-us\/why-haeger\/","og_site_name":"Haeger (ES)","article_modified_time":"2025-10-27T12:34:05+00:00","og_image":[{"url":"https:\/\/www.haeger.com\/es\/wp-content\/uploads\/2025\/01\/SSnew.png","type":"","width":"","height":""}],"twitter_card":"summary_large_image","schema":{"@context":"https:\/\/schema.org","@graph":[{"@type":"WebPage","@id":"https:\/\/www.haeger.com\/es\/about-us\/why-haeger\/","url":"https:\/\/www.haeger.com\/es\/about-us\/why-haeger\/","name":"Why Haeger | Haeger Machines | Haeger USA","isPartOf":{"@id":"https:\/\/www.haeger.com\/es\/#website"},"primaryImageOfPage":{"@id":"https:\/\/www.haeger.com\/es\/about-us\/why-haeger\/#primaryimage"},"image":{"@id":"https:\/\/www.haeger.com\/es\/about-us\/why-haeger\/#primaryimage"},"thumbnailUrl":"https:\/\/www.haeger.com\/es\/wp-content\/uploads\/2025\/01\/SSnew.png","datePublished":"2024-12-10T16:09:54+00:00","dateModified":"2025-10-27T12:34:05+00:00","description":"Haeger leads the fastener insertion industry with innovative machines for PEM fasteners, delivering efficient, reliable solutions and boost productivity.","breadcrumb":{"@id":"https:\/\/www.haeger.com\/es\/about-us\/why-haeger\/#breadcrumb"},"inLanguage":"en-US","potentialAction":[{"@type":"ReadAction","target":["https:\/\/www.haeger.com\/es\/about-us\/why-haeger\/"]}]},{"@type":"ImageObject","inLanguage":"en-US","@id":"https:\/\/www.haeger.com\/es\/about-us\/why-haeger\/#primaryimage","url":"https:\/\/www.haeger.com\/es\/wp-content\/uploads\/2025\/01\/SSnew.png","contentUrl":"https:\/\/www.haeger.com\/es\/wp-content\/uploads\/2025\/01\/SSnew.png"},{"@type":"BreadcrumbList","@id":"https:\/\/www.haeger.com\/es\/about-us\/why-haeger\/#breadcrumb","itemListElement":[{"@type":"ListItem","position":1,"name":"Home","item":"https:\/\/www.haeger.com\/es\/"},{"@type":"ListItem","position":2,"name":"About Us","item":"https:\/\/www.haeger.com\/es\/about-us\/"},{"@type":"ListItem","position":3,"name":"Why Haeger"}]},{"@type":"WebSite","@id":"https:\/\/www.haeger.com\/es\/#website","url":"https:\/\/www.haeger.com\/es\/","name":"Haeger (ES)","description":"","potentialAction":[{"@type":"SearchAction","target":{"@type":"EntryPoint","urlTemplate":"https:\/\/www.haeger.com\/es\/?s={search_term_string}"},"query-input":{"@type":"PropertyValueSpecification","valueRequired":true,"valueName":"search_term_string"}}],"inLanguage":"en-US"}]}},"acf_fields":[],"_links":{"self":[{"href":"https:\/\/www.haeger.com\/es\/wp-json\/wp\/v2\/pages\/154","targetHints":{"allow":["GET"]}}],"collection":[{"href":"https:\/\/www.haeger.com\/es\/wp-json\/wp\/v2\/pages"}],"about":[{"href":"https:\/\/www.haeger.com\/es\/wp-json\/wp\/v2\/types\/page"}],"author":[{"embeddable":true,"href":"https:\/\/www.haeger.com\/es\/wp-json\/wp\/v2\/users\/1"}],"replies":[{"embeddable":true,"href":"https:\/\/www.haeger.com\/es\/wp-json\/wp\/v2\/comments?post=154"}],"version-history":[{"count":30,"href":"https:\/\/www.haeger.com\/es\/wp-json\/wp\/v2\/pages\/154\/revisions"}],"predecessor-version":[{"id":5867,"href":"https:\/\/www.haeger.com\/es\/wp-json\/wp\/v2\/pages\/154\/revisions\/5867"}],"up":[{"embeddable":true,"href":"https:\/\/www.haeger.com\/es\/wp-json\/wp\/v2\/pages\/513"}],"wp:attachment":[{"href":"https:\/\/www.haeger.com\/es\/wp-json\/wp\/v2\/media?parent=154"}],"curies":[{"name":"wp","href":"https:\/\/api.w.org\/{rel}","templated":true}]}}