{"id":143,"date":"2024-12-06T16:01:44","date_gmt":"2024-12-06T16:01:44","guid":{"rendered":"https:\/\/dev-haeger25.pantheonsite.io\/?page_id=143"},"modified":"2025-10-31T09:50:55","modified_gmt":"2025-10-31T09:50:55","slug":"products","status":"publish","type":"page","link":"https:\/\/www.haeger.com\/es\/products\/","title":{"rendered":"Products"},"content":{"rendered":"\n<section class=\"wp-block-sh-blocks-products-page-hero section-4\"><div class=\"w-layout-blockcontainer subpage-hero pull-up w-container\"><div class=\"div-block-17\"><div class=\"div-block-2\"><h1 class=\"heading-2 slider-heading\">Las m\u00e1quinas de inserci\u00f3n Haeger\u00ae resuelven tus necesidades de producci\u00f3n.<\/h1><\/div><\/div><div class=\"subpage-hero-heading-div\"><\/div><\/div><div class=\"product-hero-tabs bring-up\"><div class=\"tab-holder large-tabs\"><a href=\"https:\/\/www.haeger.com\/es\/products\/machines\/\" class=\"product-tab w-inline-block\"><p class=\"button-text slanted\">M\u00c1QUINAS<\/p><\/a><a href=\"https:\/\/www.haeger.com\/es\/products\/in-die\/\" class=\"product-tab w-inline-block\"><p class=\"button-text slanted\">IN-DIE (en la matriz)<\/p><\/a><a href=\"https:\/\/www.haeger.com\/es\/products\/tooling\/\" class=\"product-tab w-inline-block\"><p class=\"button-text slanted\">herramientas<\/p><\/a><a href=\"https:\/\/www.haeger.com\/es\/products\/hand-tools\/\" class=\"product-tab w-inline-block\"><p class=\"button-text slanted\">equipo manual<\/p><\/a><a href=\"https:\/\/www.haeger.com\/es\/products\/stock-check\/\" class=\"product-tab right-tab w-inline-block\"><p class=\"button-text slanted\">consultar stock<\/p><\/a><\/div><\/div><\/section>\n\n\n\n<section sh-section=\"Blurb With Button\" class=\"wp-block-sh-blocks-blurb-with-button blurb-container\"><div class=\"blurb-items\"><p class=\"blurb-paragraph\">Las m\u00e1quinas de inserci\u00f3n de insertos Haeger est\u00e1n dise\u00f1adas para cubrir tus diversas necesidades de producci\u00f3n con precisi\u00f3n, potencia y flexibilidad. Nuestra gama de sistemas manuales, semiautom\u00e1ticos y totalmente automatizados, en conjunto con insertos PEM\u00ae, se integran sin problema tanto en l\u00edneas de producci\u00f3n de bajo como de alto volumen, ofreciendo la soluci\u00f3n definitiva en inserci\u00f3n. Con m\u00e1s de 10,000 m\u00e1quinas instaladas en todo el mundo, Haeger supera los est\u00e1ndares de la industria en seguridad, precisi\u00f3n e innovaci\u00f3n, respaldado por un compromiso con el servicio y soporte excepcionales. Ya sea que trabajes en proyectos especiales o en producci\u00f3n a gran escala, Haeger tiene la soluci\u00f3n ideal para mejorar tu productividad, calidad y eficiencia operativa.<\/p><a href=\"\/product-selector\/ \" class=\"button primary-button cta-button w-inline-block\"><p class=\"button-text\">selector de productos<\/p><\/a><\/div><\/section>\n\n\n\n<section sh-section=\"Product List\" class=\"wp-block-sh-blocks-product-list image-blocks\"><div id=\"products-holder\" class=\"mw1050 move-up\"><div class=\"individual-image-block block-0\"><div class=\"product-photo\"><img decoding=\"async\" src=\"\/wp-content\/themes\/haeger\/assets\/images\/Penn-Candids-BCP-2024-412.jpg\" loading=\"lazy\" alt=\"\" class=\"prodiuct-photo-jpg\"\/><\/div><div class=\"product-text\"><h4 class=\"heading-3 product-h4\">M\u00c1QUINAS<\/h4><p class=\"paragraph-3\">Funciones clave como la carga autom\u00e1tica, la inserci\u00f3n de insertos monitoreada y los ajustes precisos permiten un nivel de confiabilidad y control inigualable para cualquier desaf\u00edo de inserci\u00f3n.<\/p><a href=\"https:\/\/www.haeger.com\/es\/machines\/\" class=\"button primary-button cta-button mobile w-inline-block\"><p class=\"button-text\">Explorar m\u00e1quinas<\/p><\/a><\/div><\/div><div class=\"individual-image-block block-1\"><div class=\"product-photo\"><img decoding=\"async\" src=\"\/wp-content\/themes\/haeger\/assets\/images\/Penn-Candids-BCP-2024-2002.png\" loading=\"lazy\" alt=\"\" class=\"prodiuct-photo-jpg\"\/><\/div><div class=\"product-text\"><h4 class=\"heading-3 product-h4\">IN-DIE (en la matriz)<\/h4><p class=\"paragraph-3\">Descubre c\u00f3mo un carrito de alimentaci\u00f3n in-die puede eliminar operaciones secundarias normalmente asociadas con la inserci\u00f3n de insertos y as\u00ed reducir los costos de mano de obra.<\/p><a href=\"https:\/\/www.haeger.com\/es\/in-die\/\" class=\"button primary-button cta-button mobile w-inline-block\"><p class=\"button-text\">Explorar In-Die<\/p><\/a><\/div><\/div><div class=\"individual-image-block block-2\"><div class=\"product-photo\"><img decoding=\"async\" src=\"\/wp-content\/themes\/haeger\/assets\/images\/PENN-PROCESSED-02108.jpg\" loading=\"lazy\" alt=\"\" class=\"prodiuct-photo-jpg\"\/><\/div><div class=\"product-text\"><h4 class=\"heading-3 product-h4\">HERRAMIENTAS<\/h4><p class=\"paragraph-3\">Haeger cuenta con herramientas est\u00e1ndar para todos los insertos PEM, desarrolladas en coordinaci\u00f3n directa con los ingenieros de PEM y fabricadas internamente.<\/p><a href=\"https:\/\/www.haeger.com\/es\/tooling\/\" class=\"button primary-button cta-button mobile w-inline-block\"><p class=\"button-text\">ExplorAR HERRAMIENTAS<\/p><\/a><\/div><\/div><div class=\"individual-image-block block-3\"><div class=\"product-photo\"><img decoding=\"async\" src=\"\/wp-content\/themes\/haeger\/assets\/images\/Penn-Candids-BCP-2024-33.jpg\" loading=\"lazy\" alt=\"\" class=\"prodiuct-photo-jpg\"\/><\/div><div class=\"product-text\"><h4 class=\"heading-3 product-h4\">Herramientas Manuales<\/h4><p class=\"paragraph-3\">Ofrecemos una herramienta manual y una neum\u00e1tica, ambas dise\u00f1adas para instalar insertos PEM de auto clinchado.<\/p><a href=\"https:\/\/www.haeger.com\/es\/hand-tools\/\" class=\"button primary-button cta-button mobile w-inline-block\"><p class=\"button-text\">explorar equipo manual<\/p><\/a><\/div><\/div><div class=\"individual-image-block block-4\"><div class=\"product-photo\"><img decoding=\"async\" src=\"\/wp-content\/themes\/haeger\/assets\/images\/Penn-Candids-BCP-2024-167.jpg\" loading=\"lazy\" alt=\"\" class=\"prodiuct-photo-jpg\"\/><\/div><div class=\"product-text\"><h4 class=\"heading-3 product-h4\">Consulta de Stock<\/h4><p class=\"paragraph-3\">Busca por n\u00famero de parte o descripci\u00f3n para ver qu\u00e9 tenemos disponible. Haremos todo lo posible para conseguirte lo que necesitas lo m\u00e1s r\u00e1pido posible.<\/p><a href=\"https:\/\/www.haeger.com\/es\/stock-check\/\" class=\"button primary-button cta-button mobile w-inline-block\"><p class=\"button-text\">consultar stock<\/p><\/a><\/div><\/div><\/div><\/section>\n\n\n\n<div class=\"wp-block-sh-blocks-cta w-layout-blockcontainer cta-section w-container\" sh-section=\"CTA\"><div class=\"overlay\"><\/div><div class=\"subpage-hero-heading-div\"><h2 class=\"style-guide__typography--heading cta-heading\">ENCUENTRA LAS HERRAMIENTAS<br>PARA TU APLICACI\u00d3N.<\/h2><a href=\"\/tooling-wizard\/\" class=\"button primary-button cta-button w-inline-block\"><p class=\"button-text\">Conectarse al asistente<\/p><\/a><\/div><\/div>\n","protected":false},"excerpt":{"rendered":"","protected":false},"author":1,"featured_media":0,"parent":0,"menu_order":0,"comment_status":"closed","ping_status":"closed","template":"","meta":{"_acf_changed":false,"footnotes":""},"class_list":["post-143","page","type-page","status-publish","hentry"],"acf":false,"yoast_head":"<title>Products | Haeger Insertion Machine | Haeger USA<\/title>\n<meta name=\"description\" content=\"Haeger fastener insertion machines deliver precision, power, and flexibility for any need. Explore manual, semi-automatic, and automated PEM machines.\" \/>\n<meta name=\"robots\" content=\"index, follow, max-snippet:-1, max-image-preview:large, max-video-preview:-1\" \/>\n<link rel=\"canonical\" href=\"https:\/\/www.haeger.com\/es\/products\/\" \/>\n<meta property=\"og:locale\" content=\"en_US\" \/>\n<meta property=\"og:type\" content=\"article\" \/>\n<meta property=\"og:title\" content=\"Products | Haeger Insertion Machine | Haeger USA\" \/>\n<meta property=\"og:description\" content=\"Haeger fastener insertion machines deliver precision, power, and flexibility for any need. Explore manual, semi-automatic, and automated PEM machines.\" \/>\n<meta property=\"og:url\" content=\"https:\/\/www.haeger.com\/es\/products\/\" \/>\n<meta property=\"og:site_name\" content=\"Haeger (ES)\" \/>\n<meta property=\"article:modified_time\" content=\"2025-10-31T09:50:55+00:00\" \/>\n<meta name=\"twitter:card\" content=\"summary_large_image\" \/>\n<meta name=\"twitter:label1\" content=\"Est. reading time\" \/>\n\t<meta name=\"twitter:data1\" content=\"3 minutes\" \/>\n<script type=\"application\/ld+json\" class=\"yoast-schema-graph\">{\"@context\":\"https:\/\/schema.org\",\"@graph\":[{\"@type\":\"WebPage\",\"@id\":\"https:\/\/www.haeger.com\/es\/products\/\",\"url\":\"https:\/\/www.haeger.com\/es\/products\/\",\"name\":\"Products | Haeger Insertion Machine | Haeger USA\",\"isPartOf\":{\"@id\":\"https:\/\/www.haeger.com\/es\/#website\"},\"datePublished\":\"2024-12-06T16:01:44+00:00\",\"dateModified\":\"2025-10-31T09:50:55+00:00\",\"description\":\"Haeger fastener insertion machines deliver precision, power, and flexibility for any need. Explore manual, semi-automatic, and automated PEM machines.\",\"breadcrumb\":{\"@id\":\"https:\/\/www.haeger.com\/es\/products\/#breadcrumb\"},\"inLanguage\":\"en-US\",\"potentialAction\":[{\"@type\":\"ReadAction\",\"target\":[\"https:\/\/www.haeger.com\/es\/products\/\"]}]},{\"@type\":\"BreadcrumbList\",\"@id\":\"https:\/\/www.haeger.com\/es\/products\/#breadcrumb\",\"itemListElement\":[{\"@type\":\"ListItem\",\"position\":1,\"name\":\"Home\",\"item\":\"https:\/\/www.haeger.com\/es\/\"},{\"@type\":\"ListItem\",\"position\":2,\"name\":\"Products\"}]},{\"@type\":\"WebSite\",\"@id\":\"https:\/\/www.haeger.com\/es\/#website\",\"url\":\"https:\/\/www.haeger.com\/es\/\",\"name\":\"Haeger (ES)\",\"description\":\"\",\"potentialAction\":[{\"@type\":\"SearchAction\",\"target\":{\"@type\":\"EntryPoint\",\"urlTemplate\":\"https:\/\/www.haeger.com\/es\/?s={search_term_string}\"},\"query-input\":{\"@type\":\"PropertyValueSpecification\",\"valueRequired\":true,\"valueName\":\"search_term_string\"}}],\"inLanguage\":\"en-US\"}]}<\/script>","yoast_head_json":{"title":"Products | Haeger Insertion Machine | Haeger USA","description":"Haeger fastener insertion machines deliver precision, power, and flexibility for any need. Explore manual, semi-automatic, and automated PEM machines.","robots":{"index":"index","follow":"follow","max-snippet":"max-snippet:-1","max-image-preview":"max-image-preview:large","max-video-preview":"max-video-preview:-1"},"canonical":"https:\/\/www.haeger.com\/es\/products\/","og_locale":"en_US","og_type":"article","og_title":"Products | Haeger Insertion Machine | Haeger USA","og_description":"Haeger fastener insertion machines deliver precision, power, and flexibility for any need. Explore manual, semi-automatic, and automated PEM machines.","og_url":"https:\/\/www.haeger.com\/es\/products\/","og_site_name":"Haeger (ES)","article_modified_time":"2025-10-31T09:50:55+00:00","twitter_card":"summary_large_image","twitter_misc":{"Est. reading time":"3 minutes"},"schema":{"@context":"https:\/\/schema.org","@graph":[{"@type":"WebPage","@id":"https:\/\/www.haeger.com\/es\/products\/","url":"https:\/\/www.haeger.com\/es\/products\/","name":"Products | Haeger Insertion Machine | Haeger USA","isPartOf":{"@id":"https:\/\/www.haeger.com\/es\/#website"},"datePublished":"2024-12-06T16:01:44+00:00","dateModified":"2025-10-31T09:50:55+00:00","description":"Haeger fastener insertion machines deliver precision, power, and flexibility for any need. Explore manual, semi-automatic, and automated PEM machines.","breadcrumb":{"@id":"https:\/\/www.haeger.com\/es\/products\/#breadcrumb"},"inLanguage":"en-US","potentialAction":[{"@type":"ReadAction","target":["https:\/\/www.haeger.com\/es\/products\/"]}]},{"@type":"BreadcrumbList","@id":"https:\/\/www.haeger.com\/es\/products\/#breadcrumb","itemListElement":[{"@type":"ListItem","position":1,"name":"Home","item":"https:\/\/www.haeger.com\/es\/"},{"@type":"ListItem","position":2,"name":"Products"}]},{"@type":"WebSite","@id":"https:\/\/www.haeger.com\/es\/#website","url":"https:\/\/www.haeger.com\/es\/","name":"Haeger (ES)","description":"","potentialAction":[{"@type":"SearchAction","target":{"@type":"EntryPoint","urlTemplate":"https:\/\/www.haeger.com\/es\/?s={search_term_string}"},"query-input":{"@type":"PropertyValueSpecification","valueRequired":true,"valueName":"search_term_string"}}],"inLanguage":"en-US"}]}},"acf_fields":[],"_links":{"self":[{"href":"https:\/\/www.haeger.com\/es\/wp-json\/wp\/v2\/pages\/143","targetHints":{"allow":["GET"]}}],"collection":[{"href":"https:\/\/www.haeger.com\/es\/wp-json\/wp\/v2\/pages"}],"about":[{"href":"https:\/\/www.haeger.com\/es\/wp-json\/wp\/v2\/types\/page"}],"author":[{"embeddable":true,"href":"https:\/\/www.haeger.com\/es\/wp-json\/wp\/v2\/users\/1"}],"replies":[{"embeddable":true,"href":"https:\/\/www.haeger.com\/es\/wp-json\/wp\/v2\/comments?post=143"}],"version-history":[{"count":52,"href":"https:\/\/www.haeger.com\/es\/wp-json\/wp\/v2\/pages\/143\/revisions"}],"predecessor-version":[{"id":5879,"href":"https:\/\/www.haeger.com\/es\/wp-json\/wp\/v2\/pages\/143\/revisions\/5879"}],"wp:attachment":[{"href":"https:\/\/www.haeger.com\/es\/wp-json\/wp\/v2\/media?parent=143"}],"curies":[{"name":"wp","href":"https:\/\/api.w.org\/{rel}","templated":true}]}}