{"id":126,"date":"2024-11-22T15:30:25","date_gmt":"2024-11-22T15:30:25","guid":{"rendered":"https:\/\/dev-haeger25.pantheonsite.io\/?page_id=126"},"modified":"2025-10-23T10:46:19","modified_gmt":"2025-10-23T10:46:19","slug":"product-selector","status":"publish","type":"page","link":"https:\/\/www.haeger.com\/es\/products\/product-selector\/","title":{"rendered":"Product Selector"},"content":{"rendered":"\n<div class=\"wp-block-sh-blocks-subpage-hero-with-subtext w-layout-blockcontainer subpage-hero w-container\" style=\"background-image:url(https:\/\/www.haeger.com\/es\/wp-content\/uploads\/2025\/01\/Group-792.jpg)\"><div class=\"subpage-hero-heading-div\"><h1 class=\"style-guide__typography--heading subpage-hero-heading\">Selector de productos Haeger\u00ae<\/h1><h2 class=\"heading-3 sub-heading-hero\">Explora soluciones de inserci\u00f3n de insertos que se adapten a tu aplicaci\u00f3n.<\/h2><\/div><div class=\"hero-overlay\"><\/div><\/div>\n\n\n\n<section class=\"wp-block-sh-blocks-blurb-no-button blurb-container\" sh-section=\"Blurb No Button\"><div class=\"blurb-items\"><p class=\"blurb-paragraph no-padding\">Haeger ofrece soluciones integrales de inserci\u00f3n de insertos, con m\u00e1quinas dise\u00f1adas para cubrir una amplia variedad de necesidades. Solo elige los factores que coincidan con tus requisitos para ver una selecci\u00f3n personalizada de opciones para tu aplicaci\u00f3n.<\/p><\/div><\/section>\n\n\n\n<div \n  id=\"product-root\" \n  style=\"width:100%\" \n  data-attributes=\"{&quot;attributes&quot;:{&quot;postType&quot;:&quot;products&quot;,&quot;numPosts&quot;:30,&quot;dynamicText0&quot;:{&quot;label&quot;:&quot;&quot;,&quot;source&quot;:&quot;title&quot;,&quot;field&quot;:&quot;&quot;},&quot;dynamicText1&quot;:{&quot;label&quot;:&quot;&quot;,&quot;source&quot;:&quot;excerpt&quot;,&quot;field&quot;:&quot;&quot;},&quot;dynamicImg0&quot;:{&quot;label&quot;:&quot;&quot;,&quot;source&quot;:&quot;featured_image&quot;,&quot;field&quot;:&quot;&quot;},&quot;dynamicImg1&quot;:{&quot;label&quot;:&quot;&quot;,&quot;source&quot;:&quot;featured_image&quot;,&quot;field&quot;:&quot;&quot;},&quot;noResultsParagraph&quot;:&quot;No results match the selected criteria. Please adjust your selection parameters to explore available product options. For inquiries or to request custom machine solutions, kindly contact our sales team.&lt;br&gt;&quot;,&quot;orderBy&quot;:&quot;title&quot;,&quot;order&quot;:&quot;desc&quot;,&quot;taxonomies&quot;:[],&quot;tags&quot;:[],&quot;authors&quot;:[],&quot;keyword&quot;:&quot;&quot;,&quot;noResults&quot;:&quot;No results&quot;,&quot;optionalText&quot;:&quot;*Optional Updgrade Required&quot;},&quot;restUrl&quot;:&quot;https:\\\/\\\/www.haeger.com\\\/es\\\/wp-json\\\/&quot;,&quot;translations&quot;:{&quot;Address&quot;:&quot;&quot;,&quot;All Locations&quot;:&quot;&quot;,&quot;All Regions&quot;:&quot;&quot;,&quot;Brand&quot;:&quot;&quot;,&quot;Brands&quot;:&quot;&quot;,&quot;Contact&quot;:&quot;&quot;,&quot;Distributor&quot;:&quot;&quot;,&quot;Download&quot;:&quot;&quot;,&quot;Fax&quot;:&quot;&quot;,&quot;Feeding Requirements - Manual\\\/Automated&quot;:&quot;&quot;,&quot;Foot_Print&quot;:&quot;&quot;,&quot;Localization&quot;:&quot;&quot;,&quot;Locations&quot;:&quot;&quot;,&quot;Machine_Name&quot;:&quot;Machine Name&quot;,&quot;Machines&quot;:&quot;Machines&quot;,&quot;Optional Features&quot;:&quot;&quot;,&quot;Optional PCB&quot;:&quot;&quot;,&quot;Phone&quot;:&quot;&quot;,&quot;Product Selector Visible?&quot;:&quot;&quot;,&quot;Product_Brochure&quot;:&quot;Folleto de Producto&quot;,&quot;Product_Manual&quot;:&quot;Manual de Producto&quot;,&quot;Quality Requirements&quot;:&quot;&quot;,&quot;Regions&quot;:&quot;&quot;,&quot;Resource_Types&quot;:&quot;Resource Types&quot;,&quot;Robotic Integrations&quot;:&quot;&quot;,&quot;STEP_File&quot;:&quot;&quot;,&quot;Safety_Brochure&quot;:&quot;Folleto de Seguridad&quot;,&quot;Select_Region&quot;:&quot;&quot;,&quot;Service_Procedure&quot;:&quot;Procedimiento de Servicio&quot;,&quot;Throat Depth&quot;:&quot;&quot;,&quot;Toll Free&quot;:&quot;&quot;,&quot;Tonnage&quot;:&quot;&quot;,&quot;Tooling_Wizard&quot;:&quot;Asistente de Herramientas&quot;,&quot;View Contact Details&quot;:&quot;&quot;}}\">\n<\/div>\n\n\n<div class=\"wp-block-sh-blocks-cta w-layout-blockcontainer cta-section w-container\" sh-section=\"CTA\"><div class=\"overlay\"><\/div><div class=\"subpage-hero-heading-div\"><h2 class=\"style-guide__typography--heading cta-heading\">SIEMPRE EST\u00c1S A UNOS CLICS<br>DE ENCONTRAR LAS HERRAMIENTAS<br>ADECUADAS.<\/h2><a href=\"\/es\/tooling-wizard\/\" class=\"button primary-button cta-button w-inline-block\"><p class=\"button-text\">Conectarse al asistente<\/p><\/a><\/div><\/div>\n\n\n\n<p><\/p>\n","protected":false},"excerpt":{"rendered":"","protected":false},"author":1,"featured_media":0,"parent":0,"menu_order":0,"comment_status":"closed","ping_status":"closed","template":"","meta":{"_acf_changed":false,"footnotes":""},"class_list":["post-126","page","type-page","status-publish","hentry"],"acf":false,"yoast_head":"<title>Product Selector - Haeger (ES)<\/title>\n<meta name=\"robots\" content=\"index, follow, max-snippet:-1, max-image-preview:large, max-video-preview:-1\" \/>\n<link rel=\"canonical\" href=\"https:\/\/www.haeger.com\/es\/products\/product-selector\/\" \/>\n<meta property=\"og:locale\" content=\"en_US\" \/>\n<meta property=\"og:type\" content=\"article\" \/>\n<meta property=\"og:title\" content=\"Product Selector - Haeger (ES)\" \/>\n<meta property=\"og:url\" content=\"https:\/\/www.haeger.com\/es\/products\/product-selector\/\" \/>\n<meta property=\"og:site_name\" content=\"Haeger (ES)\" \/>\n<meta property=\"article:modified_time\" content=\"2025-10-23T10:46:19+00:00\" \/>\n<meta name=\"twitter:card\" content=\"summary_large_image\" \/>\n<meta name=\"twitter:label1\" content=\"Est. reading time\" \/>\n\t<meta name=\"twitter:data1\" content=\"1 minute\" \/>\n<script type=\"application\/ld+json\" class=\"yoast-schema-graph\">{\"@context\":\"https:\/\/schema.org\",\"@graph\":[{\"@type\":\"WebPage\",\"@id\":\"https:\/\/www.haeger.com\/es\/products\/product-selector\/\",\"url\":\"https:\/\/www.haeger.com\/es\/products\/product-selector\/\",\"name\":\"Product Selector - Haeger (ES)\",\"isPartOf\":{\"@id\":\"https:\/\/www.haeger.com\/es\/#website\"},\"datePublished\":\"2024-11-22T15:30:25+00:00\",\"dateModified\":\"2025-10-23T10:46:19+00:00\",\"breadcrumb\":{\"@id\":\"https:\/\/www.haeger.com\/es\/products\/product-selector\/#breadcrumb\"},\"inLanguage\":\"en-US\",\"potentialAction\":[{\"@type\":\"ReadAction\",\"target\":[\"https:\/\/www.haeger.com\/es\/products\/product-selector\/\"]}]},{\"@type\":\"BreadcrumbList\",\"@id\":\"https:\/\/www.haeger.com\/es\/products\/product-selector\/#breadcrumb\",\"itemListElement\":[{\"@type\":\"ListItem\",\"position\":1,\"name\":\"Home\",\"item\":\"https:\/\/www.haeger.com\/es\/\"},{\"@type\":\"ListItem\",\"position\":2,\"name\":\"Product Selector\"}]},{\"@type\":\"WebSite\",\"@id\":\"https:\/\/www.haeger.com\/es\/#website\",\"url\":\"https:\/\/www.haeger.com\/es\/\",\"name\":\"Haeger (ES)\",\"description\":\"\",\"potentialAction\":[{\"@type\":\"SearchAction\",\"target\":{\"@type\":\"EntryPoint\",\"urlTemplate\":\"https:\/\/www.haeger.com\/es\/?s={search_term_string}\"},\"query-input\":{\"@type\":\"PropertyValueSpecification\",\"valueRequired\":true,\"valueName\":\"search_term_string\"}}],\"inLanguage\":\"en-US\"}]}<\/script>","yoast_head_json":{"title":"Product Selector - Haeger (ES)","robots":{"index":"index","follow":"follow","max-snippet":"max-snippet:-1","max-image-preview":"max-image-preview:large","max-video-preview":"max-video-preview:-1"},"canonical":"https:\/\/www.haeger.com\/es\/products\/product-selector\/","og_locale":"en_US","og_type":"article","og_title":"Product Selector - Haeger (ES)","og_url":"https:\/\/www.haeger.com\/es\/products\/product-selector\/","og_site_name":"Haeger (ES)","article_modified_time":"2025-10-23T10:46:19+00:00","twitter_card":"summary_large_image","twitter_misc":{"Est. reading time":"1 minute"},"schema":{"@context":"https:\/\/schema.org","@graph":[{"@type":"WebPage","@id":"https:\/\/www.haeger.com\/es\/products\/product-selector\/","url":"https:\/\/www.haeger.com\/es\/products\/product-selector\/","name":"Product Selector - Haeger (ES)","isPartOf":{"@id":"https:\/\/www.haeger.com\/es\/#website"},"datePublished":"2024-11-22T15:30:25+00:00","dateModified":"2025-10-23T10:46:19+00:00","breadcrumb":{"@id":"https:\/\/www.haeger.com\/es\/products\/product-selector\/#breadcrumb"},"inLanguage":"en-US","potentialAction":[{"@type":"ReadAction","target":["https:\/\/www.haeger.com\/es\/products\/product-selector\/"]}]},{"@type":"BreadcrumbList","@id":"https:\/\/www.haeger.com\/es\/products\/product-selector\/#breadcrumb","itemListElement":[{"@type":"ListItem","position":1,"name":"Home","item":"https:\/\/www.haeger.com\/es\/"},{"@type":"ListItem","position":2,"name":"Product Selector"}]},{"@type":"WebSite","@id":"https:\/\/www.haeger.com\/es\/#website","url":"https:\/\/www.haeger.com\/es\/","name":"Haeger (ES)","description":"","potentialAction":[{"@type":"SearchAction","target":{"@type":"EntryPoint","urlTemplate":"https:\/\/www.haeger.com\/es\/?s={search_term_string}"},"query-input":{"@type":"PropertyValueSpecification","valueRequired":true,"valueName":"search_term_string"}}],"inLanguage":"en-US"}]}},"acf_fields":[],"_links":{"self":[{"href":"https:\/\/www.haeger.com\/es\/wp-json\/wp\/v2\/pages\/126","targetHints":{"allow":["GET"]}}],"collection":[{"href":"https:\/\/www.haeger.com\/es\/wp-json\/wp\/v2\/pages"}],"about":[{"href":"https:\/\/www.haeger.com\/es\/wp-json\/wp\/v2\/types\/page"}],"author":[{"embeddable":true,"href":"https:\/\/www.haeger.com\/es\/wp-json\/wp\/v2\/users\/1"}],"replies":[{"embeddable":true,"href":"https:\/\/www.haeger.com\/es\/wp-json\/wp\/v2\/comments?post=126"}],"version-history":[{"count":32,"href":"https:\/\/www.haeger.com\/es\/wp-json\/wp\/v2\/pages\/126\/revisions"}],"predecessor-version":[{"id":5857,"href":"https:\/\/www.haeger.com\/es\/wp-json\/wp\/v2\/pages\/126\/revisions\/5857"}],"wp:attachment":[{"href":"https:\/\/www.haeger.com\/es\/wp-json\/wp\/v2\/media?parent=126"}],"curies":[{"name":"wp","href":"https:\/\/api.w.org\/{rel}","templated":true}]}}