{"id":5904,"date":"2025-08-29T09:15:31","date_gmt":"2025-08-29T09:15:31","guid":{"rendered":"https:\/\/www.haeger.com\/de\/?page_id=5904"},"modified":"2025-10-31T09:55:14","modified_gmt":"2025-10-31T09:55:14","slug":"installation-guides","status":"publish","type":"page","link":"https:\/\/www.haeger.com\/de\/resources\/installation-guides\/","title":{"rendered":"Haeger\u00ae installation guides"},"content":{"rendered":"\n<div class=\"wp-block-sh-blocks-subpage-hero-with-subtext w-layout-blockcontainer subpage-hero w-container\" style=\"background-image:url(https:\/\/www.haeger.com\/wp-content\/uploads\/2025\/01\/Group-818.jpg)\"><div class=\"subpage-hero-heading-div\"><h1 class=\"style-guide__typography--heading subpage-hero-heading\">HaEger<sup>\u00ae<\/sup> Installationsanleitungen<\/h1><h2 class=\"heading-3 sub-heading-hero\">Brauchen Sie Unterst\u00fctzung? Unsere Installationsvideos bieten einen schnellen Einstieg rund um Haeger.<\/h2><\/div><div class=\"hero-overlay\"><\/div><\/div>\n\n\n\n<section class=\"wp-block-sh-blocks-blurb-no-button blurb-container\" sh-section=\"Blurb No Button\"><div class=\"blurb-items\"><p class=\"blurb-paragraph no-padding\">Von der grundlegenden Bedienung bis zur Datenerfassung \u2013 und allem dazwischen \u2013 unterst\u00fctzen wir Sie bei der Einrichtung und Inbetriebnahme Ihrer Haeger-Systeme.<\/p><\/div><\/section>\n\n\n\n<div class=\"unique-carousel-container\">\n            <button class=\"unique-carousel-btn prev\">\u2039<\/button>\n            <div class=\"unique-carousel-track\">\n                <div class=\"unique-carousel-item\">\n                    <img decoding=\"async\" src=\"https:\/\/www.haeger.com\/wp-content\/uploads\/2025\/06\/Haeger-Tech-Center-Oldenzaal-Netherlands.jpeg\" alt=\"Oldenzaal, the Netherlands Tech Center\" class=\"absolute w-full h-full inset-0 object-cover b-loaded\">\n                    <h3>Technologiezentrum Oldenzaal, Niederlande<\/h3>\n                    <p>Machen Sie einen Rundgang durch unser neues Technologiezentrum und lernen Sie die verschiedenen Haeger\u00ae Einpressmaschinen und ihre Leistungsmerkmale kennen.<\/p>\n                    <button class=\"button primary-button cta-button w-inline-block wh-show-video\" data-video-title=\"Oldenzaal, the Netherlands Tech Center\" data-video-url=\"https:\/\/player.vimeo.com\/video\/854788559?h=5589cfd662\">\n                        <p class=\"button-text\">Video ansehen<\/p>\n                    <\/button>\n                <\/div>\n                <div class=\"unique-carousel-item\">\n                    <img decoding=\"async\" src=\"https:\/\/www.haeger.com\/wp-content\/uploads\/2025\/06\/Haeger-Insertion-Machines-Setup-and-Installation.jpeg\" alt=\"Setup and Installation\" class=\"absolute w-full h-full inset-0 object-cover b-loaded\">\n                    <h3>Einrichtung und Installation<\/h3>\n                    <p>So richten Sie eine Haeger\u00ae 618\u2122 MSP-5e im Quick-Run-Modus ein.<\/p>\n                    <button class=\"button primary-button cta-button w-inline-block wh-show-video\" data-video-title=\"Setup and Installation\" data-video-url=\"https:\/\/player.vimeo.com\/video\/854798505?h=a98aefcaef\">\n                        <p class=\"button-text\">Video ansehen<\/p>\n                    <\/button>\n                <\/div>\n                <div class=\"unique-carousel-item\">\n                    <img decoding=\"async\" src=\"https:\/\/www.haeger.com\/wp-content\/uploads\/2025\/06\/Haeger-Insertion-Machines-Writing-a-Program.jpeg\" alt=\"Writing a Program\" class=\"absolute w-full h-full inset-0 object-cover b-loaded\">\n                    <h3>Programmerstellung<\/h3>\n                    <p>Erfahren Sie, wie einfach es ist, ein Programm f\u00fcr die Haeger\u00ae 824\u2122 One Touch\u2122 5e LITE zu erstellen.<\/p>\n                    <button class=\"button primary-button cta-button w-inline-block wh-show-video\" data-video-title=\"Writing a Program\" data-video-url=\"https:\/\/player.vimeo.com\/video\/855361945?h=f53bbd3c79\">\n                        <p class=\"button-text\">Video ansehen<\/p>\n                    <\/button>\n                <\/div>\n                <div class=\"unique-carousel-item\">\n                    <img decoding=\"async\" src=\"https:\/\/www.haeger.com\/wp-content\/uploads\/2025\/06\/Haeger-Insertion-Machines-Tooling-Selections.jpeg\" alt=\"Tooling Selections\" class=\"absolute w-full h-full inset-0 object-cover b-loaded\">\n                    <h3>Werkzeugauswahl<\/h3>\n                    <p>Erfahren Sie, wie Sie Haeger\u00ae automatische und manuelle Werkzeuge entsprechend Ihren Programm\u00adanforderungen installieren.<\/p>\n                    <button class=\"button primary-button cta-button w-inline-block wh-show-video\" data-video-title=\"Tooling Selections\" data-video-url=\"https:\/\/player.vimeo.com\/video\/854796548?h=f4498035c6\">\n                        <p class=\"button-text\">Video ansehen<\/p>\n                    <\/button>\n                <\/div>\n                <div class=\"unique-carousel-item\">\n                    <img decoding=\"async\" src=\"https:\/\/www.haeger.com\/wp-content\/uploads\/2025\/06\/Haeger-Insertion-Machines-Multi-Fastener-Installation.jpeg\" alt=\"Multi Fastener Installation\" class=\"absolute w-full h-full inset-0 object-cover b-loaded\">\n                    <h3>Mehrfachinstallation von Befestigungselementen<\/h3>\n                    <p>Sehen Sie eine Schritt-f\u00fcr-Schritt-Demonstration zur Mehrfachinstallation von Befestigungselementen und zum Handling einzelner Bauteile.<\/p>\n                    <button class=\"button primary-button cta-button w-inline-block wh-show-video\" data-video-title=\"Multi Fastener Installation\" data-video-url=\"https:\/\/player.vimeo.com\/video\/854794770?h=c027af8b31\">\n                        <p class=\"button-text\">Video ansehen<\/p>\n                    <\/button>\n                <\/div>\n                <div class=\"unique-carousel-item\">\n                    <img decoding=\"async\" src=\"https:\/\/www.haeger.com\/wp-content\/uploads\/2025\/06\/Haeger-Insertion-Machines-Single-Part-Handling.jpeg\" alt=\"Single Part Handling\" class=\"absolute w-full h-full inset-0 object-cover b-loaded\">\n                    <h3>Handhabung einzelner Bauteile<\/h3>\n                    <p>Erfahren Sie mehr \u00fcber das Turret Insertion System (TIS) und die Vorteile von vier verschiedenen Stationen f\u00fcr die Mehrfachinstallation.<\/p>\n                    <button class=\"button primary-button cta-button w-inline-block wh-show-video\" data-video-title=\"Single Part Handling\" data-video-url=\"https:\/\/player.vimeo.com\/video\/854792377?h=dfec2c70e7\">\n                        <p class=\"button-text\">Video ansehen<\/p>\n                    <\/button>\n                <\/div>\n                <div class=\"unique-carousel-item\">\n                    <img decoding=\"async\" src=\"https:\/\/www.haeger.com\/wp-content\/uploads\/2025\/06\/Haeger-Insertion-Machines-Positive-Stop.jpeg\" alt=\"Positive Stop\" class=\"absolute w-full h-full inset-0 object-cover b-loaded\">\n                    <h3>Endanschlag (Positive Stop)<\/h3>\n                    <p>So stellen Sie den Endanschlag (Positive Stop) ein, um eine korrekte Installation von Befestigungselementen bei anspruchsvollen Werkst\u00fccken sicherzustellen.<\/p>\n                    <button class=\"button primary-button cta-button w-inline-block wh-show-video\" data-video-title=\"Positive Stop\" data-video-url=\"https:\/\/player.vimeo.com\/video\/854801701?h=ab967aad16\">\n                        <p class=\"button-text\">Video ansehen<\/p>\n                    <\/button>\n                <\/div>\n                <div class=\"unique-carousel-item\">\n                    <img decoding=\"async\" src=\"https:\/\/www.haeger.com\/wp-content\/uploads\/2025\/06\/Haeger-Insertion-Machines-Data-Collection.jpeg\" alt=\"Data Collection\" class=\"absolute w-full h-full inset-0 object-cover b-loaded\">\n                    <h3>Datenerfassung<\/h3>\n                    <p>Erfahren Sie, wie Installationsdaten \u00fcber das Einpress-Protokollierungsdiagramm (Press Logging Graph) erfasst werden.<\/p>\n                    <button class=\"button primary-button cta-button w-inline-block wh-show-video\" data-video-title=\"Data Collection\" data-video-url=\"https:\/\/player.vimeo.com\/video\/855360348?h=7131252eba\">\n                        <p class=\"button-text\">Video ansehen<\/p>\n                    <\/button>\n                <\/div>\n                <div class=\"unique-carousel-item\">\n                    <img decoding=\"async\" src=\"https:\/\/www.haeger.com\/wp-content\/uploads\/2025\/06\/Haeger-Insertion-Machines-Creating-Programs-Offline.jpeg\" alt=\"Creating Programs Offline\" class=\"absolute w-full h-full inset-0 object-cover b-loaded\">\n                    <h3>Programme offline erstellen<\/h3>\n                    <p>Erfahren Sie, wie Sie Ihre Programme offline erstellen und anschlie\u00dfend auf Ihre Maschine hochladen.<\/p>\n                    <button class=\"button primary-button cta-button w-inline-block wh-show-video\" data-video-title=\"Creating Programs Offline\" data-video-url=\"https:\/\/player.vimeo.com\/video\/855372802?h=1a9c85fe58\">\n                        <p class=\"button-text\">Video ansehen<\/p>\n                    <\/button>\n                <\/div>\n                <div class=\"unique-carousel-item\">\n                    <img decoding=\"async\" src=\"https:\/\/www.haeger.com\/wp-content\/uploads\/2025\/06\/Ease-of-Use.jpeg\" alt=\"Ease of Use\" class=\"absolute w-full h-full inset-0 object-cover b-loaded\">\n                    <h3>Einfache Bedienung<\/h3>\n                    <p>Sehen Sie eine Schritt-f\u00fcr-Schritt-Demonstration, wie einfach die Haeger\u00ae 824\u2122 One Touch\u2122 5e lite Einpressmaschine zu bedienen ist.<\/p>\n                    <button class=\"button primary-button cta-button w-inline-block wh-show-video\" data-video-title=\"Ease of Use\" data-video-url=\"https:\/\/player.vimeo.com\/video\/892741195?h=e612a70eeb\">\n                        <p class=\"button-text\">Video ansehen<\/p>\n                    <\/button>\n                <\/div>\n                <div class=\"unique-carousel-item\">\n                    <img decoding=\"async\" src=\"https:\/\/www.haeger.com\/wp-content\/uploads\/2025\/06\/Quality-and-Safety.jpeg\" alt=\"Quality and Safety\" class=\"absolute w-full h-full inset-0 object-cover b-loaded\">\n                    <h3>Qualit\u00e4t und Sicherheit<\/h3>\n                    <p>Erfahren Sie mehr \u00fcber das Sicherheits\u00adsystem der Haeger\u00ae Einpressmaschinen.<\/p>\n                    <button class=\"button primary-button cta-button w-inline-block wh-show-video\" data-video-title=\"Quality and Safety\" data-video-url=\"https:\/\/player.vimeo.com\/video\/892743495?h=b8440496d5\">\n                        <p class=\"button-text\">Video ansehen<\/p>\n                    <\/button>\n                <\/div>\n                <div class=\"unique-carousel-item\">\n                    <img decoding=\"async\" src=\"https:\/\/www.haeger.com\/wp-content\/uploads\/2025\/06\/Basic-Robot-Operation.jpeg\" alt=\"Basic Robot Operation\" class=\"absolute w-full h-full inset-0 object-cover b-loaded\">\n                    <h3>Grundlegender Robotereinsatz<\/h3>\n                    <p>Sehen Sie eine Demonstration der Haeger\u00ae 824\u2122 One Touch\u2122 5e Einpressmaschine in Verbindung mit einem Roboter.<\/p>\n                    <button class=\"button primary-button cta-button w-inline-block wh-show-video\" data-video-title=\"Basic Robot Operation\" data-video-url=\"https:\/\/player.vimeo.com\/video\/892744291?h=9373eb5ef6\">\n                        <p class=\"button-text\">Video ansehen<\/p>\n                    <\/button>\n                <\/div>\n                <div class=\"unique-carousel-item\">\n                    <img decoding=\"async\" src=\"https:\/\/www.haeger.com\/wp-content\/uploads\/2025\/06\/Tooling-Protection-System.jpeg\" alt=\"Tooling Protection System\" class=\"absolute w-full h-full inset-0 object-cover b-loaded\">\n                    <h3>Werkzeugschutzsystem<\/h3>\n                    <p>Erfahren Sie, wie das Werkzeugschutzsystem der Haeger\u00ae Einpressmaschinen den Bediener, die Werkzeuge und die Bauteile sch\u00fctzt.<\/p>\n                    <button class=\"button primary-button cta-button w-inline-block wh-show-video\" data-video-title=\"Tooling Protection System\" data-video-url=\"https:\/\/player.vimeo.com\/video\/892745038?h=79619976ce\">\n                        <p class=\"button-text\">Video ansehen<\/p>\n                    <\/button>\n                <\/div>\n            <\/div>\n            <button class=\"unique-carousel-btn next\">\u203a<\/button>\n        <\/div>\n\n        <!-- Modal -->\n        <div id=\"wh-modal\" class=\"wh-modal wh-hide-video\">\n            <div class=\"wh-modal-content\">\n                <span class=\"wh-close wh-hide-video\">&times;<\/span>\n                <h2 id=\"wh-modal-title\"><\/h2>\n                <p id=\"wh-modal-video\"><\/p>\n            <\/div>\n        <\/div>\n\n\n\n<div style=\"height:100px\" aria-hidden=\"true\" class=\"wp-block-spacer\"><\/div>\n\n\n\n<section class=\"wp-block-sh-blocks-why-haeger-blocks image-blocks about-careers\"><div id=\"products-holder\" class=\"mw1050 move-up\"><div class=\"individual-image-block\"><div class=\"product-photo\"><img decoding=\"async\" src=\"\/wp-content\/themes\/haeger\/assets\/images\/AdobeStock_389407177.jpg\" loading=\"lazy\" alt=\"\" class=\"prodiuct-photo-jpg why-haeger\"\/><\/div><div class=\"product-text\"><h4 class=\"heading-3 product-h4\">\u00dcber uns<\/h4><p class=\"paragraph-3\">Haeger ist der weltweit f\u00fchrende Entwickler und Hersteller von Einpresstechnologie und -maschinen f\u00fcr Befestigungselemente. Seit nahezu 40 Jahren entwickeln wir Systeme f\u00fcr nahezu jede Art und Gr\u00f6\u00dfe von selbstsichernden Befestigungselementen.<\/p><a href=\"https:\/\/www.haeger.com\/de\/about-us\/why-haeger\/\" class=\"button primary-button cta-button mobile w-inline-block\"><p class=\"button-text\">MEHR ERFAHREN<\/p><\/a><\/div><\/div><div class=\"individual-image-block\"><div class=\"product-photo\"><img decoding=\"async\" src=\"\/wp-content\/themes\/haeger\/assets\/images\/AdobeStock_430366102.jpg\" loading=\"lazy\" alt=\"\" class=\"prodiuct-photo-jpg why-haeger\"\/><\/div><div class=\"product-text\"><h4 class=\"heading-3 product-h4\">Karriere<\/h4><p class=\"paragraph-3\">Wenn Sie gerne Verantwortung \u00fcbernehmen und neue Herausforderungen suchen, ist Haeger der richtige Ort, um Ihre Karriere weiter auszubauen.<\/p><a href=\"https:\/\/www.haeger.com\/de\/about-us\/careers\/\" class=\"button primary-button cta-button mobile w-inline-block\"><p class=\"button-text\">MEHR ERFAHREN<\/p><\/a><\/div><\/div><\/div><\/section>\n","protected":false},"excerpt":{"rendered":"<p>\u2039 Technologiezentrum Oldenzaal, Niederlande Machen Sie einen Rundgang durch unser neues Technologiezentrum und lernen Sie die verschiedenen Haeger\u00ae Einpressmaschinen und ihre Leistungsmerkmale kennen. Video ansehen Einrichtung und Installation So richten Sie eine Haeger\u00ae 618\u2122 MSP-5e im Quick-Run-Modus ein. Video ansehen Programmerstellung Erfahren Sie, wie einfach es ist, ein Programm f\u00fcr die Haeger\u00ae 824\u2122 One Touch\u2122 [&hellip;]<\/p>\n","protected":false},"author":152,"featured_media":0,"parent":325,"menu_order":0,"comment_status":"closed","ping_status":"closed","template":"","meta":{"_acf_changed":false,"footnotes":""},"class_list":["post-5904","page","type-page","status-publish","hentry"],"acf":false,"yoast_head":"<title>Haeger\u00ae installation guides - Haeger (DE)<\/title>\n<meta name=\"robots\" content=\"index, follow, max-snippet:-1, max-image-preview:large, max-video-preview:-1\" \/>\n<link rel=\"canonical\" href=\"https:\/\/www.haeger.com\/de\/resources\/installation-guides\/\" \/>\n<meta property=\"og:locale\" content=\"en_US\" \/>\n<meta property=\"og:type\" content=\"article\" \/>\n<meta property=\"og:title\" content=\"Haeger\u00ae installation guides - Haeger (DE)\" \/>\n<meta property=\"og:description\" content=\"\u2039 Technologiezentrum Oldenzaal, Niederlande Machen Sie einen Rundgang durch unser neues Technologiezentrum und lernen Sie die verschiedenen Haeger\u00ae Einpressmaschinen und ihre Leistungsmerkmale kennen. Video ansehen Einrichtung und Installation So richten Sie eine Haeger\u00ae 618\u2122 MSP-5e im Quick-Run-Modus ein. Video ansehen Programmerstellung Erfahren Sie, wie einfach es ist, ein Programm f\u00fcr die Haeger\u00ae 824\u2122 One Touch\u2122 [&hellip;]\" \/>\n<meta property=\"og:url\" content=\"https:\/\/www.haeger.com\/de\/resources\/installation-guides\/\" \/>\n<meta property=\"og:site_name\" content=\"Haeger (DE)\" \/>\n<meta property=\"article:modified_time\" content=\"2025-10-31T09:55:14+00:00\" \/>\n<meta property=\"og:image\" content=\"https:\/\/www.haeger.com\/wp-content\/uploads\/2025\/06\/Haeger-Tech-Center-Oldenzaal-Netherlands.jpeg\" \/>\n<meta name=\"twitter:card\" content=\"summary_large_image\" \/>\n<meta name=\"twitter:label1\" content=\"Est. reading time\" \/>\n\t<meta name=\"twitter:data1\" content=\"5 minutes\" \/>\n<script type=\"application\/ld+json\" class=\"yoast-schema-graph\">{\"@context\":\"https:\/\/schema.org\",\"@graph\":[{\"@type\":\"WebPage\",\"@id\":\"https:\/\/www.haeger.com\/de\/resources\/installation-guides\/\",\"url\":\"https:\/\/www.haeger.com\/de\/resources\/installation-guides\/\",\"name\":\"Haeger\u00ae installation guides - Haeger (DE)\",\"isPartOf\":{\"@id\":\"https:\/\/www.haeger.com\/de\/#website\"},\"primaryImageOfPage\":{\"@id\":\"https:\/\/www.haeger.com\/de\/resources\/installation-guides\/#primaryimage\"},\"image\":{\"@id\":\"https:\/\/www.haeger.com\/de\/resources\/installation-guides\/#primaryimage\"},\"thumbnailUrl\":\"https:\/\/www.haeger.com\/wp-content\/uploads\/2025\/06\/Haeger-Tech-Center-Oldenzaal-Netherlands.jpeg\",\"datePublished\":\"2025-08-29T09:15:31+00:00\",\"dateModified\":\"2025-10-31T09:55:14+00:00\",\"breadcrumb\":{\"@id\":\"https:\/\/www.haeger.com\/de\/resources\/installation-guides\/#breadcrumb\"},\"inLanguage\":\"en-US\",\"potentialAction\":[{\"@type\":\"ReadAction\",\"target\":[\"https:\/\/www.haeger.com\/de\/resources\/installation-guides\/\"]}]},{\"@type\":\"ImageObject\",\"inLanguage\":\"en-US\",\"@id\":\"https:\/\/www.haeger.com\/de\/resources\/installation-guides\/#primaryimage\",\"url\":\"https:\/\/www.haeger.com\/wp-content\/uploads\/2025\/06\/Haeger-Tech-Center-Oldenzaal-Netherlands.jpeg\",\"contentUrl\":\"https:\/\/www.haeger.com\/wp-content\/uploads\/2025\/06\/Haeger-Tech-Center-Oldenzaal-Netherlands.jpeg\"},{\"@type\":\"BreadcrumbList\",\"@id\":\"https:\/\/www.haeger.com\/de\/resources\/installation-guides\/#breadcrumb\",\"itemListElement\":[{\"@type\":\"ListItem\",\"position\":1,\"name\":\"Home\",\"item\":\"https:\/\/www.haeger.com\/de\/\"},{\"@type\":\"ListItem\",\"position\":2,\"name\":\"Resources\",\"item\":\"https:\/\/www.haeger.com\/de\/resources\/\"},{\"@type\":\"ListItem\",\"position\":3,\"name\":\"Haeger\u00ae installation guides\"}]},{\"@type\":\"WebSite\",\"@id\":\"https:\/\/www.haeger.com\/de\/#website\",\"url\":\"https:\/\/www.haeger.com\/de\/\",\"name\":\"Haeger (DE)\",\"description\":\"\",\"potentialAction\":[{\"@type\":\"SearchAction\",\"target\":{\"@type\":\"EntryPoint\",\"urlTemplate\":\"https:\/\/www.haeger.com\/de\/?s={search_term_string}\"},\"query-input\":{\"@type\":\"PropertyValueSpecification\",\"valueRequired\":true,\"valueName\":\"search_term_string\"}}],\"inLanguage\":\"en-US\"}]}<\/script>","yoast_head_json":{"title":"Haeger\u00ae installation guides - Haeger (DE)","robots":{"index":"index","follow":"follow","max-snippet":"max-snippet:-1","max-image-preview":"max-image-preview:large","max-video-preview":"max-video-preview:-1"},"canonical":"https:\/\/www.haeger.com\/de\/resources\/installation-guides\/","og_locale":"en_US","og_type":"article","og_title":"Haeger\u00ae installation guides - Haeger (DE)","og_description":"\u2039 Technologiezentrum Oldenzaal, Niederlande Machen Sie einen Rundgang durch unser neues Technologiezentrum und lernen Sie die verschiedenen Haeger\u00ae Einpressmaschinen und ihre Leistungsmerkmale kennen. Video ansehen Einrichtung und Installation So richten Sie eine Haeger\u00ae 618\u2122 MSP-5e im Quick-Run-Modus ein. Video ansehen Programmerstellung Erfahren Sie, wie einfach es ist, ein Programm f\u00fcr die Haeger\u00ae 824\u2122 One Touch\u2122 [&hellip;]","og_url":"https:\/\/www.haeger.com\/de\/resources\/installation-guides\/","og_site_name":"Haeger (DE)","article_modified_time":"2025-10-31T09:55:14+00:00","og_image":[{"url":"https:\/\/www.haeger.com\/wp-content\/uploads\/2025\/06\/Haeger-Tech-Center-Oldenzaal-Netherlands.jpeg","type":"","width":"","height":""}],"twitter_card":"summary_large_image","twitter_misc":{"Est. reading time":"5 minutes"},"schema":{"@context":"https:\/\/schema.org","@graph":[{"@type":"WebPage","@id":"https:\/\/www.haeger.com\/de\/resources\/installation-guides\/","url":"https:\/\/www.haeger.com\/de\/resources\/installation-guides\/","name":"Haeger\u00ae installation guides - Haeger (DE)","isPartOf":{"@id":"https:\/\/www.haeger.com\/de\/#website"},"primaryImageOfPage":{"@id":"https:\/\/www.haeger.com\/de\/resources\/installation-guides\/#primaryimage"},"image":{"@id":"https:\/\/www.haeger.com\/de\/resources\/installation-guides\/#primaryimage"},"thumbnailUrl":"https:\/\/www.haeger.com\/wp-content\/uploads\/2025\/06\/Haeger-Tech-Center-Oldenzaal-Netherlands.jpeg","datePublished":"2025-08-29T09:15:31+00:00","dateModified":"2025-10-31T09:55:14+00:00","breadcrumb":{"@id":"https:\/\/www.haeger.com\/de\/resources\/installation-guides\/#breadcrumb"},"inLanguage":"en-US","potentialAction":[{"@type":"ReadAction","target":["https:\/\/www.haeger.com\/de\/resources\/installation-guides\/"]}]},{"@type":"ImageObject","inLanguage":"en-US","@id":"https:\/\/www.haeger.com\/de\/resources\/installation-guides\/#primaryimage","url":"https:\/\/www.haeger.com\/wp-content\/uploads\/2025\/06\/Haeger-Tech-Center-Oldenzaal-Netherlands.jpeg","contentUrl":"https:\/\/www.haeger.com\/wp-content\/uploads\/2025\/06\/Haeger-Tech-Center-Oldenzaal-Netherlands.jpeg"},{"@type":"BreadcrumbList","@id":"https:\/\/www.haeger.com\/de\/resources\/installation-guides\/#breadcrumb","itemListElement":[{"@type":"ListItem","position":1,"name":"Home","item":"https:\/\/www.haeger.com\/de\/"},{"@type":"ListItem","position":2,"name":"Resources","item":"https:\/\/www.haeger.com\/de\/resources\/"},{"@type":"ListItem","position":3,"name":"Haeger\u00ae installation guides"}]},{"@type":"WebSite","@id":"https:\/\/www.haeger.com\/de\/#website","url":"https:\/\/www.haeger.com\/de\/","name":"Haeger (DE)","description":"","potentialAction":[{"@type":"SearchAction","target":{"@type":"EntryPoint","urlTemplate":"https:\/\/www.haeger.com\/de\/?s={search_term_string}"},"query-input":{"@type":"PropertyValueSpecification","valueRequired":true,"valueName":"search_term_string"}}],"inLanguage":"en-US"}]}},"acf_fields":[],"_links":{"self":[{"href":"https:\/\/www.haeger.com\/de\/wp-json\/wp\/v2\/pages\/5904","targetHints":{"allow":["GET"]}}],"collection":[{"href":"https:\/\/www.haeger.com\/de\/wp-json\/wp\/v2\/pages"}],"about":[{"href":"https:\/\/www.haeger.com\/de\/wp-json\/wp\/v2\/types\/page"}],"author":[{"embeddable":true,"href":"https:\/\/www.haeger.com\/de\/wp-json\/wp\/v2\/users\/152"}],"replies":[{"embeddable":true,"href":"https:\/\/www.haeger.com\/de\/wp-json\/wp\/v2\/comments?post=5904"}],"version-history":[{"count":10,"href":"https:\/\/www.haeger.com\/de\/wp-json\/wp\/v2\/pages\/5904\/revisions"}],"predecessor-version":[{"id":6016,"href":"https:\/\/www.haeger.com\/de\/wp-json\/wp\/v2\/pages\/5904\/revisions\/6016"}],"up":[{"embeddable":true,"href":"https:\/\/www.haeger.com\/de\/wp-json\/wp\/v2\/pages\/325"}],"wp:attachment":[{"href":"https:\/\/www.haeger.com\/de\/wp-json\/wp\/v2\/media?parent=5904"}],"curies":[{"name":"wp","href":"https:\/\/api.w.org\/{rel}","templated":true}]}}