{"id":5893,"date":"2025-08-26T18:48:49","date_gmt":"2025-08-26T18:48:49","guid":{"rendered":"https:\/\/www.haeger.com\/de\/?page_id=5893"},"modified":"2025-10-27T12:29:46","modified_gmt":"2025-10-27T12:29:46","slug":"blechexpo-2025","status":"publish","type":"page","link":"https:\/\/www.haeger.com\/de\/blechexpo-2025\/","title":{"rendered":"Blechexpo 2025"},"content":{"rendered":"\n<figure class=\"wp-block-image aligncenter size-full is-resized\"><img decoding=\"async\" src=\"https:\/\/www.haeger.com\/wp-content\/uploads\/2025\/08\/BlechExpo-2025-email-header2.jpg\" alt=\"\" class=\"wp-image-6135\" style=\"width:1100px\"\/><\/figure>\n\n\n\n<div style=\"text-align:center\"><a href=\"https:\/\/www.schall-registrierung.de\/login.php?code=523DF-ZLNBP\" class=\"button primary-button cta-button w-inline-block\" style=\"width:auto;font-size:18px;vertical-align:middle\">\n  <p class=\"button-text\">Jetzt kostenloses Ticket sichern<\/p>\n<\/a><\/div>\n\n\n\n<div style=\"text-align:center;color: #231f20;font-family: Gotham, Arial, sans-serif;line-height:1.6;padding: 20px;font-size:18px;max-width: 1200px;margin: auto\">\n     <p style=\"text-align:center;line-height:24px;font-size:20px\"><strong>Besuchen Sie uns auf der Blechexpo 2025 Stuttgart \u2014 Halle 3, Stand 3409 | 21.\u201324. Oktober<\/strong><br><br>Entdecken Sie die Zukunft der Befestigungstechnik am  <strong>Stand 3409 in Halle 3<\/strong> auf der <strong>Blechexpo 2025 Stuttgart<\/strong>! Ob Standard-Setzmaschinen oder vollst\u00e4ndig kundenspezifisch entwickelte L\u00f6sungen \u2013 <strong>Haeger\u00ae<\/strong> bietet einen ganzheitlichen Ansatz zur Bew\u00e4ltigung nahezu jeder Setzaufgabe.<br> <br>Erleben Sie <strong>Produktvorf\u00fchrungen direkt vor Ort<\/strong> und informieren Sie sich \u00fcber unsere neuesten Innovationen in den Bereichen PEM- und Sherex-Befestigungstechnik, Automatisierung und Industrie-4.0-Technologien.<br>\u00dcberzeugen Sie sich, wie unser komplettes \u00d6kosystem aus Befestigungselementen und Maschinen Ihre Produktion effizienter gestalten kann.<\/p>\n<\/div>\n\n\n\n<section sh-section=\"Info Blocks\" class=\"wp-block-sh-blocks-info-blocks image-blocks blog-posts\"><div class=\"testimonial-grid-two services\"><div id=\"w-node-0\" class=\"testimonial-card-two\"><img decoding=\"async\" src=\"https:\/\/www.haeger.com\/wp-content\/uploads\/2025\/07\/DSC_0072-scaled.png\" alt=\"HAEGER\u00ae 824\u2122 eDRIVE\u2122\u00a0\" class=\"image-2 services\" loading=\"lazy\" style=\"width:auto;height:200px;cursor:pointer\"\/><div class=\"div-block-9\"><h4 class=\"heading-5 news-heading\">HAEGER\u00ae 824\u2122 eDRIVE\u2122\u00a0<\/h4><p class=\"testimonial-text-two\">Konstante Qualit\u00e4t. Pr\u00e4zise Steuerung. Betrieb ohne \u00d6l.<br>Die neue Haeger\u00ae 824\u2122 eDrive\u2122 erreicht eine Kraftgenauigkeit von 1 % und eine Wiederholgenauigkeit von 0,02 mm \u2013 ideal f\u00fcr Aluminium, Leiterplatten (PCBs) und andere empfindliche Werkstoffe. Dank des hydraulikfreien Antriebs arbeitet sie sauberer, leiser und energieeffizienter.<\/p><\/div><\/div><div id=\"w-node-1\" class=\"testimonial-card-two\"><img decoding=\"async\" src=\"https:\/\/www.haeger.com\/wp-content\/uploads\/2024\/11\/618Multishuttle.jpg\" alt=\"MJF-Werkzeuge\u00a0\" class=\"image-2 services\" loading=\"lazy\" style=\"width:auto;height:200px;cursor:pointer\"\/><div class=\"div-block-9\"><h4 class=\"heading-5 news-heading\">MJF-Werkzeuge\u00a0<\/h4><p class=\"testimonial-text-two\">Kundenspezifische Haeger-Werkzeuge in 5 Wochen oder weniger \u2013 hergestellt mit Multi Jet Fusion (MJF) Additive Manufacturing. Besonders geeignet f\u00fcr Anwender mit <strong>kleinen Losgr\u00f6\u00dfen, h\u00e4ufigen Umr\u00fcstungen<\/strong> oder <strong>Ausfallrisiken durch nicht verf\u00fcgbare Ersatzteile<\/strong>.<\/p><\/div><\/div><div id=\"w-node-2\" class=\"testimonial-card-two\"><img decoding=\"async\" src=\"https:\/\/www.haeger.com\/wp-content\/uploads\/2025\/07\/Industry-40-Robot-Ready-pic.png\" alt=\"Industrie 4.0 Robot Ready\" class=\"image-2 services\" loading=\"lazy\" style=\"width:auto;height:200px;cursor:pointer\"\/><div class=\"div-block-9\"><h4 class=\"heading-5 news-heading\">Industrie 4.0 Robot Ready<\/h4><p class=\"testimonial-text-two\">Haeger-Maschinen mit Industrie-4.0-Paket und Robot-Ready-Kit sind f\u00fcr die nahtlose Integration in Smart Factories und automatisierte Fertigungslinien konzipiert.<br>Die OPC-UA-Schnittstelle erm\u00f6glicht den Echtzeit-Datenaustausch mit MES- oder ERP-Systemen, w\u00e4hrend die Offline-Programmierung eine zentrale Steuerung aller Setzprogramme erlaubt.<br>Robot-Ready-Hardware und -Software gew\u00e4hrleisten eine sichere, pr\u00e4zise Teilepositionierung und automatisierte Zyklussteuerung \u00fcber Profinet, Ethernet\/IP oder \u00e4hnliche Protokolle. Ein spezieller Robot-Mode optimiert das Maschinenverhalten f\u00fcr vollst\u00e4ndig automatisierte Prozesse \u2013 f\u00fcr maximale Geschwindigkeit, Zuverl\u00e4ssigkeit und digitale Vernetzung.<\/p><\/div><\/div><div id=\"w-node-3\" class=\"testimonial-card-two\"><img decoding=\"async\" src=\"https:\/\/www.haeger.com\/wp-content\/uploads\/2025\/05\/618-Pro-AA.png?cb=1748353433\" alt=\"HAEGER\u00ae 618\u2122 PRO-AA\u2122\u00a0\" class=\"image-2 services\" loading=\"lazy\" style=\"width:auto;height:200px;cursor:pointer\"\/><div class=\"div-block-9\"><h4 class=\"heading-5 news-heading\">HAEGER\u00ae 618\u2122 PRO-AA\u2122\u00a0<\/h4><p class=\"testimonial-text-two\">Die 618 PRO bietet 6 Tonnen (53 kN) Stanzkraft, eine Ausladung von 18&#8243; (450 mm) sowie einen verstellbaren Unterarm f\u00fcr maximale Flexibilit\u00e4t bei einzigartigen und anspruchsvollen Blechbauteilen.<br>Dar\u00fcber hinaus \u00fcberzeugt die vollhydraulische Maschine durch Zuverl\u00e4ssigkeit und Energieeffizienz und verf\u00fcgt \u00fcber unser patentiertes Sicherheitssystem, den Werkzeugschutz sowie einen Chargenz\u00e4hler.<\/p><\/div><\/div><div id=\"w-node-4\" class=\"testimonial-card-two\"><img decoding=\"async\" src=\"https:\/\/www.haeger.com\/wp-content\/uploads\/2025\/07\/ECCB-C-Silver.png\" alt=\"PEM Befestigungselemente - Highlights\u00a0\" class=\"image-2 services\" loading=\"lazy\" style=\"width:auto;height:200px;cursor:pointer\"\/><div class=\"div-block-9\"><h4 class=\"heading-5 news-heading\">PEM Befestigungselemente &#8211; Highlights\u00a0<\/h4><p class=\"testimonial-text-two\"><a href=\"https:\/\/www.pemnet.com\/pem-econnect-busbar-connector-system\/\" target=\"_blank\" rel=\"noreferrer noopener\"><strong>PEM eConnect\u00ae Sammelschienen-Stecksystem:<\/strong><\/a> Die Hochleistungsl\u00f6sung f\u00fcr das F\u00fcgen von Sammelschienen in Elektrofahrzeugen, Automobilelektronik und Industrieanwendungen.\u00a0<br><strong><a href=\"https:\/\/www.pemnet.com\/products\/engineering-guides\/pem-ifh-stud\/\" target=\"_blank\" rel=\"noreferrer noopener\"><strong>\u200bPEM\u00ae IFH\u2122 -Bolzen:<\/strong><\/a><\/strong> Der neue IFH\u2122-Bolzen ist das erste Ingress-Protection-Befestigungselement von PEM\u00ae, das eine wasserdichte Abdichtung erm\u00f6glicht und die Norm ISO 20653:2014 sowie die Schutzarten IPX7 und IPX9K erf\u00fcllt. <\/p><\/div><\/div><div id=\"w-node-5\" class=\"testimonial-card-two\"><img decoding=\"async\" src=\"https:\/\/www.haeger.com\/wp-content\/uploads\/2025\/07\/Sherex-logo-FC-2660x1440-1-scaled.png\" alt=\"Sherex\" class=\"image-2 services\" loading=\"lazy\" style=\"width:auto;height:200px;cursor:pointer\"\/><div class=\"div-block-9\"><h4 class=\"heading-5 news-heading\">Sherex<\/h4><p class=\"testimonial-text-two\">Sherex Fastening Solutions ist spezialisiert auf technisch anspruchsvolle Befestigungsl\u00f6sungen, darunter Blindnietmuttern, Einpressmuttern und Setzsysteme f\u00fcr Hochleistungsanwendungen. Ihre Produkte finden in der Automobil-, Luft- und Raumfahrt- sowie in der Industrie breite Anwendung und stehen f\u00fcr Festigkeit, Zuverl\u00e4ssigkeit und Effizienz in der Montage.\u00a0<\/p><\/div><\/div><\/div><\/section>\n\n\n\n<div class=\"wp-block-sh-blocks-cta w-layout-blockcontainer cta-section w-container\" sh-section=\"CTA\"><div class=\"overlay\"><\/div><div class=\"subpage-hero-heading-div\"><h2 class=\"style-guide__typography--heading cta-heading\">Ihre ideale Werkzeugl\u00f6sung \u2013 nur einen Klick entfernt.<\/h2><a href=\"\/de\/tooling-wizard\/\" class=\"button primary-button cta-button w-inline-block\"><p class=\"button-text\">Jetzt testen<\/p><\/a><\/div><\/div>\n\n\n\n<p><\/p>\n","protected":false},"excerpt":{"rendered":"<p>Jetzt kostenloses Ticket sichern Besuchen Sie uns auf der Blechexpo 2025 Stuttgart \u2014 Halle 3, Stand 3409 | 21.\u201324. Oktober Entdecken Sie die Zukunft der Befestigungstechnik am Stand 3409 in Halle 3 auf der Blechexpo 2025 Stuttgart! Ob Standard-Setzmaschinen oder vollst\u00e4ndig kundenspezifisch entwickelte L\u00f6sungen \u2013 Haeger\u00ae bietet einen ganzheitlichen Ansatz zur Bew\u00e4ltigung nahezu jeder Setzaufgabe. [&hellip;]<\/p>\n","protected":false},"author":152,"featured_media":0,"parent":0,"menu_order":0,"comment_status":"closed","ping_status":"closed","template":"","meta":{"_acf_changed":false,"footnotes":""},"class_list":["post-5893","page","type-page","status-publish","hentry"],"acf":false,"yoast_head":"<title>Blechexpo 2025 - Haeger (DE)<\/title>\n<meta name=\"robots\" content=\"index, follow, max-snippet:-1, max-image-preview:large, max-video-preview:-1\" \/>\n<link rel=\"canonical\" href=\"https:\/\/www.haeger.com\/de\/blechexpo-2025\/\" \/>\n<meta property=\"og:locale\" content=\"en_US\" \/>\n<meta property=\"og:type\" content=\"article\" \/>\n<meta property=\"og:title\" content=\"Blechexpo 2025 - Haeger (DE)\" \/>\n<meta property=\"og:description\" content=\"Jetzt kostenloses Ticket sichern Besuchen Sie uns auf der Blechexpo 2025 Stuttgart \u2014 Halle 3, Stand 3409 | 21.\u201324. Oktober Entdecken Sie die Zukunft der Befestigungstechnik am Stand 3409 in Halle 3 auf der Blechexpo 2025 Stuttgart! Ob Standard-Setzmaschinen oder vollst\u00e4ndig kundenspezifisch entwickelte L\u00f6sungen \u2013 Haeger\u00ae bietet einen ganzheitlichen Ansatz zur Bew\u00e4ltigung nahezu jeder Setzaufgabe. [&hellip;]\" \/>\n<meta property=\"og:url\" content=\"https:\/\/www.haeger.com\/de\/blechexpo-2025\/\" \/>\n<meta property=\"og:site_name\" content=\"Haeger (DE)\" \/>\n<meta property=\"article:modified_time\" content=\"2025-10-27T12:29:46+00:00\" \/>\n<meta name=\"twitter:card\" content=\"summary_large_image\" \/>\n<meta name=\"twitter:label1\" content=\"Est. reading time\" \/>\n\t<meta name=\"twitter:data1\" content=\"4 minutes\" \/>\n<script type=\"application\/ld+json\" class=\"yoast-schema-graph\">{\"@context\":\"https:\/\/schema.org\",\"@graph\":[{\"@type\":\"WebPage\",\"@id\":\"https:\/\/www.haeger.com\/de\/blechexpo-2025\/\",\"url\":\"https:\/\/www.haeger.com\/de\/blechexpo-2025\/\",\"name\":\"Blechexpo 2025 - Haeger (DE)\",\"isPartOf\":{\"@id\":\"https:\/\/www.haeger.com\/de\/#website\"},\"primaryImageOfPage\":{\"@id\":\"https:\/\/www.haeger.com\/de\/blechexpo-2025\/#primaryimage\"},\"image\":{\"@id\":\"https:\/\/www.haeger.com\/de\/blechexpo-2025\/#primaryimage\"},\"thumbnailUrl\":\"https:\/\/www.haeger.com\/wp-content\/uploads\/2025\/08\/BlechExpo-2025-email-header2.jpg\",\"datePublished\":\"2025-08-26T18:48:49+00:00\",\"dateModified\":\"2025-10-27T12:29:46+00:00\",\"breadcrumb\":{\"@id\":\"https:\/\/www.haeger.com\/de\/blechexpo-2025\/#breadcrumb\"},\"inLanguage\":\"en-US\",\"potentialAction\":[{\"@type\":\"ReadAction\",\"target\":[\"https:\/\/www.haeger.com\/de\/blechexpo-2025\/\"]}]},{\"@type\":\"ImageObject\",\"inLanguage\":\"en-US\",\"@id\":\"https:\/\/www.haeger.com\/de\/blechexpo-2025\/#primaryimage\",\"url\":\"https:\/\/www.haeger.com\/wp-content\/uploads\/2025\/08\/BlechExpo-2025-email-header2.jpg\",\"contentUrl\":\"https:\/\/www.haeger.com\/wp-content\/uploads\/2025\/08\/BlechExpo-2025-email-header2.jpg\"},{\"@type\":\"BreadcrumbList\",\"@id\":\"https:\/\/www.haeger.com\/de\/blechexpo-2025\/#breadcrumb\",\"itemListElement\":[{\"@type\":\"ListItem\",\"position\":1,\"name\":\"Home\",\"item\":\"https:\/\/www.haeger.com\/de\/\"},{\"@type\":\"ListItem\",\"position\":2,\"name\":\"Blechexpo 2025\"}]},{\"@type\":\"WebSite\",\"@id\":\"https:\/\/www.haeger.com\/de\/#website\",\"url\":\"https:\/\/www.haeger.com\/de\/\",\"name\":\"Haeger (DE)\",\"description\":\"\",\"potentialAction\":[{\"@type\":\"SearchAction\",\"target\":{\"@type\":\"EntryPoint\",\"urlTemplate\":\"https:\/\/www.haeger.com\/de\/?s={search_term_string}\"},\"query-input\":{\"@type\":\"PropertyValueSpecification\",\"valueRequired\":true,\"valueName\":\"search_term_string\"}}],\"inLanguage\":\"en-US\"}]}<\/script>","yoast_head_json":{"title":"Blechexpo 2025 - Haeger (DE)","robots":{"index":"index","follow":"follow","max-snippet":"max-snippet:-1","max-image-preview":"max-image-preview:large","max-video-preview":"max-video-preview:-1"},"canonical":"https:\/\/www.haeger.com\/de\/blechexpo-2025\/","og_locale":"en_US","og_type":"article","og_title":"Blechexpo 2025 - Haeger (DE)","og_description":"Jetzt kostenloses Ticket sichern Besuchen Sie uns auf der Blechexpo 2025 Stuttgart \u2014 Halle 3, Stand 3409 | 21.\u201324. Oktober Entdecken Sie die Zukunft der Befestigungstechnik am Stand 3409 in Halle 3 auf der Blechexpo 2025 Stuttgart! Ob Standard-Setzmaschinen oder vollst\u00e4ndig kundenspezifisch entwickelte L\u00f6sungen \u2013 Haeger\u00ae bietet einen ganzheitlichen Ansatz zur Bew\u00e4ltigung nahezu jeder Setzaufgabe. [&hellip;]","og_url":"https:\/\/www.haeger.com\/de\/blechexpo-2025\/","og_site_name":"Haeger (DE)","article_modified_time":"2025-10-27T12:29:46+00:00","twitter_card":"summary_large_image","twitter_misc":{"Est. reading time":"4 minutes"},"schema":{"@context":"https:\/\/schema.org","@graph":[{"@type":"WebPage","@id":"https:\/\/www.haeger.com\/de\/blechexpo-2025\/","url":"https:\/\/www.haeger.com\/de\/blechexpo-2025\/","name":"Blechexpo 2025 - Haeger (DE)","isPartOf":{"@id":"https:\/\/www.haeger.com\/de\/#website"},"primaryImageOfPage":{"@id":"https:\/\/www.haeger.com\/de\/blechexpo-2025\/#primaryimage"},"image":{"@id":"https:\/\/www.haeger.com\/de\/blechexpo-2025\/#primaryimage"},"thumbnailUrl":"https:\/\/www.haeger.com\/wp-content\/uploads\/2025\/08\/BlechExpo-2025-email-header2.jpg","datePublished":"2025-08-26T18:48:49+00:00","dateModified":"2025-10-27T12:29:46+00:00","breadcrumb":{"@id":"https:\/\/www.haeger.com\/de\/blechexpo-2025\/#breadcrumb"},"inLanguage":"en-US","potentialAction":[{"@type":"ReadAction","target":["https:\/\/www.haeger.com\/de\/blechexpo-2025\/"]}]},{"@type":"ImageObject","inLanguage":"en-US","@id":"https:\/\/www.haeger.com\/de\/blechexpo-2025\/#primaryimage","url":"https:\/\/www.haeger.com\/wp-content\/uploads\/2025\/08\/BlechExpo-2025-email-header2.jpg","contentUrl":"https:\/\/www.haeger.com\/wp-content\/uploads\/2025\/08\/BlechExpo-2025-email-header2.jpg"},{"@type":"BreadcrumbList","@id":"https:\/\/www.haeger.com\/de\/blechexpo-2025\/#breadcrumb","itemListElement":[{"@type":"ListItem","position":1,"name":"Home","item":"https:\/\/www.haeger.com\/de\/"},{"@type":"ListItem","position":2,"name":"Blechexpo 2025"}]},{"@type":"WebSite","@id":"https:\/\/www.haeger.com\/de\/#website","url":"https:\/\/www.haeger.com\/de\/","name":"Haeger (DE)","description":"","potentialAction":[{"@type":"SearchAction","target":{"@type":"EntryPoint","urlTemplate":"https:\/\/www.haeger.com\/de\/?s={search_term_string}"},"query-input":{"@type":"PropertyValueSpecification","valueRequired":true,"valueName":"search_term_string"}}],"inLanguage":"en-US"}]}},"acf_fields":[],"_links":{"self":[{"href":"https:\/\/www.haeger.com\/de\/wp-json\/wp\/v2\/pages\/5893","targetHints":{"allow":["GET"]}}],"collection":[{"href":"https:\/\/www.haeger.com\/de\/wp-json\/wp\/v2\/pages"}],"about":[{"href":"https:\/\/www.haeger.com\/de\/wp-json\/wp\/v2\/types\/page"}],"author":[{"embeddable":true,"href":"https:\/\/www.haeger.com\/de\/wp-json\/wp\/v2\/users\/152"}],"replies":[{"embeddable":true,"href":"https:\/\/www.haeger.com\/de\/wp-json\/wp\/v2\/comments?post=5893"}],"version-history":[{"count":9,"href":"https:\/\/www.haeger.com\/de\/wp-json\/wp\/v2\/pages\/5893\/revisions"}],"predecessor-version":[{"id":6002,"href":"https:\/\/www.haeger.com\/de\/wp-json\/wp\/v2\/pages\/5893\/revisions\/6002"}],"wp:attachment":[{"href":"https:\/\/www.haeger.com\/de\/wp-json\/wp\/v2\/media?parent=5893"}],"curies":[{"name":"wp","href":"https:\/\/api.w.org\/{rel}","templated":true}]}}