{"id":513,"date":"2024-12-28T18:52:20","date_gmt":"2024-12-28T18:52:20","guid":{"rendered":"https:\/\/dev-haeger25.pantheonsite.io\/?page_id=513"},"modified":"2025-10-31T09:52:33","modified_gmt":"2025-10-31T09:52:33","slug":"about-us","status":"publish","type":"page","link":"https:\/\/www.haeger.com\/de\/about-us\/","title":{"rendered":"About Us"},"content":{"rendered":"\n<div class=\"wp-block-sh-blocks-subpage-hero-with-subtext w-layout-blockcontainer subpage-hero w-container\" style=\"background-image:url(https:\/\/www.haeger.com\/de\/wp-content\/uploads\/2025\/01\/AboutUsHero.jpg)\"><div class=\"subpage-hero-heading-div\"><h1 class=\"style-guide__typography--heading subpage-hero-heading\">\u00dcBER UNS.<\/h1><\/div><div class=\"hero-overlay\"><\/div><\/div>\n\n\n\n<section class=\"wp-block-sh-blocks-blurb-no-button blurb-container\" sh-section=\"Blurb No Button\"><div class=\"blurb-items\"><p class=\"blurb-paragraph no-padding\">Haeger<sup>\u00ae<\/sup> ist ein weltweit f\u00fchrendes Unternehmen im Bereich der Befestigungselementmontage und bietet fortschrittliche Maschinenl\u00f6sungen sowie umfassende Serviceleistungen mit herausragender Kundenbetreuung. Mit dem Fokus auf die L\u00f6sung komplexer Herausforderungen, der Minimierung von Ausfallzeiten und der Verarbeitung unterschiedlichster Befestigungselemente und Werkstoffe entwickeln unsere Ingenieure kontinuierlich zuverl\u00e4ssige und leistungsf\u00e4hige L\u00f6sungen..\u00a0<br><br>Als Teil der Markenfamilie von PennEngineering<sup>\u00ae<\/sup> und in Partnerschaft mit PEM<sup>\u00ae<\/sup> Befestigungselementen bieten wir eine komplette Systeml\u00f6sung f\u00fcr die effiziente und zuverl\u00e4ssige Installation von Befestigungselementen.<br>\u00a0<br>Ausschlaggebend ist die korrekte Setzung des passenden Befestigungselements im ersten Arbeitsschritt. Mit Haeger wird dies zum Standardprozess.<\/p><\/div><\/section>\n\n\n\n<section class=\"wp-block-sh-blocks-why-haeger-blocks image-blocks about-careers\"><div id=\"products-holder\" class=\"mw1050 move-up\"><div class=\"individual-image-block\"><div class=\"product-photo\"><img decoding=\"async\" src=\"https:\/\/www.haeger.com\/de\/wp-content\/uploads\/2025\/02\/Penn-Candids-BCP-2024-30-scaled.jpg\" loading=\"lazy\" alt=\"\" class=\"prodiuct-photo-jpg why-haeger\"\/><\/div><div class=\"product-text\"><h4 class=\"heading-3 product-h4\">warum haeger?<\/h4><p class=\"paragraph-3\">Seit \u00fcber 40 Jahren entwickeln wir als einer der technologisch f\u00fchrenden Anbieter Systeme f\u00fcr nahezu jede Art und Gr\u00f6\u00dfe von selbstsichernden Befestigungselementen. Unser Fokus liegt auf Einpressmaschinen, auf die sich unsere Kunden verlassen k\u00f6nnen \u2013 um Ausfallzeiten zu minimieren und den Output zu maximieren.<\/p><a href=\"\/about-us\/why-haeger\/\" class=\"button primary-button cta-button mobile w-inline-block\"><p class=\"button-text\">weitere informationen<\/p><\/a><\/div><\/div><div class=\"individual-image-block\"><div class=\"product-photo\"><img decoding=\"async\" src=\"https:\/\/www.haeger.com\/de\/wp-content\/uploads\/2025\/02\/Penn-Portraits-2024-BCP-290-300-dpi-scaled.jpg\" loading=\"lazy\" alt=\"\" class=\"prodiuct-photo-jpg why-haeger\"\/><\/div><div class=\"product-text\"><h4 class=\"heading-3 product-h4\">karriere<\/h4><p class=\"paragraph-3\">Entdecken Sie, wie Sie uns dabei unterst\u00fctzen k\u00f6nnen, die weltweit gr\u00f6\u00dften Herausforderungen im Bereich der Befestigungstechnik zu l\u00f6sen. Als globaler Marktf\u00fchrer im Bereich Befestigungsmaschinen suchen wir stets nach talentierten und vielf\u00e4ltigen Fachkr\u00e4ften.<\/p><a href=\"\/about-us\/careers\/\" class=\"button primary-button cta-button mobile w-inline-block\"><p class=\"button-text\">weitere informationen<\/p><\/a><\/div><\/div><\/div><\/section>\n\n\n\n<div class=\"wp-block-sh-blocks-cta w-layout-blockcontainer cta-section w-container\" sh-section=\"CTA\"><div class=\"overlay\"><\/div><div class=\"subpage-hero-heading-div\"><h2 class=\"style-guide__typography--heading cta-heading\">Kontaktieren Sie uns, um mehr zu erfahren.<\/h2><a href=\"\/contact\" class=\"button primary-button cta-button w-inline-block\"><p class=\"button-text\">kontaktieren sie uns<\/p><\/a><\/div><\/div>\n","protected":false},"excerpt":{"rendered":"","protected":false},"author":2,"featured_media":0,"parent":0,"menu_order":0,"comment_status":"closed","ping_status":"closed","template":"","meta":{"_acf_changed":false,"footnotes":""},"class_list":["post-513","page","type-page","status-publish","hentry"],"acf":false,"yoast_head":"<title>About Us | Haeger Insertion Machines | Haeger USA<\/title>\n<meta name=\"description\" content=\"Haeger, a PennEngineering company, leads fastener insertion technology with machines and handle diverse self-clinching fasteners.\" \/>\n<meta name=\"robots\" content=\"index, follow, max-snippet:-1, max-image-preview:large, max-video-preview:-1\" \/>\n<link rel=\"canonical\" href=\"https:\/\/www.haeger.com\/de\/about-us\/\" \/>\n<meta property=\"og:locale\" content=\"en_US\" \/>\n<meta property=\"og:type\" content=\"article\" \/>\n<meta property=\"og:title\" content=\"About Us | Haeger Insertion Machines | Haeger USA\" \/>\n<meta property=\"og:description\" content=\"Haeger, a PennEngineering company, leads fastener insertion technology with machines and handle diverse self-clinching fasteners.\" \/>\n<meta property=\"og:url\" content=\"https:\/\/www.haeger.com\/de\/about-us\/\" \/>\n<meta property=\"og:site_name\" content=\"Haeger (DE)\" \/>\n<meta property=\"article:modified_time\" content=\"2025-10-31T09:52:33+00:00\" \/>\n<meta property=\"og:image\" content=\"https:\/\/www.haeger.com\/de\/wp-content\/uploads\/2025\/02\/Penn-Candids-BCP-2024-30-scaled.jpg\" \/>\n<meta name=\"twitter:card\" content=\"summary_large_image\" \/>\n<meta name=\"twitter:label1\" content=\"Est. reading time\" \/>\n\t<meta name=\"twitter:data1\" content=\"2 minutes\" \/>\n<script type=\"application\/ld+json\" class=\"yoast-schema-graph\">{\"@context\":\"https:\/\/schema.org\",\"@graph\":[{\"@type\":\"WebPage\",\"@id\":\"https:\/\/www.haeger.com\/de\/about-us\/\",\"url\":\"https:\/\/www.haeger.com\/de\/about-us\/\",\"name\":\"About Us | Haeger Insertion Machines | Haeger USA\",\"isPartOf\":{\"@id\":\"https:\/\/www.haeger.com\/de\/#website\"},\"primaryImageOfPage\":{\"@id\":\"https:\/\/www.haeger.com\/de\/about-us\/#primaryimage\"},\"image\":{\"@id\":\"https:\/\/www.haeger.com\/de\/about-us\/#primaryimage\"},\"thumbnailUrl\":\"https:\/\/www.haeger.com\/de\/wp-content\/uploads\/2025\/02\/Penn-Candids-BCP-2024-30-scaled.jpg\",\"datePublished\":\"2024-12-28T18:52:20+00:00\",\"dateModified\":\"2025-10-31T09:52:33+00:00\",\"description\":\"Haeger, a PennEngineering company, leads fastener insertion technology with machines and handle diverse self-clinching fasteners.\",\"breadcrumb\":{\"@id\":\"https:\/\/www.haeger.com\/de\/about-us\/#breadcrumb\"},\"inLanguage\":\"en-US\",\"potentialAction\":[{\"@type\":\"ReadAction\",\"target\":[\"https:\/\/www.haeger.com\/de\/about-us\/\"]}]},{\"@type\":\"ImageObject\",\"inLanguage\":\"en-US\",\"@id\":\"https:\/\/www.haeger.com\/de\/about-us\/#primaryimage\",\"url\":\"https:\/\/www.haeger.com\/de\/wp-content\/uploads\/2025\/02\/Penn-Candids-BCP-2024-30-scaled.jpg\",\"contentUrl\":\"https:\/\/www.haeger.com\/de\/wp-content\/uploads\/2025\/02\/Penn-Candids-BCP-2024-30-scaled.jpg\"},{\"@type\":\"BreadcrumbList\",\"@id\":\"https:\/\/www.haeger.com\/de\/about-us\/#breadcrumb\",\"itemListElement\":[{\"@type\":\"ListItem\",\"position\":1,\"name\":\"Home\",\"item\":\"https:\/\/www.haeger.com\/de\/\"},{\"@type\":\"ListItem\",\"position\":2,\"name\":\"About Us\"}]},{\"@type\":\"WebSite\",\"@id\":\"https:\/\/www.haeger.com\/de\/#website\",\"url\":\"https:\/\/www.haeger.com\/de\/\",\"name\":\"Haeger (DE)\",\"description\":\"\",\"potentialAction\":[{\"@type\":\"SearchAction\",\"target\":{\"@type\":\"EntryPoint\",\"urlTemplate\":\"https:\/\/www.haeger.com\/de\/?s={search_term_string}\"},\"query-input\":{\"@type\":\"PropertyValueSpecification\",\"valueRequired\":true,\"valueName\":\"search_term_string\"}}],\"inLanguage\":\"en-US\"}]}<\/script>","yoast_head_json":{"title":"About Us | Haeger Insertion Machines | Haeger USA","description":"Haeger, a PennEngineering company, leads fastener insertion technology with machines and handle diverse self-clinching fasteners.","robots":{"index":"index","follow":"follow","max-snippet":"max-snippet:-1","max-image-preview":"max-image-preview:large","max-video-preview":"max-video-preview:-1"},"canonical":"https:\/\/www.haeger.com\/de\/about-us\/","og_locale":"en_US","og_type":"article","og_title":"About Us | Haeger Insertion Machines | Haeger USA","og_description":"Haeger, a PennEngineering company, leads fastener insertion technology with machines and handle diverse self-clinching fasteners.","og_url":"https:\/\/www.haeger.com\/de\/about-us\/","og_site_name":"Haeger (DE)","article_modified_time":"2025-10-31T09:52:33+00:00","og_image":[{"url":"https:\/\/www.haeger.com\/de\/wp-content\/uploads\/2025\/02\/Penn-Candids-BCP-2024-30-scaled.jpg","type":"","width":"","height":""}],"twitter_card":"summary_large_image","twitter_misc":{"Est. reading time":"2 minutes"},"schema":{"@context":"https:\/\/schema.org","@graph":[{"@type":"WebPage","@id":"https:\/\/www.haeger.com\/de\/about-us\/","url":"https:\/\/www.haeger.com\/de\/about-us\/","name":"About Us | Haeger Insertion Machines | Haeger USA","isPartOf":{"@id":"https:\/\/www.haeger.com\/de\/#website"},"primaryImageOfPage":{"@id":"https:\/\/www.haeger.com\/de\/about-us\/#primaryimage"},"image":{"@id":"https:\/\/www.haeger.com\/de\/about-us\/#primaryimage"},"thumbnailUrl":"https:\/\/www.haeger.com\/de\/wp-content\/uploads\/2025\/02\/Penn-Candids-BCP-2024-30-scaled.jpg","datePublished":"2024-12-28T18:52:20+00:00","dateModified":"2025-10-31T09:52:33+00:00","description":"Haeger, a PennEngineering company, leads fastener insertion technology with machines and handle diverse self-clinching fasteners.","breadcrumb":{"@id":"https:\/\/www.haeger.com\/de\/about-us\/#breadcrumb"},"inLanguage":"en-US","potentialAction":[{"@type":"ReadAction","target":["https:\/\/www.haeger.com\/de\/about-us\/"]}]},{"@type":"ImageObject","inLanguage":"en-US","@id":"https:\/\/www.haeger.com\/de\/about-us\/#primaryimage","url":"https:\/\/www.haeger.com\/de\/wp-content\/uploads\/2025\/02\/Penn-Candids-BCP-2024-30-scaled.jpg","contentUrl":"https:\/\/www.haeger.com\/de\/wp-content\/uploads\/2025\/02\/Penn-Candids-BCP-2024-30-scaled.jpg"},{"@type":"BreadcrumbList","@id":"https:\/\/www.haeger.com\/de\/about-us\/#breadcrumb","itemListElement":[{"@type":"ListItem","position":1,"name":"Home","item":"https:\/\/www.haeger.com\/de\/"},{"@type":"ListItem","position":2,"name":"About Us"}]},{"@type":"WebSite","@id":"https:\/\/www.haeger.com\/de\/#website","url":"https:\/\/www.haeger.com\/de\/","name":"Haeger (DE)","description":"","potentialAction":[{"@type":"SearchAction","target":{"@type":"EntryPoint","urlTemplate":"https:\/\/www.haeger.com\/de\/?s={search_term_string}"},"query-input":{"@type":"PropertyValueSpecification","valueRequired":true,"valueName":"search_term_string"}}],"inLanguage":"en-US"}]}},"acf_fields":[],"_links":{"self":[{"href":"https:\/\/www.haeger.com\/de\/wp-json\/wp\/v2\/pages\/513","targetHints":{"allow":["GET"]}}],"collection":[{"href":"https:\/\/www.haeger.com\/de\/wp-json\/wp\/v2\/pages"}],"about":[{"href":"https:\/\/www.haeger.com\/de\/wp-json\/wp\/v2\/types\/page"}],"author":[{"embeddable":true,"href":"https:\/\/www.haeger.com\/de\/wp-json\/wp\/v2\/users\/2"}],"replies":[{"embeddable":true,"href":"https:\/\/www.haeger.com\/de\/wp-json\/wp\/v2\/comments?post=513"}],"version-history":[{"count":19,"href":"https:\/\/www.haeger.com\/de\/wp-json\/wp\/v2\/pages\/513\/revisions"}],"predecessor-version":[{"id":6015,"href":"https:\/\/www.haeger.com\/de\/wp-json\/wp\/v2\/pages\/513\/revisions\/6015"}],"wp:attachment":[{"href":"https:\/\/www.haeger.com\/de\/wp-json\/wp\/v2\/media?parent=513"}],"curies":[{"name":"wp","href":"https:\/\/api.w.org\/{rel}","templated":true}]}}