{"id":264,"date":"2024-12-17T19:41:52","date_gmt":"2024-12-17T19:41:52","guid":{"rendered":"https:\/\/dev-haeger25.pantheonsite.io\/?page_id=264"},"modified":"2025-12-09T13:21:50","modified_gmt":"2025-12-09T13:21:50","slug":"stock-check","status":"publish","type":"page","link":"https:\/\/www.haeger.com\/de\/products\/stock-check\/","title":{"rendered":"Stock Check"},"content":{"rendered":"\n<div class=\"wp-block-sh-blocks-subpage-hero-with-subtext w-layout-blockcontainer subpage-hero w-container\" style=\"background-image:url(https:\/\/www.haeger.com\/de\/wp-content\/uploads\/2025\/01\/Group-791.jpg)\"><div class=\"subpage-hero-heading-div\"><h1 class=\"style-guide__typography--heading subpage-hero-heading\">verf\u00fcgbarkeit pr\u00fcfen.<\/h1><\/div><div class=\"hero-overlay\"><\/div><\/div>\n\n\n\n<section sh-section=\"Blurb With Search\" class=\"wp-block-sh-blocks-product-lookup blurb-container\"><div class=\"blurb-items\"><h2 class=\"_25px blurb\"><\/h2><p class=\"blurb-paragraph\">Wenn Sie eine Maschine oder ein Bauteil suchen, geben Sie unten die Teilenummer oder eine Beschreibung ein, um die Verf\u00fcgbarkeit zu pr\u00fcfen. Wir tun alles, um Ihnen schnellstm\u00f6glich das gew\u00fcnschte Produkt bereitzustellen. Bestellungen lagernder Artikel, die bis 14:00 Uhr (EST) eingehen, werden noch am selben Tag versandt.<\/p><div class=\"form-block-3 w-form\"><form id=\"lookup-form\"><input class=\"part-search w-input\" maxlength=\"256\" placeholder=\"ENTER PART NUMBER\" type=\"text\" id=\"part-number\"\/><p>ODER<\/p><input class=\"part-search w-input\" maxlength=\"256\" placeholder=\"ENTER DESCRIPTION\" type=\"text\" id=\"description\"\/><button type=\"submit\" class=\"button primary-button form-button w-button\">FINDEN<\/button><\/form><\/div><div id=\"results\"><\/div><\/div><\/section>\n\n\n\n<div class=\"wp-block-sh-blocks-cta w-layout-blockcontainer cta-section w-container\" sh-section=\"CTA\"><div class=\"overlay\"><\/div><div class=\"subpage-hero-heading-div\"><h2 class=\"style-guide__typography--heading cta-heading\">FINDEN SIE DAS PASSENDE WERKZEUG F\u00dcR IHRE ANWENDUNG.<\/h2><a href=\"\/tooling-wizard\/\" class=\"button primary-button cta-button w-inline-block\"><p class=\"button-text\">mit dem werkzeug-assistenten verbinden<\/p><\/a><\/div><\/div>\n","protected":false},"excerpt":{"rendered":"","protected":false},"author":1,"featured_media":0,"parent":0,"menu_order":0,"comment_status":"closed","ping_status":"closed","template":"","meta":{"_acf_changed":false,"footnotes":""},"class_list":["post-264","page","type-page","status-publish","hentry"],"acf":false,"yoast_head":"<title>Stock Check | Haeger USA<\/title>\n<meta name=\"description\" content=\"Check availability for Haeger machines and parts by entering a part number or description.\" \/>\n<meta name=\"robots\" content=\"index, follow, max-snippet:-1, max-image-preview:large, max-video-preview:-1\" \/>\n<link rel=\"canonical\" href=\"https:\/\/www.haeger.com\/de\/products\/stock-check\/\" \/>\n<meta property=\"og:locale\" content=\"en_US\" \/>\n<meta property=\"og:type\" content=\"article\" \/>\n<meta property=\"og:title\" content=\"Stock Check | Haeger USA\" \/>\n<meta property=\"og:description\" content=\"Check availability for Haeger machines and parts by entering a part number or description.\" \/>\n<meta property=\"og:url\" content=\"https:\/\/www.haeger.com\/de\/products\/stock-check\/\" \/>\n<meta property=\"og:site_name\" content=\"Haeger (DE)\" \/>\n<meta property=\"article:modified_time\" content=\"2025-12-09T13:21:50+00:00\" \/>\n<meta name=\"twitter:card\" content=\"summary_large_image\" \/>\n<script type=\"application\/ld+json\" class=\"yoast-schema-graph\">{\"@context\":\"https:\/\/schema.org\",\"@graph\":[{\"@type\":\"WebPage\",\"@id\":\"https:\/\/www.haeger.com\/de\/products\/stock-check\/\",\"url\":\"https:\/\/www.haeger.com\/de\/products\/stock-check\/\",\"name\":\"Stock Check | Haeger USA\",\"isPartOf\":{\"@id\":\"https:\/\/www.haeger.com\/de\/#website\"},\"datePublished\":\"2024-12-17T19:41:52+00:00\",\"dateModified\":\"2025-12-09T13:21:50+00:00\",\"description\":\"Check availability for Haeger machines and parts by entering a part number or description.\",\"breadcrumb\":{\"@id\":\"https:\/\/www.haeger.com\/de\/products\/stock-check\/#breadcrumb\"},\"inLanguage\":\"en-US\",\"potentialAction\":[{\"@type\":\"ReadAction\",\"target\":[\"https:\/\/www.haeger.com\/de\/products\/stock-check\/\"]}]},{\"@type\":\"BreadcrumbList\",\"@id\":\"https:\/\/www.haeger.com\/de\/products\/stock-check\/#breadcrumb\",\"itemListElement\":[{\"@type\":\"ListItem\",\"position\":1,\"name\":\"Home\",\"item\":\"https:\/\/www.haeger.com\/de\/\"},{\"@type\":\"ListItem\",\"position\":2,\"name\":\"Stock Check\"}]},{\"@type\":\"WebSite\",\"@id\":\"https:\/\/www.haeger.com\/de\/#website\",\"url\":\"https:\/\/www.haeger.com\/de\/\",\"name\":\"Haeger (DE)\",\"description\":\"\",\"potentialAction\":[{\"@type\":\"SearchAction\",\"target\":{\"@type\":\"EntryPoint\",\"urlTemplate\":\"https:\/\/www.haeger.com\/de\/?s={search_term_string}\"},\"query-input\":{\"@type\":\"PropertyValueSpecification\",\"valueRequired\":true,\"valueName\":\"search_term_string\"}}],\"inLanguage\":\"en-US\"}]}<\/script>","yoast_head_json":{"title":"Stock Check | Haeger USA","description":"Check availability for Haeger machines and parts by entering a part number or description.","robots":{"index":"index","follow":"follow","max-snippet":"max-snippet:-1","max-image-preview":"max-image-preview:large","max-video-preview":"max-video-preview:-1"},"canonical":"https:\/\/www.haeger.com\/de\/products\/stock-check\/","og_locale":"en_US","og_type":"article","og_title":"Stock Check | Haeger USA","og_description":"Check availability for Haeger machines and parts by entering a part number or description.","og_url":"https:\/\/www.haeger.com\/de\/products\/stock-check\/","og_site_name":"Haeger (DE)","article_modified_time":"2025-12-09T13:21:50+00:00","twitter_card":"summary_large_image","schema":{"@context":"https:\/\/schema.org","@graph":[{"@type":"WebPage","@id":"https:\/\/www.haeger.com\/de\/products\/stock-check\/","url":"https:\/\/www.haeger.com\/de\/products\/stock-check\/","name":"Stock Check | Haeger USA","isPartOf":{"@id":"https:\/\/www.haeger.com\/de\/#website"},"datePublished":"2024-12-17T19:41:52+00:00","dateModified":"2025-12-09T13:21:50+00:00","description":"Check availability for Haeger machines and parts by entering a part number or description.","breadcrumb":{"@id":"https:\/\/www.haeger.com\/de\/products\/stock-check\/#breadcrumb"},"inLanguage":"en-US","potentialAction":[{"@type":"ReadAction","target":["https:\/\/www.haeger.com\/de\/products\/stock-check\/"]}]},{"@type":"BreadcrumbList","@id":"https:\/\/www.haeger.com\/de\/products\/stock-check\/#breadcrumb","itemListElement":[{"@type":"ListItem","position":1,"name":"Home","item":"https:\/\/www.haeger.com\/de\/"},{"@type":"ListItem","position":2,"name":"Stock Check"}]},{"@type":"WebSite","@id":"https:\/\/www.haeger.com\/de\/#website","url":"https:\/\/www.haeger.com\/de\/","name":"Haeger (DE)","description":"","potentialAction":[{"@type":"SearchAction","target":{"@type":"EntryPoint","urlTemplate":"https:\/\/www.haeger.com\/de\/?s={search_term_string}"},"query-input":{"@type":"PropertyValueSpecification","valueRequired":true,"valueName":"search_term_string"}}],"inLanguage":"en-US"}]}},"acf_fields":[],"_links":{"self":[{"href":"https:\/\/www.haeger.com\/de\/wp-json\/wp\/v2\/pages\/264","targetHints":{"allow":["GET"]}}],"collection":[{"href":"https:\/\/www.haeger.com\/de\/wp-json\/wp\/v2\/pages"}],"about":[{"href":"https:\/\/www.haeger.com\/de\/wp-json\/wp\/v2\/types\/page"}],"author":[{"embeddable":true,"href":"https:\/\/www.haeger.com\/de\/wp-json\/wp\/v2\/users\/1"}],"replies":[{"embeddable":true,"href":"https:\/\/www.haeger.com\/de\/wp-json\/wp\/v2\/comments?post=264"}],"version-history":[{"count":22,"href":"https:\/\/www.haeger.com\/de\/wp-json\/wp\/v2\/pages\/264\/revisions"}],"predecessor-version":[{"id":6053,"href":"https:\/\/www.haeger.com\/de\/wp-json\/wp\/v2\/pages\/264\/revisions\/6053"}],"wp:attachment":[{"href":"https:\/\/www.haeger.com\/de\/wp-json\/wp\/v2\/media?parent=264"}],"curies":[{"name":"wp","href":"https:\/\/api.w.org\/{rel}","templated":true}]}}