{"id":210,"date":"2024-12-12T20:04:07","date_gmt":"2024-12-12T20:04:07","guid":{"rendered":"https:\/\/dev-haeger25.pantheonsite.io\/?page_id=210"},"modified":"2025-10-23T09:48:31","modified_gmt":"2025-10-23T09:48:31","slug":"hand-tools","status":"publish","type":"page","link":"https:\/\/www.haeger.com\/de\/products\/hand-tools\/","title":{"rendered":"Hand Tools"},"content":{"rendered":"\n<div class=\"wp-block-sh-blocks-subpage-hero-with-subtext w-layout-blockcontainer subpage-hero w-container\" style=\"background-image:url(https:\/\/www.haeger.com\/de\/wp-content\/uploads\/2025\/01\/Group-790.jpg)\"><div class=\"subpage-hero-heading-div\"><h1 class=\"style-guide__typography--heading subpage-hero-heading\">Handgef\u00fchrte Befestigungsl\u00f6sungen.<\/h1><\/div><div class=\"hero-overlay\"><\/div><\/div>\n\n\n\n<section sh-section=\"Blurb With Button\" class=\"wp-block-sh-blocks-blurb-with-button blurb-container\"><div class=\"blurb-items\"><p class=\"blurb-paragraph\">Haeger\u00ae bietet zwei Handwerkzeuge zur Verarbeitung von PEM\u00ae Befestigungselementen an, die unter anderem in der Unterhaltungselektronik, Automobilelektronik und vielen weiteren Anwendungen zum Einsatz kommen. Unabh\u00e4ngig davon, ob Sie sich f\u00fcr die pneumatische oder manuelle Variante entscheiden \u2013 beide L\u00f6sungen liefern eine kraftvolle Setzleistung und eine einfache Handhabung.<\/p><a href=\"https:\/\/info.pemnet.com\/technical-training#installation-training\" class=\"button primary-button cta-button w-inline-block\"><p class=\"button-text\">schulungsvideos<\/p><\/a><\/div><\/section>\n\n\n<section sh-section=\"Product Blocks\" class=\"image-blocks products\">\n  <div class=\"testimonial-grid-two services\">\n    <div id=\"w-node-facbbfb5-5d7d-449d-fefa-837a71b01a5c-71b01a5a\" class=\"testimonial-card-two products\" react-key=\"\"><img decoding=\"async\" src=\"https:\/\/www.haeger.com\/de\/wp-content\/uploads\/sites\/5\/2024\/11\/mico.png\" loading=\"lazy\" width=\"Auto\" height=\"200\" alt=\"\" class=\"image-2 products\">\n      <div class=\"div-block-9 products\">\n        <h4 class=\"heading-5 news-heading\">PEMSERTER\u00ae Micro-Mate\u00ae HAND TOOL<\/h4>\n        <p class=\"testimonial-text-two\">Mit einem Gewicht von nur 1,25 kg und einer Presskraft von 1.134 kg ist das PEMSERTER Micro-Mate ein vielseitiges Handwerkzeug, das hervorragend ausgestattet ist. Es eignet sich ideal f\u00fcr Prototypenwerkst\u00e4tten oder Kleinserienproduktionen.<\/p>\n        <a href=\"https:\/\/www.haeger.com\/de\/products\/hand-tools\/pemserter-micro-mate-hand-tool\/\" class=\"button primary-button cta-button mobile w-inline-block\" sh-dynamic-link=\"0\">\n          <p class=\"button-text\">Entdecken Sie Micro-Mate<\/p>\n        <\/a>\n      <\/div>\n    <\/div><div id=\"w-node-facbbfb5-5d7d-449d-fefa-837a71b01a5c-71b01a5a\" class=\"testimonial-card-two products\" react-key=\"\"><img decoding=\"async\" src=\"https:\/\/www.haeger.com\/de\/wp-content\/uploads\/sites\/5\/2024\/11\/pneumatic.png\" loading=\"lazy\" width=\"Auto\" height=\"200\" alt=\"\" class=\"image-2 products\">\n      <div class=\"div-block-9 products\">\n        <h4 class=\"heading-5 news-heading\">PEMSERTER\u00ae Series P3\u00ae PORTABLE PNEUMATIC HAND TOOL<\/h4>\n        <p class=\"testimonial-text-two\">Das Befestigungseinsetzwerkzeug der PEMSERTER\u00ae\u00a0Serie P3 ist ein tragbares, kraftbetriebenes Handger\u00e4t mit einem Gewicht von nur 4,6 kg (10 lbs). Es erzeugt eine Presskraft von bis zu 22,2 kN (5.000 lbs) und erm\u00f6glicht die einfache Montage von PEM\u00ae\u00a0Einpressmuttern und -bolzen in z\u00f6lligen und metrischen Gr\u00f6\u00dfen.<\/p>\n        <a href=\"https:\/\/www.haeger.com\/de\/products\/hand-tools\/pemserter-series-p3-portable-pneumatic-hand-tool\/\" class=\"button primary-button cta-button mobile w-inline-block\" sh-dynamic-link=\"0\">\n          <p class=\"button-text\">Entdecken Sie die Serie P3<\/p>\n        <\/a>\n      <\/div>\n    <\/div><\/div>\n<\/section>\n\n\n\n<div class=\"wp-block-sh-blocks-cta w-layout-blockcontainer cta-section w-container\" sh-section=\"CTA\"><div class=\"overlay\"><\/div><div class=\"subpage-hero-heading-div\"><h2 class=\"style-guide__typography--heading cta-heading\">IHRE IDEALE WERKZEUGL\u00d6SUNG<br>IST NUR EINEN KLICK ENTFERNT.<\/h2><a href=\"\/tooling-wizard\/\" class=\"button primary-button cta-button w-inline-block\"><p class=\"button-text\">verbinden sie sich mit dem tooling wizard<\/p><\/a><\/div><\/div>\n","protected":false},"excerpt":{"rendered":"","protected":false},"author":1,"featured_media":0,"parent":0,"menu_order":0,"comment_status":"closed","ping_status":"closed","template":"","meta":{"_acf_changed":false,"footnotes":""},"class_list":["post-210","page","type-page","status-publish","hentry"],"acf":false,"yoast_head":"<title>Hand Tools | Haeger USA<\/title>\n<meta name=\"description\" content=\"Haeger hand tool machines deliver reliable, efficient performance.\" \/>\n<meta name=\"robots\" content=\"index, follow, max-snippet:-1, max-image-preview:large, max-video-preview:-1\" \/>\n<link rel=\"canonical\" href=\"https:\/\/www.haeger.com\/de\/products\/hand-tools\/\" \/>\n<meta property=\"og:locale\" content=\"en_US\" \/>\n<meta property=\"og:type\" content=\"article\" \/>\n<meta property=\"og:title\" content=\"Hand Tools | Haeger USA\" \/>\n<meta property=\"og:description\" content=\"Haeger hand tool machines deliver reliable, efficient performance.\" \/>\n<meta property=\"og:url\" content=\"https:\/\/www.haeger.com\/de\/products\/hand-tools\/\" \/>\n<meta property=\"og:site_name\" content=\"Haeger (DE)\" \/>\n<meta property=\"article:modified_time\" content=\"2025-10-23T09:48:31+00:00\" \/>\n<meta name=\"twitter:card\" content=\"summary_large_image\" \/>\n<meta name=\"twitter:label1\" content=\"Est. reading time\" \/>\n\t<meta name=\"twitter:data1\" content=\"1 minute\" \/>\n<script type=\"application\/ld+json\" class=\"yoast-schema-graph\">{\"@context\":\"https:\/\/schema.org\",\"@graph\":[{\"@type\":\"WebPage\",\"@id\":\"https:\/\/www.haeger.com\/de\/products\/hand-tools\/\",\"url\":\"https:\/\/www.haeger.com\/de\/products\/hand-tools\/\",\"name\":\"Hand Tools | Haeger USA\",\"isPartOf\":{\"@id\":\"https:\/\/www.haeger.com\/de\/#website\"},\"datePublished\":\"2024-12-12T20:04:07+00:00\",\"dateModified\":\"2025-10-23T09:48:31+00:00\",\"description\":\"Haeger hand tool machines deliver reliable, efficient performance.\",\"breadcrumb\":{\"@id\":\"https:\/\/www.haeger.com\/de\/products\/hand-tools\/#breadcrumb\"},\"inLanguage\":\"en-US\",\"potentialAction\":[{\"@type\":\"ReadAction\",\"target\":[\"https:\/\/www.haeger.com\/de\/products\/hand-tools\/\"]}]},{\"@type\":\"BreadcrumbList\",\"@id\":\"https:\/\/www.haeger.com\/de\/products\/hand-tools\/#breadcrumb\",\"itemListElement\":[{\"@type\":\"ListItem\",\"position\":1,\"name\":\"Home\",\"item\":\"https:\/\/www.haeger.com\/de\/\"},{\"@type\":\"ListItem\",\"position\":2,\"name\":\"Hand Tools\"}]},{\"@type\":\"WebSite\",\"@id\":\"https:\/\/www.haeger.com\/de\/#website\",\"url\":\"https:\/\/www.haeger.com\/de\/\",\"name\":\"Haeger (DE)\",\"description\":\"\",\"potentialAction\":[{\"@type\":\"SearchAction\",\"target\":{\"@type\":\"EntryPoint\",\"urlTemplate\":\"https:\/\/www.haeger.com\/de\/?s={search_term_string}\"},\"query-input\":{\"@type\":\"PropertyValueSpecification\",\"valueRequired\":true,\"valueName\":\"search_term_string\"}}],\"inLanguage\":\"en-US\"}]}<\/script>","yoast_head_json":{"title":"Hand Tools | Haeger USA","description":"Haeger hand tool machines deliver reliable, efficient performance.","robots":{"index":"index","follow":"follow","max-snippet":"max-snippet:-1","max-image-preview":"max-image-preview:large","max-video-preview":"max-video-preview:-1"},"canonical":"https:\/\/www.haeger.com\/de\/products\/hand-tools\/","og_locale":"en_US","og_type":"article","og_title":"Hand Tools | Haeger USA","og_description":"Haeger hand tool machines deliver reliable, efficient performance.","og_url":"https:\/\/www.haeger.com\/de\/products\/hand-tools\/","og_site_name":"Haeger (DE)","article_modified_time":"2025-10-23T09:48:31+00:00","twitter_card":"summary_large_image","twitter_misc":{"Est. reading time":"1 minute"},"schema":{"@context":"https:\/\/schema.org","@graph":[{"@type":"WebPage","@id":"https:\/\/www.haeger.com\/de\/products\/hand-tools\/","url":"https:\/\/www.haeger.com\/de\/products\/hand-tools\/","name":"Hand Tools | Haeger USA","isPartOf":{"@id":"https:\/\/www.haeger.com\/de\/#website"},"datePublished":"2024-12-12T20:04:07+00:00","dateModified":"2025-10-23T09:48:31+00:00","description":"Haeger hand tool machines deliver reliable, efficient performance.","breadcrumb":{"@id":"https:\/\/www.haeger.com\/de\/products\/hand-tools\/#breadcrumb"},"inLanguage":"en-US","potentialAction":[{"@type":"ReadAction","target":["https:\/\/www.haeger.com\/de\/products\/hand-tools\/"]}]},{"@type":"BreadcrumbList","@id":"https:\/\/www.haeger.com\/de\/products\/hand-tools\/#breadcrumb","itemListElement":[{"@type":"ListItem","position":1,"name":"Home","item":"https:\/\/www.haeger.com\/de\/"},{"@type":"ListItem","position":2,"name":"Hand Tools"}]},{"@type":"WebSite","@id":"https:\/\/www.haeger.com\/de\/#website","url":"https:\/\/www.haeger.com\/de\/","name":"Haeger (DE)","description":"","potentialAction":[{"@type":"SearchAction","target":{"@type":"EntryPoint","urlTemplate":"https:\/\/www.haeger.com\/de\/?s={search_term_string}"},"query-input":{"@type":"PropertyValueSpecification","valueRequired":true,"valueName":"search_term_string"}}],"inLanguage":"en-US"}]}},"acf_fields":[],"_links":{"self":[{"href":"https:\/\/www.haeger.com\/de\/wp-json\/wp\/v2\/pages\/210","targetHints":{"allow":["GET"]}}],"collection":[{"href":"https:\/\/www.haeger.com\/de\/wp-json\/wp\/v2\/pages"}],"about":[{"href":"https:\/\/www.haeger.com\/de\/wp-json\/wp\/v2\/types\/page"}],"author":[{"embeddable":true,"href":"https:\/\/www.haeger.com\/de\/wp-json\/wp\/v2\/users\/1"}],"replies":[{"embeddable":true,"href":"https:\/\/www.haeger.com\/de\/wp-json\/wp\/v2\/comments?post=210"}],"version-history":[{"count":19,"href":"https:\/\/www.haeger.com\/de\/wp-json\/wp\/v2\/pages\/210\/revisions"}],"predecessor-version":[{"id":5986,"href":"https:\/\/www.haeger.com\/de\/wp-json\/wp\/v2\/pages\/210\/revisions\/5986"}],"wp:attachment":[{"href":"https:\/\/www.haeger.com\/de\/wp-json\/wp\/v2\/media?parent=210"}],"curies":[{"name":"wp","href":"https:\/\/api.w.org\/{rel}","templated":true}]}}