{"id":207,"date":"2024-12-12T19:40:20","date_gmt":"2024-12-12T19:40:20","guid":{"rendered":"https:\/\/dev-haeger25.pantheonsite.io\/?page_id=207"},"modified":"2025-10-23T09:50:42","modified_gmt":"2025-10-23T09:50:42","slug":"tooling","status":"publish","type":"page","link":"https:\/\/www.haeger.com\/de\/products\/tooling\/","title":{"rendered":"Tooling"},"content":{"rendered":"\n<div class=\"wp-block-sh-blocks-subpage-hero-with-subtext w-layout-blockcontainer subpage-hero w-container\" style=\"background-image:url(https:\/\/www.haeger.com\/de\/wp-content\/uploads\/2025\/01\/Group-789@2x-scaled.jpg)\"><div class=\"subpage-hero-heading-div\"><h1 class=\"style-guide__typography--heading subpage-hero-heading\">werkzeuge, auf die sie vertrauen k\u00f6nnen.<\/h1><\/div><div class=\"hero-overlay\"><\/div><\/div>\n\n\n\n<section class=\"wp-block-sh-blocks-blurb-no-button blurb-container\" sh-section=\"Blurb No Button\"><div class=\"blurb-items\"><p class=\"blurb-paragraph no-padding\">Haeger<sup>\u00ae<\/sup> bietet Standardwerkzeuge f\u00fcr alle PEM<sup>\u00ae<\/sup> Befestigungselemente, die in direkter Zusammenarbeit mit PEM-Ingenieuren entwickelt wurden. Wenn neue Produkte auf den Markt kommen, stehen die Werkzeuge f\u00fcr unsere Kunden bereits zur Verf\u00fcgung. Wir entwickeln alle unsere Werkzeuge intern, um unsere hohen Standards in Bezug auf Rechtzeitigkeit und Qualit\u00e4t zu gew\u00e4hrleisten.<\/p><\/div><\/section>\n\n\n\n<div class=\"wp-block-sh-blocks-cta w-layout-blockcontainer cta-section w-container\" sh-section=\"CTA\"><div class=\"overlay\"><\/div><div class=\"subpage-hero-heading-div\"><h2 class=\"style-guide__typography--heading cta-heading\">FINDEN SIE DAS PASSENDE WERKZEUGSYSTEM F\u00dcR IHRE ANWENDUNG.<\/h2><a href=\"\/tooling-wizard\/\" class=\"button primary-button cta-button w-inline-block\"><p class=\"button-text\">WERKZEUGASSISTENTEN STARTEN<\/p><\/a><\/div><\/div>\n","protected":false},"excerpt":{"rendered":"","protected":false},"author":1,"featured_media":0,"parent":0,"menu_order":0,"comment_status":"closed","ping_status":"closed","template":"","meta":{"_acf_changed":false,"footnotes":""},"class_list":["post-207","page","type-page","status-publish","hentry"],"acf":false,"yoast_head":"<title>Haeger Tooling | Haeger USA<\/title>\n<meta name=\"description\" content=\"Haeger offers standard tooling for all PEM fasteners, developed with PEM engineers. In-house production ensures high quality, fast availability, and precision.\" \/>\n<meta name=\"robots\" content=\"index, follow, max-snippet:-1, max-image-preview:large, max-video-preview:-1\" \/>\n<link rel=\"canonical\" href=\"https:\/\/www.haeger.com\/de\/products\/tooling\/\" \/>\n<meta property=\"og:locale\" content=\"en_US\" \/>\n<meta property=\"og:type\" content=\"article\" \/>\n<meta property=\"og:title\" content=\"Haeger Tooling | Haeger USA\" \/>\n<meta property=\"og:description\" content=\"Haeger offers standard tooling for all PEM fasteners, developed with PEM engineers. In-house production ensures high quality, fast availability, and precision.\" \/>\n<meta property=\"og:url\" content=\"https:\/\/www.haeger.com\/de\/products\/tooling\/\" \/>\n<meta property=\"og:site_name\" content=\"Haeger (DE)\" \/>\n<meta property=\"article:modified_time\" content=\"2025-10-23T09:50:42+00:00\" \/>\n<meta name=\"twitter:card\" content=\"summary_large_image\" \/>\n<meta name=\"twitter:label1\" content=\"Est. reading time\" \/>\n\t<meta name=\"twitter:data1\" content=\"1 minute\" \/>\n<script type=\"application\/ld+json\" class=\"yoast-schema-graph\">{\"@context\":\"https:\/\/schema.org\",\"@graph\":[{\"@type\":\"WebPage\",\"@id\":\"https:\/\/www.haeger.com\/de\/products\/tooling\/\",\"url\":\"https:\/\/www.haeger.com\/de\/products\/tooling\/\",\"name\":\"Haeger Tooling | Haeger USA\",\"isPartOf\":{\"@id\":\"https:\/\/www.haeger.com\/de\/#website\"},\"datePublished\":\"2024-12-12T19:40:20+00:00\",\"dateModified\":\"2025-10-23T09:50:42+00:00\",\"description\":\"Haeger offers standard tooling for all PEM fasteners, developed with PEM engineers. In-house production ensures high quality, fast availability, and precision.\",\"breadcrumb\":{\"@id\":\"https:\/\/www.haeger.com\/de\/products\/tooling\/#breadcrumb\"},\"inLanguage\":\"en-US\",\"potentialAction\":[{\"@type\":\"ReadAction\",\"target\":[\"https:\/\/www.haeger.com\/de\/products\/tooling\/\"]}]},{\"@type\":\"BreadcrumbList\",\"@id\":\"https:\/\/www.haeger.com\/de\/products\/tooling\/#breadcrumb\",\"itemListElement\":[{\"@type\":\"ListItem\",\"position\":1,\"name\":\"Home\",\"item\":\"https:\/\/www.haeger.com\/de\/\"},{\"@type\":\"ListItem\",\"position\":2,\"name\":\"Tooling\"}]},{\"@type\":\"WebSite\",\"@id\":\"https:\/\/www.haeger.com\/de\/#website\",\"url\":\"https:\/\/www.haeger.com\/de\/\",\"name\":\"Haeger (DE)\",\"description\":\"\",\"potentialAction\":[{\"@type\":\"SearchAction\",\"target\":{\"@type\":\"EntryPoint\",\"urlTemplate\":\"https:\/\/www.haeger.com\/de\/?s={search_term_string}\"},\"query-input\":{\"@type\":\"PropertyValueSpecification\",\"valueRequired\":true,\"valueName\":\"search_term_string\"}}],\"inLanguage\":\"en-US\"}]}<\/script>","yoast_head_json":{"title":"Haeger Tooling | Haeger USA","description":"Haeger offers standard tooling for all PEM fasteners, developed with PEM engineers. In-house production ensures high quality, fast availability, and precision.","robots":{"index":"index","follow":"follow","max-snippet":"max-snippet:-1","max-image-preview":"max-image-preview:large","max-video-preview":"max-video-preview:-1"},"canonical":"https:\/\/www.haeger.com\/de\/products\/tooling\/","og_locale":"en_US","og_type":"article","og_title":"Haeger Tooling | Haeger USA","og_description":"Haeger offers standard tooling for all PEM fasteners, developed with PEM engineers. In-house production ensures high quality, fast availability, and precision.","og_url":"https:\/\/www.haeger.com\/de\/products\/tooling\/","og_site_name":"Haeger (DE)","article_modified_time":"2025-10-23T09:50:42+00:00","twitter_card":"summary_large_image","twitter_misc":{"Est. reading time":"1 minute"},"schema":{"@context":"https:\/\/schema.org","@graph":[{"@type":"WebPage","@id":"https:\/\/www.haeger.com\/de\/products\/tooling\/","url":"https:\/\/www.haeger.com\/de\/products\/tooling\/","name":"Haeger Tooling | Haeger USA","isPartOf":{"@id":"https:\/\/www.haeger.com\/de\/#website"},"datePublished":"2024-12-12T19:40:20+00:00","dateModified":"2025-10-23T09:50:42+00:00","description":"Haeger offers standard tooling for all PEM fasteners, developed with PEM engineers. In-house production ensures high quality, fast availability, and precision.","breadcrumb":{"@id":"https:\/\/www.haeger.com\/de\/products\/tooling\/#breadcrumb"},"inLanguage":"en-US","potentialAction":[{"@type":"ReadAction","target":["https:\/\/www.haeger.com\/de\/products\/tooling\/"]}]},{"@type":"BreadcrumbList","@id":"https:\/\/www.haeger.com\/de\/products\/tooling\/#breadcrumb","itemListElement":[{"@type":"ListItem","position":1,"name":"Home","item":"https:\/\/www.haeger.com\/de\/"},{"@type":"ListItem","position":2,"name":"Tooling"}]},{"@type":"WebSite","@id":"https:\/\/www.haeger.com\/de\/#website","url":"https:\/\/www.haeger.com\/de\/","name":"Haeger (DE)","description":"","potentialAction":[{"@type":"SearchAction","target":{"@type":"EntryPoint","urlTemplate":"https:\/\/www.haeger.com\/de\/?s={search_term_string}"},"query-input":{"@type":"PropertyValueSpecification","valueRequired":true,"valueName":"search_term_string"}}],"inLanguage":"en-US"}]}},"acf_fields":[],"_links":{"self":[{"href":"https:\/\/www.haeger.com\/de\/wp-json\/wp\/v2\/pages\/207","targetHints":{"allow":["GET"]}}],"collection":[{"href":"https:\/\/www.haeger.com\/de\/wp-json\/wp\/v2\/pages"}],"about":[{"href":"https:\/\/www.haeger.com\/de\/wp-json\/wp\/v2\/types\/page"}],"author":[{"embeddable":true,"href":"https:\/\/www.haeger.com\/de\/wp-json\/wp\/v2\/users\/1"}],"replies":[{"embeddable":true,"href":"https:\/\/www.haeger.com\/de\/wp-json\/wp\/v2\/comments?post=207"}],"version-history":[{"count":16,"href":"https:\/\/www.haeger.com\/de\/wp-json\/wp\/v2\/pages\/207\/revisions"}],"predecessor-version":[{"id":5987,"href":"https:\/\/www.haeger.com\/de\/wp-json\/wp\/v2\/pages\/207\/revisions\/5987"}],"wp:attachment":[{"href":"https:\/\/www.haeger.com\/de\/wp-json\/wp\/v2\/media?parent=207"}],"curies":[{"name":"wp","href":"https:\/\/api.w.org\/{rel}","templated":true}]}}