{"id":196,"date":"2024-12-12T16:21:05","date_gmt":"2024-12-12T16:21:05","guid":{"rendered":"https:\/\/dev-haeger25.pantheonsite.io\/?page_id=196"},"modified":"2025-10-23T09:55:50","modified_gmt":"2025-10-23T09:55:50","slug":"machines","status":"publish","type":"page","link":"https:\/\/www.haeger.com\/de\/products\/machines\/","title":{"rendered":"Machines"},"content":{"rendered":"\n<div class=\"wp-block-sh-blocks-subpage-hero-with-subtext w-layout-blockcontainer subpage-hero w-container\" style=\"background-image:url(https:\/\/www.haeger.com\/de\/wp-content\/uploads\/2025\/01\/MachinesHero.jpg)\"><div class=\"subpage-hero-heading-div\"><h1 class=\"style-guide__typography--heading subpage-hero-heading\">Effiziente, pr\u00e4zise und integrierte L\u00f6sungen f\u00fcr die Befestigungselement-Installation.<\/h1><\/div><div class=\"hero-overlay\"><\/div><\/div>\n\n\n\n<section sh-section=\"Blurb With Button\" class=\"wp-block-sh-blocks-blurb-with-button blurb-container\"><div class=\"blurb-items\"><p class=\"blurb-paragraph\">Haeger\u00ae-Maschinen und PEM\u00ae-Einpressbefestigungselemente bieten eine vollst\u00e4ndige Systeml\u00f6sung f\u00fcr eine effiziente und zuverl\u00e4ssige Befestigungselement-Installation \u2013 ma\u00dfgeschneidert f\u00fcr Konstrukteure und Fertigungsbetriebe, die Pr\u00e4zision und Produktivit\u00e4t anstreben<strong>.<\/strong><br>Haeger-Maschinen automatisieren und optimieren den Einpressvorgang und gew\u00e4hrleisten pr\u00e4zise, vielseitige und reproduzierbare Ergebnisse bei nahtloser Integration in bestehende Fertigungslinien.<br>Ausgelegt f\u00fcr Industry\u202f4.0 und die Anbindung an Robotersysteme, bieten Haeger-Maschinen fortschrittliche Datenerfassung, Echtzeit\u00fcberwachung und Fernsupport \u2013 f\u00fcr verwertbare Erkenntnisse zur Steigerung der Produktionseffizienz und Qualit\u00e4tssicherung.<\/p><a href=\"https:\/\/info.pemnet.com\/technical-training#installation-training\" class=\"button primary-button cta-button w-inline-block\"><p class=\"button-text\">Unsere schulungsvideos ansehen<\/p><\/a><\/div><\/section>\n\n\n<section sh-section=\"Product Blocks\" class=\"image-blocks products\">\n  <div class=\"testimonial-grid-two services\">\n    <div id=\"w-node-facbbfb5-5d7d-449d-fefa-837a71b01a5c-71b01a5a\" class=\"testimonial-card-two products\" react-key=\"\"><img decoding=\"async\" src=\"https:\/\/www.haeger.com\/de\/wp-content\/uploads\/sites\/5\/2025\/09\/T-Series.png\" loading=\"lazy\" width=\"Auto\" height=\"200\" alt=\"\" class=\"image-2 products\">\n      <div class=\"div-block-9 products\">\n        <h4 class=\"heading-5 news-heading\">T-Serie<\/h4>\n        <p class=\"testimonial-text-two\">Pr\u00e4zision. Produktivit\u00e4t. Sicherheit. Die Haeger T-Serie ist die n\u00e4chste Evolutionsstufe in der automatisierten Befestigungselement-Montage. Entwickelt f\u00fcr die hohen Anforderungen der modernen Blechproduktion, kombiniert sie bew\u00e4hrte Pressentechnologie mit einem XYZ-Positioniersystem \u2013 und erm\u00f6glicht die vollautomatische, bedienerfreie Verarbeitung von bis zu 8 verschiedenen Befestigungselementen an einem einzigen Bauteil.<\/p>\n        <a href=\"https:\/\/www.haeger.com\/de\/products\/t-series\/\" class=\"button primary-button cta-button mobile w-inline-block\" sh-dynamic-link=\"0\">\n          <p class=\"button-text\">T-Serie<\/p>\n        <\/a>\n      <\/div>\n    <\/div><div id=\"w-node-facbbfb5-5d7d-449d-fefa-837a71b01a5c-71b01a5a\" class=\"testimonial-card-two products\" react-key=\"\"><img decoding=\"async\" src=\"https:\/\/www.haeger.com\/de\/wp-content\/uploads\/sites\/5\/2025\/08\/824-eDrive.png\" loading=\"lazy\" width=\"Auto\" height=\"200\" alt=\"\" class=\"image-2 products\">\n      <div class=\"div-block-9 products\">\n        <h4 class=\"heading-5 news-heading\">824\u2122 eDrive\u2122<\/h4>\n        <p class=\"testimonial-text-two\">Die Haeger 824 eDrive ist mit einem hochentwickelten servogesteuerten System zur Befestigungselemente-Setzung ausgestattet. Sie bietet pr\u00e4zise Steuerung, hohe Effizienz und gleichbleibende Leistung.<\/p>\n        <a href=\"https:\/\/www.haeger.com\/de\/products\/824-edrive\/\" class=\"button primary-button cta-button mobile w-inline-block\" sh-dynamic-link=\"0\">\n          <p class=\"button-text\">824 eDrive<\/p>\n        <\/a>\n      <\/div>\n    <\/div><div id=\"w-node-facbbfb5-5d7d-449d-fefa-837a71b01a5c-71b01a5a\" class=\"testimonial-card-two products\" react-key=\"\"><img decoding=\"async\" src=\"https:\/\/www.haeger.com\/de\/wp-content\/uploads\/sites\/5\/2024\/11\/one-touch-5e.png\" loading=\"lazy\" width=\"Auto\" height=\"200\" alt=\"\" class=\"image-2 products\">\n      <div class=\"div-block-9 products\">\n        <h4 class=\"heading-5 news-heading\">OneTouch\u2122 5e<\/h4>\n        <p class=\"testimonial-text-two\">Dieses Befestigungs-Einf\u00fcgesystem kombiniert maximale Produktivit\u00e4t und Prozesskontrolle mit einfacher Einrichtung. Die Programmierung ist dank der Insertion Logic\u2122-Software mit Insertion Graphics\u00ae und integriertem statistischen Prozesskontrollsystem schneller und einfacher.<\/p>\n        <a href=\"https:\/\/www.haeger.com\/de\/products\/machines\/824-onetouch-5e\/\" class=\"button primary-button cta-button mobile w-inline-block\" sh-dynamic-link=\"0\">\n          <p class=\"button-text\">824 OneTouch 5e<\/p>\n        <\/a>\n      <\/div>\n    <\/div><div id=\"w-node-facbbfb5-5d7d-449d-fefa-837a71b01a5c-71b01a5a\" class=\"testimonial-card-two products\" react-key=\"\"><img decoding=\"async\" src=\"https:\/\/www.haeger.com\/de\/wp-content\/uploads\/sites\/5\/2025\/02\/824OneTouch5eLite.png\" loading=\"lazy\" width=\"Auto\" height=\"200\" alt=\"\" class=\"image-2 products\">\n      <div class=\"div-block-9 products\">\n        <h4 class=\"heading-5 news-heading\">OneTouch\u2122 5e LITE<\/h4>\n        <p class=\"testimonial-text-two\">Die Haeger\u00ae 824 OneTouch 5e LITE bietet alle Vorteile der 824 WindowTouch 5e in Verbindung mit der Produktivit\u00e4t der 824 OneTouch 5e. Sie verf\u00fcgt \u00fcber eine zweite automatische obere Station, die die oberen Werkzeuge und die Einpressstationen automatisch wechselt. Erhalten Sie die Erkennung von Befestigungselementen sowie die Erkennung von Bolzen- und Abstandsl\u00e4ngen an zwei Stationen<\/p>\n        <a href=\"https:\/\/www.haeger.com\/de\/products\/machines\/824-one-touch-5e-lite\/\" class=\"button primary-button cta-button mobile w-inline-block\" sh-dynamic-link=\"0\">\n          <p class=\"button-text\">824 OneTouch 5e LITE<\/p>\n        <\/a>\n      <\/div>\n    <\/div><div id=\"w-node-facbbfb5-5d7d-449d-fefa-837a71b01a5c-71b01a5a\" class=\"testimonial-card-two products\" react-key=\"\"><img decoding=\"async\" src=\"https:\/\/www.haeger.com\/de\/wp-content\/uploads\/sites\/5\/2024\/11\/824-window.png\" loading=\"lazy\" width=\"Auto\" height=\"200\" alt=\"\" class=\"image-2 products\">\n      <div class=\"div-block-9 products\">\n        <h4 class=\"heading-5 news-heading\">WindowTouch\u00ae 5e<\/h4>\n        <p class=\"testimonial-text-two\">Sparen Sie Arbeitsschritte, die Zeit kosten \u2013 wie mehrfaches Handling, manuelles Zuf\u00fchren oder fehlende Befestigungselemente. Das Modell 824 WindowTouch 5e erm\u00f6glicht eine schnellere und einfachere Werkzeugeinrichtung und bietet gleichzeitig eine \u00e4u\u00dferst zuverl\u00e4ssige Zuf\u00fchrung der Befestigungselemente sowie optimale Zug\u00e4nglichkeit zum Werkst\u00fcck.<\/p>\n        <a href=\"https:\/\/www.haeger.com\/de\/products\/machines\/824-window-touch-5e\/\" class=\"button primary-button cta-button mobile w-inline-block\" sh-dynamic-link=\"0\">\n          <p class=\"button-text\">824 WindowTouch 5e<\/p>\n        <\/a>\n      <\/div>\n    <\/div><div id=\"w-node-facbbfb5-5d7d-449d-fefa-837a71b01a5c-71b01a5a\" class=\"testimonial-card-two products\" react-key=\"\"><img decoding=\"async\" src=\"https:\/\/www.haeger.com\/de\/wp-content\/uploads\/sites\/5\/2024\/11\/824.png\" loading=\"lazy\" width=\"Auto\" height=\"200\" alt=\"\" class=\"image-2 products\">\n      <div class=\"div-block-9 products\">\n        <h4 class=\"heading-5 news-heading\">824\u2122 MSP 5e<\/h4>\n        <p class=\"testimonial-text-two\">Mit der Haeger 824 MSP 5e erhalten Sie 8\u202fTonnen (72\u202fkN) Einpresskraft, eine Ausladung von 24\u2033 (610\u202fmm) und eine einstellbare R\u00fcckhubposition des St\u00f6\u00dfels. Diese vollelektrisch-hydraulische Maschine \u00fcberzeugt durch hohe Zuverl\u00e4ssigkeit und Energieeffizienz \u2013 erg\u00e4nzt durch ein patentiertes Sicherheitssystem, ein Werkzeugschutzsystem und einen Chargenz\u00e4hler.<\/p>\n        <a href=\"https:\/\/www.haeger.com\/de\/products\/machines\/824-msp-5e\/\" class=\"button primary-button cta-button mobile w-inline-block\" sh-dynamic-link=\"0\">\n          <p class=\"button-text\">Discover 824 MSP 5e<\/p>\n        <\/a>\n      <\/div>\n    <\/div><div id=\"w-node-facbbfb5-5d7d-449d-fefa-837a71b01a5c-71b01a5a\" class=\"testimonial-card-two products\" react-key=\"\"><img decoding=\"async\" src=\"https:\/\/www.haeger.com\/de\/wp-content\/uploads\/sites\/5\/2024\/11\/618.png\" loading=\"lazy\" width=\"Auto\" height=\"200\" alt=\"\" class=\"image-2 products\">\n      <div class=\"div-block-9 products\">\n        <h4 class=\"heading-5 news-heading\">618\u2122 MSP 5e<\/h4>\n        <p class=\"testimonial-text-two\">Die 618 MSP 5e bietet 6\u202fTonnen (53\u202fkN) Einpresskraft, eine Ausladung von 18\u2033 (450\u202fmm) und eine einstellbare R\u00fcckhubposition des St\u00f6\u00dfels. Auch hier profitieren Sie von der Zuverl\u00e4ssigkeit und Energieeffizienz eines vollhydraulischen Systems inklusive patentiertem Sicherheitskonzept, Werkzeugschutzsystem und Chargenz\u00e4hler.<\/p>\n        <a href=\"https:\/\/www.haeger.com\/de\/products\/machines\/618-msp-5e\/\" class=\"button primary-button cta-button mobile w-inline-block\" sh-dynamic-link=\"0\">\n          <p class=\"button-text\">Discover 618 MSP 5e<\/p>\n        <\/a>\n      <\/div>\n    <\/div><div id=\"w-node-facbbfb5-5d7d-449d-fefa-837a71b01a5c-71b01a5a\" class=\"testimonial-card-two products\" react-key=\"\"><img decoding=\"async\" src=\"https:\/\/www.haeger.com\/de\/wp-content\/uploads\/sites\/5\/2024\/12\/618Pro-AA_NEW_Small-1.png\" loading=\"lazy\" width=\"Auto\" height=\"200\" alt=\"\" class=\"image-2 products\">\n      <div class=\"div-block-9 products\">\n        <h4 class=\"heading-5 news-heading\">618\u2122 Base<\/h4>\n        <p class=\"testimonial-text-two\">Die 618 Base bietet eine St\u00f6\u00dfelkraft von 6 Tonnen (53\u202fkN), eine Ausladung von 18&#8243; (450\u202fmm) sowie einen verstellbaren unteren Arm \u2013 f\u00fcr maximale Flexibilit\u00e4t bei besonderen und anspruchsvollen Blechbauteilen. <\/p>\n        <a href=\"https:\/\/www.haeger.com\/de\/products\/machines\/618\/\" class=\"button primary-button cta-button mobile w-inline-block\" sh-dynamic-link=\"0\">\n          <p class=\"button-text\">618\u2122 Base<\/p>\n        <\/a>\n      <\/div>\n    <\/div><div id=\"w-node-facbbfb5-5d7d-449d-fefa-837a71b01a5c-71b01a5a\" class=\"testimonial-card-two products\" react-key=\"\"><img decoding=\"async\" src=\"https:\/\/www.haeger.com\/de\/wp-content\/uploads\/sites\/5\/2024\/11\/pemserter2.png\" loading=\"lazy\" width=\"Auto\" height=\"200\" alt=\"\" class=\"image-2 products\">\n      <div class=\"div-block-9 products\">\n        <h4 class=\"heading-5 news-heading\">PEMSERTER\u00ae Series 4\u00ae Model M<\/h4>\n        <p class=\"testimonial-text-two\">Die PEMSERTER Serie 4 ist eine pneumatische Maschine mit 6\u202fTonnen Einpresskraft und gro\u00dfz\u00fcgiger Ausladung von 18\u2033 (45,7\u202fcm). Sie bietet eine hohe Prozesssicherheit, einfache Bedienung und kurze Taktzeiten f\u00fcr maximale Produktivit\u00e4t \u2013 und das ausschlie\u00dflich mit Druckluftversorgung.<\/p>\n        <a href=\"https:\/\/www.haeger.com\/de\/products\/machines\/pemserter-series-4-model-m\/\" class=\"button primary-button cta-button mobile w-inline-block\" sh-dynamic-link=\"0\">\n          <p class=\"button-text\">PEMSERTER Series 4<\/p>\n        <\/a>\n      <\/div>\n    <\/div><\/div>\n<\/section>\n\n\n\n<div class=\"wp-block-sh-blocks-cta w-layout-blockcontainer cta-section w-container\" sh-section=\"CTA\"><div class=\"overlay\"><\/div><div class=\"subpage-hero-heading-div\"><h2 class=\"style-guide__typography--heading cta-heading\"><strong>FINDEN SIE DAS PASSENDE WERKZEUG<\/strong><br><strong>F\u00dcR IHRE ANWENDUNG<\/strong>.<\/h2><a href=\"\/tooling-wizard\/\" class=\"button primary-button cta-button w-inline-block\"><p class=\"button-text\">tooling wizard starten<\/p><\/a><\/div><\/div>\n","protected":false},"excerpt":{"rendered":"","protected":false},"author":1,"featured_media":0,"parent":0,"menu_order":0,"comment_status":"closed","ping_status":"closed","template":"","meta":{"_acf_changed":false,"footnotes":""},"class_list":["post-196","page","type-page","status-publish","hentry"],"acf":false,"yoast_head":"<title>Machines | Insertion Machine | Haeger USA<\/title>\n<meta name=\"description\" content=\"Haeger machines and PEM fasteners deliver precise, automated fastener installation.\" \/>\n<meta name=\"robots\" content=\"index, follow, max-snippet:-1, max-image-preview:large, max-video-preview:-1\" \/>\n<link rel=\"canonical\" href=\"https:\/\/www.haeger.com\/de\/products\/machines\/\" \/>\n<meta property=\"og:locale\" content=\"en_US\" \/>\n<meta property=\"og:type\" content=\"article\" \/>\n<meta property=\"og:title\" content=\"Machines | Insertion Machine | Haeger USA\" \/>\n<meta property=\"og:description\" content=\"Haeger machines and PEM fasteners deliver precise, automated fastener installation.\" \/>\n<meta property=\"og:url\" content=\"https:\/\/www.haeger.com\/de\/products\/machines\/\" \/>\n<meta property=\"og:site_name\" content=\"Haeger (DE)\" \/>\n<meta property=\"article:modified_time\" content=\"2025-10-23T09:55:50+00:00\" \/>\n<meta name=\"twitter:card\" content=\"summary_large_image\" \/>\n<meta name=\"twitter:label1\" content=\"Est. reading time\" \/>\n\t<meta name=\"twitter:data1\" content=\"1 minute\" \/>\n<script type=\"application\/ld+json\" class=\"yoast-schema-graph\">{\"@context\":\"https:\/\/schema.org\",\"@graph\":[{\"@type\":\"WebPage\",\"@id\":\"https:\/\/www.haeger.com\/de\/products\/machines\/\",\"url\":\"https:\/\/www.haeger.com\/de\/products\/machines\/\",\"name\":\"Machines | Insertion Machine | Haeger USA\",\"isPartOf\":{\"@id\":\"https:\/\/www.haeger.com\/de\/#website\"},\"datePublished\":\"2024-12-12T16:21:05+00:00\",\"dateModified\":\"2025-10-23T09:55:50+00:00\",\"description\":\"Haeger machines and PEM fasteners deliver precise, automated fastener installation.\",\"breadcrumb\":{\"@id\":\"https:\/\/www.haeger.com\/de\/products\/machines\/#breadcrumb\"},\"inLanguage\":\"en-US\",\"potentialAction\":[{\"@type\":\"ReadAction\",\"target\":[\"https:\/\/www.haeger.com\/de\/products\/machines\/\"]}]},{\"@type\":\"BreadcrumbList\",\"@id\":\"https:\/\/www.haeger.com\/de\/products\/machines\/#breadcrumb\",\"itemListElement\":[{\"@type\":\"ListItem\",\"position\":1,\"name\":\"Home\",\"item\":\"https:\/\/www.haeger.com\/de\/\"},{\"@type\":\"ListItem\",\"position\":2,\"name\":\"Machines\"}]},{\"@type\":\"WebSite\",\"@id\":\"https:\/\/www.haeger.com\/de\/#website\",\"url\":\"https:\/\/www.haeger.com\/de\/\",\"name\":\"Haeger (DE)\",\"description\":\"\",\"potentialAction\":[{\"@type\":\"SearchAction\",\"target\":{\"@type\":\"EntryPoint\",\"urlTemplate\":\"https:\/\/www.haeger.com\/de\/?s={search_term_string}\"},\"query-input\":{\"@type\":\"PropertyValueSpecification\",\"valueRequired\":true,\"valueName\":\"search_term_string\"}}],\"inLanguage\":\"en-US\"}]}<\/script>","yoast_head_json":{"title":"Machines | Insertion Machine | Haeger USA","description":"Haeger machines and PEM fasteners deliver precise, automated fastener installation.","robots":{"index":"index","follow":"follow","max-snippet":"max-snippet:-1","max-image-preview":"max-image-preview:large","max-video-preview":"max-video-preview:-1"},"canonical":"https:\/\/www.haeger.com\/de\/products\/machines\/","og_locale":"en_US","og_type":"article","og_title":"Machines | Insertion Machine | Haeger USA","og_description":"Haeger machines and PEM fasteners deliver precise, automated fastener installation.","og_url":"https:\/\/www.haeger.com\/de\/products\/machines\/","og_site_name":"Haeger (DE)","article_modified_time":"2025-10-23T09:55:50+00:00","twitter_card":"summary_large_image","twitter_misc":{"Est. reading time":"1 minute"},"schema":{"@context":"https:\/\/schema.org","@graph":[{"@type":"WebPage","@id":"https:\/\/www.haeger.com\/de\/products\/machines\/","url":"https:\/\/www.haeger.com\/de\/products\/machines\/","name":"Machines | Insertion Machine | Haeger USA","isPartOf":{"@id":"https:\/\/www.haeger.com\/de\/#website"},"datePublished":"2024-12-12T16:21:05+00:00","dateModified":"2025-10-23T09:55:50+00:00","description":"Haeger machines and PEM fasteners deliver precise, automated fastener installation.","breadcrumb":{"@id":"https:\/\/www.haeger.com\/de\/products\/machines\/#breadcrumb"},"inLanguage":"en-US","potentialAction":[{"@type":"ReadAction","target":["https:\/\/www.haeger.com\/de\/products\/machines\/"]}]},{"@type":"BreadcrumbList","@id":"https:\/\/www.haeger.com\/de\/products\/machines\/#breadcrumb","itemListElement":[{"@type":"ListItem","position":1,"name":"Home","item":"https:\/\/www.haeger.com\/de\/"},{"@type":"ListItem","position":2,"name":"Machines"}]},{"@type":"WebSite","@id":"https:\/\/www.haeger.com\/de\/#website","url":"https:\/\/www.haeger.com\/de\/","name":"Haeger (DE)","description":"","potentialAction":[{"@type":"SearchAction","target":{"@type":"EntryPoint","urlTemplate":"https:\/\/www.haeger.com\/de\/?s={search_term_string}"},"query-input":{"@type":"PropertyValueSpecification","valueRequired":true,"valueName":"search_term_string"}}],"inLanguage":"en-US"}]}},"acf_fields":[],"_links":{"self":[{"href":"https:\/\/www.haeger.com\/de\/wp-json\/wp\/v2\/pages\/196","targetHints":{"allow":["GET"]}}],"collection":[{"href":"https:\/\/www.haeger.com\/de\/wp-json\/wp\/v2\/pages"}],"about":[{"href":"https:\/\/www.haeger.com\/de\/wp-json\/wp\/v2\/types\/page"}],"author":[{"embeddable":true,"href":"https:\/\/www.haeger.com\/de\/wp-json\/wp\/v2\/users\/1"}],"replies":[{"embeddable":true,"href":"https:\/\/www.haeger.com\/de\/wp-json\/wp\/v2\/comments?post=196"}],"version-history":[{"count":32,"href":"https:\/\/www.haeger.com\/de\/wp-json\/wp\/v2\/pages\/196\/revisions"}],"predecessor-version":[{"id":5988,"href":"https:\/\/www.haeger.com\/de\/wp-json\/wp\/v2\/pages\/196\/revisions\/5988"}],"wp:attachment":[{"href":"https:\/\/www.haeger.com\/de\/wp-json\/wp\/v2\/media?parent=196"}],"curies":[{"name":"wp","href":"https:\/\/api.w.org\/{rel}","templated":true}]}}