{"id":165,"date":"2024-12-10T19:58:57","date_gmt":"2024-12-10T19:58:57","guid":{"rendered":"https:\/\/dev-haeger25.pantheonsite.io\/?page_id=165"},"modified":"2025-10-23T09:57:48","modified_gmt":"2025-10-23T09:57:48","slug":"services","status":"publish","type":"page","link":"https:\/\/www.haeger.com\/de\/services\/","title":{"rendered":"Services"},"content":{"rendered":"\n<div class=\"wp-block-sh-blocks-subpage-hero-with-subtext w-layout-blockcontainer subpage-hero w-container\" style=\"background-image:url(https:\/\/www.haeger.com\/de\/wp-content\/uploads\/2025\/01\/ServicesHero.jpg)\"><div class=\"subpage-hero-heading-div\"><h1 class=\"style-guide__typography--heading subpage-hero-heading\">Services<\/h1><h2 class=\"heading-3 sub-heading-hero\">Erstklassiger Support ist bei unseren Maschinen inklusive.<\/h2><\/div><div class=\"hero-overlay\"><\/div><\/div>\n\n\n\n<section class=\"wp-block-sh-blocks-blurb-no-button blurb-container\" sh-section=\"Blurb No Button\"><div class=\"blurb-items\"><p class=\"blurb-paragraph no-padding\">Haeger<sup>\u00ae<\/sup> bietet ein umfassendes Serviceangebot, das alle Kundenanforderungen abdeckt \u2013 von einfach bis komplex. Ob standardisierte Serviceleistungen, kundenspezifische Werkzeuge oder unser umfassendes HaegerCare\u2122-Programm \u2013 unser Support macht den Unterschied bei der Nutzung einer Haeger-Maschine.<\/p><\/div><\/section>\n\n\n<section sh-section=\"Dynamic Blocks\" class=\"image-blocks services\">\n      <div class=\"testimonial-grid-two services\">\n        <div id=\"w-node-_7ae27a10-2f0d-651c-f4be-aa90afd5b013-afd5b011\" class=\"testimonial-card-two\" react-key=\"\"><img decoding=\"async\" src=\"https:\/\/www.haeger.com\/de\/wp-content\/uploads\/sites\/5\/2024\/12\/Penn-Candids-BCP-2024-49.jpg\" loading=\"lazy\" width=\"Auto\" height=\"200\" alt=\"\" class=\"image-2 services no-border\">\n          <div class=\"div-block-9\">\n            <h4 class=\"heading-5 news-heading\">Angebot f\u00fcr kundenspezifische Werkzeuge.<\/h4>\n            <h4 class=\"heading-6 blog-author blue\"><\/h4>\n            <p class=\"testimonial-text-two\">Hochwertige kundenspezifische Werkzeuge f\u00fcr speziell entwickelte Befestigungselemente \u2013 termingerecht geliefert.<\/p>\n            <a href=\"https:\/\/www.haeger.com\/de\/our-services\/custom-tooling-quote\/\" class=\"button w175 darkhover w-button\" sh-dynamic-link=\"0\">Erfahren Sie mehr<\/a>\n          <\/div>\n        <\/div><div id=\"w-node-_7ae27a10-2f0d-651c-f4be-aa90afd5b013-afd5b011\" class=\"testimonial-card-two\" react-key=\"\"><img decoding=\"async\" src=\"https:\/\/www.haeger.com\/de\/wp-content\/uploads\/sites\/5\/2024\/12\/PENN-PROCESSED-02088.jpg\" loading=\"lazy\" width=\"Auto\" height=\"200\" alt=\"\" class=\"image-2 services no-border\">\n          <div class=\"div-block-9\">\n            <h4 class=\"heading-5 news-heading\">Antrag auf R\u00fccksendung von Waren<\/h4>\n            <h4 class=\"heading-6 blog-author blue\"><\/h4>\n            <p class=\"testimonial-text-two\">Ein Klick gen\u00fcgt.<\/p>\n            <a href=\"https:\/\/www.haeger.com\/de\/our-services\/request-rma\/\" class=\"button w175 darkhover w-button\" sh-dynamic-link=\"0\">Erfahren Sie mehr<\/a>\n          <\/div>\n        <\/div><div id=\"w-node-_7ae27a10-2f0d-651c-f4be-aa90afd5b013-afd5b011\" class=\"testimonial-card-two\" react-key=\"\"><img decoding=\"async\" src=\"https:\/\/www.haeger.com\/de\/wp-content\/uploads\/sites\/5\/2024\/12\/Penn-Portraits-2024-BCP-33.jpg\" loading=\"lazy\" width=\"Auto\" height=\"200\" alt=\"\" class=\"image-2 services no-border\">\n          <div class=\"div-block-9\">\n            <h4 class=\"heading-5 news-heading\">HaegerCare\u2122<\/h4>\n            <h4 class=\"heading-6 blog-author blue\"><\/h4>\n            <p class=\"testimonial-text-two\">Umfassende Betreuung rund um Ihre Maschine.<\/p>\n            <a href=\"https:\/\/www.haeger.com\/de\/our-services\/haegercare\/\" class=\"button w175 darkhover w-button\" sh-dynamic-link=\"0\">Erfahren Sie mehr<\/a>\n          <\/div>\n        <\/div><div id=\"w-node-_7ae27a10-2f0d-651c-f4be-aa90afd5b013-afd5b011\" class=\"testimonial-card-two\" react-key=\"\"><img decoding=\"async\" src=\"https:\/\/www.haeger.com\/de\/wp-content\/uploads\/sites\/5\/2024\/12\/Penn-Portraits-2024-BCP-259.jpg\" loading=\"lazy\" width=\"Auto\" height=\"200\" alt=\"\" class=\"image-2 services no-border\">\n          <div class=\"div-block-9\">\n            <h4 class=\"heading-5 news-heading\">Serviceanfrage<\/h4>\n            <h4 class=\"heading-6 blog-author blue\"><\/h4>\n            <p class=\"testimonial-text-two\">Vereinbaren Sie einen Vor-Ort-Termin f\u00fcr Wartung oder Reparatur Ihrer Maschine.<\/p>\n            <a href=\"https:\/\/www.haeger.com\/de\/our-services\/service-request\/\" class=\"button w175 darkhover w-button\" sh-dynamic-link=\"0\">Erfahren Sie mehr<\/a>\n          <\/div>\n        <\/div><div id=\"w-node-_7ae27a10-2f0d-651c-f4be-aa90afd5b013-afd5b011\" class=\"testimonial-card-two\" react-key=\"\"><img decoding=\"async\" src=\"https:\/\/www.haeger.com\/de\/wp-content\/uploads\/sites\/5\/2024\/12\/Penn-Portraits-2024-BCP-122.jpg\" loading=\"lazy\" width=\"Auto\" height=\"200\" alt=\"\" class=\"image-2 services no-border\">\n          <div class=\"div-block-9\">\n            <h4 class=\"heading-5 news-heading\">Serviceverfahren<\/h4>\n            <h4 class=\"heading-6 blog-author blue\"><\/h4>\n            <p class=\"testimonial-text-two\">Finden Sie Handb\u00fccher, Brosch\u00fcren, Schaltpl\u00e4ne und weitere Informationen nach Maschinentyp sortiert.<\/p>\n            <a href=\"https:\/\/www.haeger.com\/de\/our-services\/service-procedures\/\" class=\"button w175 darkhover w-button\" sh-dynamic-link=\"0\">Erfahren Sie mehr<\/a>\n          <\/div>\n        <\/div><div id=\"w-node-_7ae27a10-2f0d-651c-f4be-aa90afd5b013-afd5b011\" class=\"testimonial-card-two\" react-key=\"\"><img decoding=\"async\" src=\"https:\/\/www.haeger.com\/de\/wp-content\/uploads\/sites\/5\/2024\/12\/Penn-Portraits-2024-BCP-75.jpg\" loading=\"lazy\" width=\"Auto\" height=\"200\" alt=\"\" class=\"image-2 services no-border\">\n          <div class=\"div-block-9\">\n            <h4 class=\"heading-5 news-heading\">Verkaufsanfrage<\/h4>\n            <h4 class=\"heading-6 blog-author blue\"><\/h4>\n            <p class=\"testimonial-text-two\">Sprechen Sie mit uns \u00fcber Maschinen, Werkzeuge oder PEM\u00ae Befestigungselemente.<\/p>\n            <a href=\"https:\/\/www.haeger.com\/de\/our-services\/sales-request\/\" class=\"button w175 darkhover w-button\" sh-dynamic-link=\"0\">Erfahren Sie mehr<\/a>\n          <\/div>\n        <\/div><\/div>\n    <\/section>\n\n\n\n<div class=\"wp-block-sh-blocks-cta w-layout-blockcontainer cta-section w-container\" sh-section=\"CTA\"><div class=\"overlay\"><\/div><div class=\"subpage-hero-heading-div\"><h2 class=\"style-guide__typography--heading cta-heading\"><strong>IHRE IDEALE WERKZEUGL\u00d6SUNG<\/strong><br><strong>IST NUR EINEN KLICK ENTFERNT<\/strong>.<\/h2><a href=\"\/tooling-wizard\/\" class=\"button primary-button cta-button w-inline-block\"><p class=\"button-text\">Testen sie es hier<\/p><\/a><\/div><\/div>\n","protected":false},"excerpt":{"rendered":"","protected":false},"author":1,"featured_media":0,"parent":0,"menu_order":0,"comment_status":"closed","ping_status":"closed","template":"","meta":{"_acf_changed":false,"footnotes":""},"class_list":["post-165","page","type-page","status-publish","hentry"],"acf":false,"yoast_head":"<title>Services | Haeger USA<\/title>\n<meta name=\"description\" content=\"With Haeger&#039;s services, including custom tooling, standard procedures, and our HaegerCare\u2122 program\u2014designed to meet all your machine needs.\" \/>\n<meta name=\"robots\" content=\"index, follow, max-snippet:-1, max-image-preview:large, max-video-preview:-1\" \/>\n<link rel=\"canonical\" href=\"https:\/\/www.haeger.com\/de\/services\/\" \/>\n<meta property=\"og:locale\" content=\"en_US\" \/>\n<meta property=\"og:type\" content=\"article\" \/>\n<meta property=\"og:title\" content=\"Services | Haeger USA\" \/>\n<meta property=\"og:description\" content=\"With Haeger&#039;s services, including custom tooling, standard procedures, and our HaegerCare\u2122 program\u2014designed to meet all your machine needs.\" \/>\n<meta property=\"og:url\" content=\"https:\/\/www.haeger.com\/de\/services\/\" \/>\n<meta property=\"og:site_name\" content=\"Haeger (DE)\" \/>\n<meta property=\"article:modified_time\" content=\"2025-10-23T09:57:48+00:00\" \/>\n<meta name=\"twitter:card\" content=\"summary_large_image\" \/>\n<meta name=\"twitter:label1\" content=\"Est. reading time\" \/>\n\t<meta name=\"twitter:data1\" content=\"1 minute\" \/>\n<script type=\"application\/ld+json\" class=\"yoast-schema-graph\">{\"@context\":\"https:\/\/schema.org\",\"@graph\":[{\"@type\":\"WebPage\",\"@id\":\"https:\/\/www.haeger.com\/de\/services\/\",\"url\":\"https:\/\/www.haeger.com\/de\/services\/\",\"name\":\"Services | Haeger USA\",\"isPartOf\":{\"@id\":\"https:\/\/www.haeger.com\/de\/#website\"},\"datePublished\":\"2024-12-10T19:58:57+00:00\",\"dateModified\":\"2025-10-23T09:57:48+00:00\",\"description\":\"With Haeger's services, including custom tooling, standard procedures, and our HaegerCare\u2122 program\u2014designed to meet all your machine needs.\",\"breadcrumb\":{\"@id\":\"https:\/\/www.haeger.com\/de\/services\/#breadcrumb\"},\"inLanguage\":\"en-US\",\"potentialAction\":[{\"@type\":\"ReadAction\",\"target\":[\"https:\/\/www.haeger.com\/de\/services\/\"]}]},{\"@type\":\"BreadcrumbList\",\"@id\":\"https:\/\/www.haeger.com\/de\/services\/#breadcrumb\",\"itemListElement\":[{\"@type\":\"ListItem\",\"position\":1,\"name\":\"Home\",\"item\":\"https:\/\/www.haeger.com\/de\/\"},{\"@type\":\"ListItem\",\"position\":2,\"name\":\"Services\"}]},{\"@type\":\"WebSite\",\"@id\":\"https:\/\/www.haeger.com\/de\/#website\",\"url\":\"https:\/\/www.haeger.com\/de\/\",\"name\":\"Haeger (DE)\",\"description\":\"\",\"potentialAction\":[{\"@type\":\"SearchAction\",\"target\":{\"@type\":\"EntryPoint\",\"urlTemplate\":\"https:\/\/www.haeger.com\/de\/?s={search_term_string}\"},\"query-input\":{\"@type\":\"PropertyValueSpecification\",\"valueRequired\":true,\"valueName\":\"search_term_string\"}}],\"inLanguage\":\"en-US\"}]}<\/script>","yoast_head_json":{"title":"Services | Haeger USA","description":"With Haeger's services, including custom tooling, standard procedures, and our HaegerCare\u2122 program\u2014designed to meet all your machine needs.","robots":{"index":"index","follow":"follow","max-snippet":"max-snippet:-1","max-image-preview":"max-image-preview:large","max-video-preview":"max-video-preview:-1"},"canonical":"https:\/\/www.haeger.com\/de\/services\/","og_locale":"en_US","og_type":"article","og_title":"Services | Haeger USA","og_description":"With Haeger's services, including custom tooling, standard procedures, and our HaegerCare\u2122 program\u2014designed to meet all your machine needs.","og_url":"https:\/\/www.haeger.com\/de\/services\/","og_site_name":"Haeger (DE)","article_modified_time":"2025-10-23T09:57:48+00:00","twitter_card":"summary_large_image","twitter_misc":{"Est. reading time":"1 minute"},"schema":{"@context":"https:\/\/schema.org","@graph":[{"@type":"WebPage","@id":"https:\/\/www.haeger.com\/de\/services\/","url":"https:\/\/www.haeger.com\/de\/services\/","name":"Services | Haeger USA","isPartOf":{"@id":"https:\/\/www.haeger.com\/de\/#website"},"datePublished":"2024-12-10T19:58:57+00:00","dateModified":"2025-10-23T09:57:48+00:00","description":"With Haeger's services, including custom tooling, standard procedures, and our HaegerCare\u2122 program\u2014designed to meet all your machine needs.","breadcrumb":{"@id":"https:\/\/www.haeger.com\/de\/services\/#breadcrumb"},"inLanguage":"en-US","potentialAction":[{"@type":"ReadAction","target":["https:\/\/www.haeger.com\/de\/services\/"]}]},{"@type":"BreadcrumbList","@id":"https:\/\/www.haeger.com\/de\/services\/#breadcrumb","itemListElement":[{"@type":"ListItem","position":1,"name":"Home","item":"https:\/\/www.haeger.com\/de\/"},{"@type":"ListItem","position":2,"name":"Services"}]},{"@type":"WebSite","@id":"https:\/\/www.haeger.com\/de\/#website","url":"https:\/\/www.haeger.com\/de\/","name":"Haeger (DE)","description":"","potentialAction":[{"@type":"SearchAction","target":{"@type":"EntryPoint","urlTemplate":"https:\/\/www.haeger.com\/de\/?s={search_term_string}"},"query-input":{"@type":"PropertyValueSpecification","valueRequired":true,"valueName":"search_term_string"}}],"inLanguage":"en-US"}]}},"acf_fields":[],"_links":{"self":[{"href":"https:\/\/www.haeger.com\/de\/wp-json\/wp\/v2\/pages\/165","targetHints":{"allow":["GET"]}}],"collection":[{"href":"https:\/\/www.haeger.com\/de\/wp-json\/wp\/v2\/pages"}],"about":[{"href":"https:\/\/www.haeger.com\/de\/wp-json\/wp\/v2\/types\/page"}],"author":[{"embeddable":true,"href":"https:\/\/www.haeger.com\/de\/wp-json\/wp\/v2\/users\/1"}],"replies":[{"embeddable":true,"href":"https:\/\/www.haeger.com\/de\/wp-json\/wp\/v2\/comments?post=165"}],"version-history":[{"count":23,"href":"https:\/\/www.haeger.com\/de\/wp-json\/wp\/v2\/pages\/165\/revisions"}],"predecessor-version":[{"id":5990,"href":"https:\/\/www.haeger.com\/de\/wp-json\/wp\/v2\/pages\/165\/revisions\/5990"}],"wp:attachment":[{"href":"https:\/\/www.haeger.com\/de\/wp-json\/wp\/v2\/media?parent=165"}],"curies":[{"name":"wp","href":"https:\/\/api.w.org\/{rel}","templated":true}]}}