{"id":160,"date":"2024-12-10T16:28:50","date_gmt":"2024-12-10T16:28:50","guid":{"rendered":"https:\/\/dev-haeger25.pantheonsite.io\/?page_id=160"},"modified":"2025-11-04T10:12:47","modified_gmt":"2025-11-04T10:12:47","slug":"careers","status":"publish","type":"page","link":"https:\/\/www.haeger.com\/de\/about-us\/careers\/","title":{"rendered":"Careers"},"content":{"rendered":"\n<div class=\"wp-block-sh-blocks-subpage-hero-with-subtext w-layout-blockcontainer subpage-hero w-container\" style=\"background-image:url(https:\/\/www.haeger.com\/de\/wp-content\/uploads\/2025\/01\/Group-818.jpg)\"><div class=\"subpage-hero-heading-div\"><h1 class=\"style-guide__typography--heading subpage-hero-heading\">Karriere<\/h1><\/div><div class=\"hero-overlay\"><\/div><\/div>\n\n\n\n<section sh-section=\"Blurb With Button\" class=\"wp-block-sh-blocks-blurb-with-button blurb-container\"><div class=\"blurb-items\"><p class=\"blurb-paragraph\">Als f\u00fchrendes Unternehmen in unserem Bereich setzen wir auf engagierte Fachkr\u00e4fte mit individuellen St\u00e4rken.<br>Wenn Sie motiviert sind, verantwortungsvoll zu arbeiten und neue Herausforderungen anzunehmen, finden Sie bei Haeger\u00ae die M\u00f6glichkeit, Ihre Karriere weiterzuentwickeln.<br>Wir f\u00f6rdern ein unterst\u00fctzendes und inklusives Arbeitsumfeld und bieten unseren Mitarbeitenden Flexibilit\u00e4t, um eine ausgewogene Work-Life-Balance zu erm\u00f6glichen.<br>Dabei stehen gegenseitige Wertsch\u00e4tzung, Kundenzufriedenheit und gesellschaftliches Engagement im Mittelpunkt.<\/p><a href=\"https:\/\/www.penn-eng.com\/careers-europe\/#germany-deutschland\" class=\"button primary-button cta-button w-inline-block\"><p class=\"button-text\"> Karrierechancen entdecken<\/p><\/a><\/div><\/section>\n","protected":false},"excerpt":{"rendered":"","protected":false},"author":1,"featured_media":0,"parent":513,"menu_order":0,"comment_status":"closed","ping_status":"closed","template":"","meta":{"_acf_changed":false,"footnotes":""},"class_list":["post-160","page","type-page","status-publish","hentry"],"acf":false,"yoast_head":"<title>Jobs at Haeger | Haeger USA<\/title>\n<meta name=\"description\" content=\"Join Haeger, the leader in fastener insertion technology. Discover career opportunities and what sets our company apart as a great place to work.\" \/>\n<meta name=\"robots\" content=\"index, follow, max-snippet:-1, max-image-preview:large, max-video-preview:-1\" \/>\n<link rel=\"canonical\" href=\"https:\/\/www.haeger.com\/de\/about-us\/careers\/\" \/>\n<meta property=\"og:locale\" content=\"en_US\" \/>\n<meta property=\"og:type\" content=\"article\" \/>\n<meta property=\"og:title\" content=\"Jobs at Haeger | Haeger USA\" \/>\n<meta property=\"og:description\" content=\"Join Haeger, the leader in fastener insertion technology. Discover career opportunities and what sets our company apart as a great place to work.\" \/>\n<meta property=\"og:url\" content=\"https:\/\/www.haeger.com\/de\/about-us\/careers\/\" \/>\n<meta property=\"og:site_name\" content=\"Haeger (DE)\" \/>\n<meta property=\"article:modified_time\" content=\"2025-11-04T10:12:47+00:00\" \/>\n<meta name=\"twitter:card\" content=\"summary_large_image\" \/>\n<script type=\"application\/ld+json\" class=\"yoast-schema-graph\">{\"@context\":\"https:\/\/schema.org\",\"@graph\":[{\"@type\":\"WebPage\",\"@id\":\"https:\/\/www.haeger.com\/de\/about-us\/careers\/\",\"url\":\"https:\/\/www.haeger.com\/de\/about-us\/careers\/\",\"name\":\"Jobs at Haeger | Haeger USA\",\"isPartOf\":{\"@id\":\"https:\/\/www.haeger.com\/de\/#website\"},\"datePublished\":\"2024-12-10T16:28:50+00:00\",\"dateModified\":\"2025-11-04T10:12:47+00:00\",\"description\":\"Join Haeger, the leader in fastener insertion technology. Discover career opportunities and what sets our company apart as a great place to work.\",\"breadcrumb\":{\"@id\":\"https:\/\/www.haeger.com\/de\/about-us\/careers\/#breadcrumb\"},\"inLanguage\":\"en-US\",\"potentialAction\":[{\"@type\":\"ReadAction\",\"target\":[\"https:\/\/www.haeger.com\/de\/about-us\/careers\/\"]}]},{\"@type\":\"BreadcrumbList\",\"@id\":\"https:\/\/www.haeger.com\/de\/about-us\/careers\/#breadcrumb\",\"itemListElement\":[{\"@type\":\"ListItem\",\"position\":1,\"name\":\"Home\",\"item\":\"https:\/\/www.haeger.com\/de\/\"},{\"@type\":\"ListItem\",\"position\":2,\"name\":\"About Us\",\"item\":\"https:\/\/www.haeger.com\/de\/about-us\/\"},{\"@type\":\"ListItem\",\"position\":3,\"name\":\"Careers\"}]},{\"@type\":\"WebSite\",\"@id\":\"https:\/\/www.haeger.com\/de\/#website\",\"url\":\"https:\/\/www.haeger.com\/de\/\",\"name\":\"Haeger (DE)\",\"description\":\"\",\"potentialAction\":[{\"@type\":\"SearchAction\",\"target\":{\"@type\":\"EntryPoint\",\"urlTemplate\":\"https:\/\/www.haeger.com\/de\/?s={search_term_string}\"},\"query-input\":{\"@type\":\"PropertyValueSpecification\",\"valueRequired\":true,\"valueName\":\"search_term_string\"}}],\"inLanguage\":\"en-US\"}]}<\/script>","yoast_head_json":{"title":"Jobs at Haeger | Haeger USA","description":"Join Haeger, the leader in fastener insertion technology. Discover career opportunities and what sets our company apart as a great place to work.","robots":{"index":"index","follow":"follow","max-snippet":"max-snippet:-1","max-image-preview":"max-image-preview:large","max-video-preview":"max-video-preview:-1"},"canonical":"https:\/\/www.haeger.com\/de\/about-us\/careers\/","og_locale":"en_US","og_type":"article","og_title":"Jobs at Haeger | Haeger USA","og_description":"Join Haeger, the leader in fastener insertion technology. Discover career opportunities and what sets our company apart as a great place to work.","og_url":"https:\/\/www.haeger.com\/de\/about-us\/careers\/","og_site_name":"Haeger (DE)","article_modified_time":"2025-11-04T10:12:47+00:00","twitter_card":"summary_large_image","schema":{"@context":"https:\/\/schema.org","@graph":[{"@type":"WebPage","@id":"https:\/\/www.haeger.com\/de\/about-us\/careers\/","url":"https:\/\/www.haeger.com\/de\/about-us\/careers\/","name":"Jobs at Haeger | Haeger USA","isPartOf":{"@id":"https:\/\/www.haeger.com\/de\/#website"},"datePublished":"2024-12-10T16:28:50+00:00","dateModified":"2025-11-04T10:12:47+00:00","description":"Join Haeger, the leader in fastener insertion technology. Discover career opportunities and what sets our company apart as a great place to work.","breadcrumb":{"@id":"https:\/\/www.haeger.com\/de\/about-us\/careers\/#breadcrumb"},"inLanguage":"en-US","potentialAction":[{"@type":"ReadAction","target":["https:\/\/www.haeger.com\/de\/about-us\/careers\/"]}]},{"@type":"BreadcrumbList","@id":"https:\/\/www.haeger.com\/de\/about-us\/careers\/#breadcrumb","itemListElement":[{"@type":"ListItem","position":1,"name":"Home","item":"https:\/\/www.haeger.com\/de\/"},{"@type":"ListItem","position":2,"name":"About Us","item":"https:\/\/www.haeger.com\/de\/about-us\/"},{"@type":"ListItem","position":3,"name":"Careers"}]},{"@type":"WebSite","@id":"https:\/\/www.haeger.com\/de\/#website","url":"https:\/\/www.haeger.com\/de\/","name":"Haeger (DE)","description":"","potentialAction":[{"@type":"SearchAction","target":{"@type":"EntryPoint","urlTemplate":"https:\/\/www.haeger.com\/de\/?s={search_term_string}"},"query-input":{"@type":"PropertyValueSpecification","valueRequired":true,"valueName":"search_term_string"}}],"inLanguage":"en-US"}]}},"acf_fields":[],"_links":{"self":[{"href":"https:\/\/www.haeger.com\/de\/wp-json\/wp\/v2\/pages\/160","targetHints":{"allow":["GET"]}}],"collection":[{"href":"https:\/\/www.haeger.com\/de\/wp-json\/wp\/v2\/pages"}],"about":[{"href":"https:\/\/www.haeger.com\/de\/wp-json\/wp\/v2\/types\/page"}],"author":[{"embeddable":true,"href":"https:\/\/www.haeger.com\/de\/wp-json\/wp\/v2\/users\/1"}],"replies":[{"embeddable":true,"href":"https:\/\/www.haeger.com\/de\/wp-json\/wp\/v2\/comments?post=160"}],"version-history":[{"count":34,"href":"https:\/\/www.haeger.com\/de\/wp-json\/wp\/v2\/pages\/160\/revisions"}],"predecessor-version":[{"id":6026,"href":"https:\/\/www.haeger.com\/de\/wp-json\/wp\/v2\/pages\/160\/revisions\/6026"}],"up":[{"embeddable":true,"href":"https:\/\/www.haeger.com\/de\/wp-json\/wp\/v2\/pages\/513"}],"wp:attachment":[{"href":"https:\/\/www.haeger.com\/de\/wp-json\/wp\/v2\/media?parent=160"}],"curies":[{"name":"wp","href":"https:\/\/api.w.org\/{rel}","templated":true}]}}