{"id":154,"date":"2024-12-10T16:09:54","date_gmt":"2024-12-10T16:09:54","guid":{"rendered":"https:\/\/dev-haeger25.pantheonsite.io\/?page_id=154"},"modified":"2025-11-05T23:51:11","modified_gmt":"2025-11-05T23:51:11","slug":"why-haeger","status":"publish","type":"page","link":"https:\/\/www.haeger.com\/de\/about-us\/why-haeger\/","title":{"rendered":"Why Haeger"},"content":{"rendered":"\n<div class=\"wp-block-sh-blocks-subpage-hero-with-subtext w-layout-blockcontainer subpage-hero w-container\" style=\"background-image:url(https:\/\/www.haeger.com\/de\/wp-content\/uploads\/2025\/01\/Group-818.jpg)\"><div class=\"subpage-hero-heading-div\"><h1 class=\"style-guide__typography--heading subpage-hero-heading\">Warum HaEger<sup>\u00ae<\/sup>?<\/h1><h2 class=\"heading-3 sub-heading-hero\">Die Qualit\u00e4ten, die uns zu einem starken Partner machen, zeichnen uns auch als Arbeitgeber aus.<\/h2><\/div><div class=\"hero-overlay\"><\/div><\/div>\n\n\n\n<section class=\"wp-block-sh-blocks-blurb-no-button blurb-container\" sh-section=\"Blurb No Button\"><div class=\"blurb-items\"><p class=\"blurb-paragraph no-padding\">Haeger ist weltweit f\u00fchrend in der Entwicklung und Herstellung von Technologien und Maschinen zur Befestigungselement-Installation. Erfahren Sie mehr dar\u00fcber, was unser Unternehmen \u2013 und die beruflichen Perspektiven bei uns \u2013 besonders macht.<\/p><\/div><\/section>\n\n\n\n<section sh-section=\"Info Blocks\" class=\"wp-block-sh-blocks-info-blocks image-blocks blog-posts\"><div class=\"testimonial-grid-two services\"><div id=\"w-node-0\" class=\"testimonial-card-two\"><img decoding=\"async\" src=\"https:\/\/www.haeger.com\/de\/wp-content\/uploads\/2025\/01\/SSnew.png\" alt=\"SYSTEML\u00d6SUNGEN\" class=\"image-2 services\" loading=\"lazy\" style=\"width:auto;height:200px;cursor:pointer\"\/><div class=\"div-block-9\"><h4 class=\"heading-5 news-heading\">SYSTEML\u00d6SUNGEN<\/h4><p class=\"testimonial-text-two\">Haeger und PEM\u00ae machen die Befestigungselement-Installation \u201evom ersten Schritt an richtig.\u201c<\/p><\/div><\/div><div id=\"w-node-1\" class=\"testimonial-card-two\"><img decoding=\"async\" src=\"https:\/\/www.haeger.com\/de\/wp-content\/uploads\/2025\/01\/safetynew.png\" alt=\"SICHERHEIT\" class=\"image-2 services\" loading=\"lazy\" style=\"width:auto;height:200px;cursor:pointer\"\/><div class=\"div-block-9\"><h4 class=\"heading-5 news-heading\">SICHERHEIT<\/h4><p class=\"testimonial-text-two\">Fortschrittliche, integrierte Systeme sch\u00fctzen die Bediener.<\/p><\/div><\/div><div id=\"w-node-2\" class=\"testimonial-card-two\"><img decoding=\"async\" src=\"https:\/\/www.haeger.com\/de\/wp-content\/uploads\/2025\/01\/servicenew.png\" alt=\"SERVICE\" class=\"image-2 services\" loading=\"lazy\" style=\"width:auto;height:200px;cursor:pointer\"\/><div class=\"div-block-9\"><h4 class=\"heading-5 news-heading\">SERVICE<\/h4><p class=\"testimonial-text-two\">HaegerCare\u2122 optimiert die Erfahrung im Umgang mit der Maschine.<\/p><\/div><\/div><div id=\"w-node-3\" class=\"testimonial-card-two\"><img decoding=\"async\" src=\"https:\/\/www.haeger.com\/de\/wp-content\/uploads\/2025\/01\/speednew.png\" alt=\"GESCHWINDIGKEIT\" class=\"image-2 services\" loading=\"lazy\" style=\"width:auto;height:200px;cursor:pointer\"\/><div class=\"div-block-9\"><h4 class=\"heading-5 news-heading\">GESCHWINDIGKEIT<\/h4><p class=\"testimonial-text-two\">L\u00f6sungen, die eine Produktivit\u00e4tssteigerung von bis zu 50 % erm\u00f6glichen.<\/p><\/div><\/div><div id=\"w-node-4\" class=\"testimonial-card-two\"><img decoding=\"async\" src=\"https:\/\/www.haeger.com\/de\/wp-content\/uploads\/2025\/01\/automationnew.png\" alt=\"AUTOMATISIERUNG\" class=\"image-2 services\" loading=\"lazy\" style=\"width:auto;height:200px;cursor:pointer\"\/><div class=\"div-block-9\"><h4 class=\"heading-5 news-heading\">AUTOMATISIERUNG<\/h4><p class=\"testimonial-text-two\">Maschinen, die Industry 4.0 unterst\u00fctzen, halten Kunden f\u00fcr zuk\u00fcnftige Anforderungen bereit.<\/p><\/div><\/div><div id=\"w-node-5\" class=\"testimonial-card-two\"><img decoding=\"async\" src=\"https:\/\/www.haeger.com\/de\/wp-content\/uploads\/2025\/01\/innovationnew.png\" alt=\"INNOVATION\" class=\"image-2 services\" loading=\"lazy\" style=\"width:auto;height:200px;cursor:pointer\"\/><div class=\"div-block-9\"><h4 class=\"heading-5 news-heading\">INNOVATION<\/h4><p class=\"testimonial-text-two\">Einsatz globaler Technologien zum Nutzen lokaler Kunden.<\/p><\/div><\/div><\/div><\/section>\n","protected":false},"excerpt":{"rendered":"","protected":false},"author":1,"featured_media":0,"parent":513,"menu_order":0,"comment_status":"closed","ping_status":"closed","template":"","meta":{"_acf_changed":false,"footnotes":""},"class_list":["post-154","page","type-page","status-publish","hentry"],"acf":false,"yoast_head":"<title>Why Haeger | Haeger Machines | Haeger USA<\/title>\n<meta name=\"description\" content=\"Haeger leads the fastener insertion industry with innovative machines for PEM fasteners, delivering efficient, reliable solutions and boost productivity.\" \/>\n<meta name=\"robots\" content=\"index, follow, max-snippet:-1, max-image-preview:large, max-video-preview:-1\" \/>\n<link rel=\"canonical\" href=\"https:\/\/www.haeger.com\/de\/about-us\/why-haeger\/\" \/>\n<meta property=\"og:locale\" content=\"en_US\" \/>\n<meta property=\"og:type\" content=\"article\" \/>\n<meta property=\"og:title\" content=\"Why Haeger | Haeger Machines | Haeger USA\" \/>\n<meta property=\"og:description\" content=\"Haeger leads the fastener insertion industry with innovative machines for PEM fasteners, delivering efficient, reliable solutions and boost productivity.\" \/>\n<meta property=\"og:url\" content=\"https:\/\/www.haeger.com\/de\/about-us\/why-haeger\/\" \/>\n<meta property=\"og:site_name\" content=\"Haeger (DE)\" \/>\n<meta property=\"article:modified_time\" content=\"2025-11-05T23:51:11+00:00\" \/>\n<meta property=\"og:image\" content=\"https:\/\/www.haeger.com\/de\/wp-content\/uploads\/2025\/01\/SSnew.png\" \/>\n<meta name=\"twitter:card\" content=\"summary_large_image\" \/>\n<meta name=\"twitter:label1\" content=\"Est. reading time\" \/>\n\t<meta name=\"twitter:data1\" content=\"2 minutes\" \/>\n<script type=\"application\/ld+json\" class=\"yoast-schema-graph\">{\"@context\":\"https:\/\/schema.org\",\"@graph\":[{\"@type\":\"WebPage\",\"@id\":\"https:\/\/www.haeger.com\/de\/about-us\/why-haeger\/\",\"url\":\"https:\/\/www.haeger.com\/de\/about-us\/why-haeger\/\",\"name\":\"Why Haeger | Haeger Machines | Haeger USA\",\"isPartOf\":{\"@id\":\"https:\/\/www.haeger.com\/de\/#website\"},\"primaryImageOfPage\":{\"@id\":\"https:\/\/www.haeger.com\/de\/about-us\/why-haeger\/#primaryimage\"},\"image\":{\"@id\":\"https:\/\/www.haeger.com\/de\/about-us\/why-haeger\/#primaryimage\"},\"thumbnailUrl\":\"https:\/\/www.haeger.com\/de\/wp-content\/uploads\/2025\/01\/SSnew.png\",\"datePublished\":\"2024-12-10T16:09:54+00:00\",\"dateModified\":\"2025-11-05T23:51:11+00:00\",\"description\":\"Haeger leads the fastener insertion industry with innovative machines for PEM fasteners, delivering efficient, reliable solutions and boost productivity.\",\"breadcrumb\":{\"@id\":\"https:\/\/www.haeger.com\/de\/about-us\/why-haeger\/#breadcrumb\"},\"inLanguage\":\"en-US\",\"potentialAction\":[{\"@type\":\"ReadAction\",\"target\":[\"https:\/\/www.haeger.com\/de\/about-us\/why-haeger\/\"]}]},{\"@type\":\"ImageObject\",\"inLanguage\":\"en-US\",\"@id\":\"https:\/\/www.haeger.com\/de\/about-us\/why-haeger\/#primaryimage\",\"url\":\"https:\/\/www.haeger.com\/de\/wp-content\/uploads\/2025\/01\/SSnew.png\",\"contentUrl\":\"https:\/\/www.haeger.com\/de\/wp-content\/uploads\/2025\/01\/SSnew.png\"},{\"@type\":\"BreadcrumbList\",\"@id\":\"https:\/\/www.haeger.com\/de\/about-us\/why-haeger\/#breadcrumb\",\"itemListElement\":[{\"@type\":\"ListItem\",\"position\":1,\"name\":\"Home\",\"item\":\"https:\/\/www.haeger.com\/de\/\"},{\"@type\":\"ListItem\",\"position\":2,\"name\":\"About Us\",\"item\":\"https:\/\/www.haeger.com\/de\/about-us\/\"},{\"@type\":\"ListItem\",\"position\":3,\"name\":\"Why Haeger\"}]},{\"@type\":\"WebSite\",\"@id\":\"https:\/\/www.haeger.com\/de\/#website\",\"url\":\"https:\/\/www.haeger.com\/de\/\",\"name\":\"Haeger (DE)\",\"description\":\"\",\"potentialAction\":[{\"@type\":\"SearchAction\",\"target\":{\"@type\":\"EntryPoint\",\"urlTemplate\":\"https:\/\/www.haeger.com\/de\/?s={search_term_string}\"},\"query-input\":{\"@type\":\"PropertyValueSpecification\",\"valueRequired\":true,\"valueName\":\"search_term_string\"}}],\"inLanguage\":\"en-US\"}]}<\/script>","yoast_head_json":{"title":"Why Haeger | Haeger Machines | Haeger USA","description":"Haeger leads the fastener insertion industry with innovative machines for PEM fasteners, delivering efficient, reliable solutions and boost productivity.","robots":{"index":"index","follow":"follow","max-snippet":"max-snippet:-1","max-image-preview":"max-image-preview:large","max-video-preview":"max-video-preview:-1"},"canonical":"https:\/\/www.haeger.com\/de\/about-us\/why-haeger\/","og_locale":"en_US","og_type":"article","og_title":"Why Haeger | Haeger Machines | Haeger USA","og_description":"Haeger leads the fastener insertion industry with innovative machines for PEM fasteners, delivering efficient, reliable solutions and boost productivity.","og_url":"https:\/\/www.haeger.com\/de\/about-us\/why-haeger\/","og_site_name":"Haeger (DE)","article_modified_time":"2025-11-05T23:51:11+00:00","og_image":[{"url":"https:\/\/www.haeger.com\/de\/wp-content\/uploads\/2025\/01\/SSnew.png","type":"","width":"","height":""}],"twitter_card":"summary_large_image","twitter_misc":{"Est. reading time":"2 minutes"},"schema":{"@context":"https:\/\/schema.org","@graph":[{"@type":"WebPage","@id":"https:\/\/www.haeger.com\/de\/about-us\/why-haeger\/","url":"https:\/\/www.haeger.com\/de\/about-us\/why-haeger\/","name":"Why Haeger | Haeger Machines | Haeger USA","isPartOf":{"@id":"https:\/\/www.haeger.com\/de\/#website"},"primaryImageOfPage":{"@id":"https:\/\/www.haeger.com\/de\/about-us\/why-haeger\/#primaryimage"},"image":{"@id":"https:\/\/www.haeger.com\/de\/about-us\/why-haeger\/#primaryimage"},"thumbnailUrl":"https:\/\/www.haeger.com\/de\/wp-content\/uploads\/2025\/01\/SSnew.png","datePublished":"2024-12-10T16:09:54+00:00","dateModified":"2025-11-05T23:51:11+00:00","description":"Haeger leads the fastener insertion industry with innovative machines for PEM fasteners, delivering efficient, reliable solutions and boost productivity.","breadcrumb":{"@id":"https:\/\/www.haeger.com\/de\/about-us\/why-haeger\/#breadcrumb"},"inLanguage":"en-US","potentialAction":[{"@type":"ReadAction","target":["https:\/\/www.haeger.com\/de\/about-us\/why-haeger\/"]}]},{"@type":"ImageObject","inLanguage":"en-US","@id":"https:\/\/www.haeger.com\/de\/about-us\/why-haeger\/#primaryimage","url":"https:\/\/www.haeger.com\/de\/wp-content\/uploads\/2025\/01\/SSnew.png","contentUrl":"https:\/\/www.haeger.com\/de\/wp-content\/uploads\/2025\/01\/SSnew.png"},{"@type":"BreadcrumbList","@id":"https:\/\/www.haeger.com\/de\/about-us\/why-haeger\/#breadcrumb","itemListElement":[{"@type":"ListItem","position":1,"name":"Home","item":"https:\/\/www.haeger.com\/de\/"},{"@type":"ListItem","position":2,"name":"About Us","item":"https:\/\/www.haeger.com\/de\/about-us\/"},{"@type":"ListItem","position":3,"name":"Why Haeger"}]},{"@type":"WebSite","@id":"https:\/\/www.haeger.com\/de\/#website","url":"https:\/\/www.haeger.com\/de\/","name":"Haeger (DE)","description":"","potentialAction":[{"@type":"SearchAction","target":{"@type":"EntryPoint","urlTemplate":"https:\/\/www.haeger.com\/de\/?s={search_term_string}"},"query-input":{"@type":"PropertyValueSpecification","valueRequired":true,"valueName":"search_term_string"}}],"inLanguage":"en-US"}]}},"acf_fields":[],"_links":{"self":[{"href":"https:\/\/www.haeger.com\/de\/wp-json\/wp\/v2\/pages\/154","targetHints":{"allow":["GET"]}}],"collection":[{"href":"https:\/\/www.haeger.com\/de\/wp-json\/wp\/v2\/pages"}],"about":[{"href":"https:\/\/www.haeger.com\/de\/wp-json\/wp\/v2\/types\/page"}],"author":[{"embeddable":true,"href":"https:\/\/www.haeger.com\/de\/wp-json\/wp\/v2\/users\/1"}],"replies":[{"embeddable":true,"href":"https:\/\/www.haeger.com\/de\/wp-json\/wp\/v2\/comments?post=154"}],"version-history":[{"count":34,"href":"https:\/\/www.haeger.com\/de\/wp-json\/wp\/v2\/pages\/154\/revisions"}],"predecessor-version":[{"id":6033,"href":"https:\/\/www.haeger.com\/de\/wp-json\/wp\/v2\/pages\/154\/revisions\/6033"}],"up":[{"embeddable":true,"href":"https:\/\/www.haeger.com\/de\/wp-json\/wp\/v2\/pages\/513"}],"wp:attachment":[{"href":"https:\/\/www.haeger.com\/de\/wp-json\/wp\/v2\/media?parent=154"}],"curies":[{"name":"wp","href":"https:\/\/api.w.org\/{rel}","templated":true}]}}