{"id":143,"date":"2024-12-06T16:01:44","date_gmt":"2024-12-06T16:01:44","guid":{"rendered":"https:\/\/dev-haeger25.pantheonsite.io\/?page_id=143"},"modified":"2025-10-31T09:50:08","modified_gmt":"2025-10-31T09:50:08","slug":"products","status":"publish","type":"page","link":"https:\/\/www.haeger.com\/de\/products\/","title":{"rendered":"Products"},"content":{"rendered":"\n<section class=\"wp-block-sh-blocks-products-page-hero section-4\"><div class=\"w-layout-blockcontainer subpage-hero pull-up w-container\"><div class=\"div-block-17\"><div class=\"div-block-2\"><h1 class=\"heading-2 slider-heading\">Produktionsprozesse effizient l\u00f6sen \u2013 mit Haeger\u00ae-Einpressmaschinen.<\/h1><\/div><\/div><div class=\"subpage-hero-heading-div\"><\/div><\/div><div class=\"product-hero-tabs bring-up\"><div class=\"tab-holder large-tabs\"><a href=\"https:\/\/www.haeger.com\/de\/products\/machines\/\" class=\"product-tab w-inline-block\"><p class=\"button-text slanted\">Maschinen<\/p><\/a><a href=\"https:\/\/www.haeger.com\/de\/products\/in-die\/\" class=\"product-tab w-inline-block\"><p class=\"button-text slanted\">In-die<\/p><\/a><a href=\"https:\/\/www.haeger.com\/de\/products\/tooling\/\" class=\"product-tab w-inline-block\"><p class=\"button-text slanted\">Werkzeuge<\/p><\/a><a href=\"https:\/\/www.haeger.com\/de\/products\/hand-tools\/\" class=\"product-tab w-inline-block\"><p class=\"button-text slanted\">HANDwerkzeuge<\/p><\/a><a href=\"https:\/\/www.haeger.com\/de\/products\/stock-check\/\" class=\"product-tab right-tab w-inline-block\"><p class=\"button-text slanted\">bestand pr\u00fcfen<\/p><\/a><\/div><\/div><\/section>\n\n\n\n<section sh-section=\"Blurb With Button\" class=\"wp-block-sh-blocks-blurb-with-button blurb-container\"><div class=\"blurb-items\"><p class=\"blurb-paragraph\">Haeger\u00ae-Einpressmaschinen f\u00fcr Befestigungselemente sind darauf ausgelegt, Ihre vielf\u00e4ltigen Produktionsanforderungen mit Pr\u00e4zision, Kraft und Flexibilit\u00e4t zu erf\u00fcllen. Unser Sortiment an manuellen, halbautomatischen und vollautomatischen Systemen l\u00e4sst sich in Kombination mit PEM\u00ae-Befestigungselementen nahtlos in Fertigungslinien mit niedrigen und hohen St\u00fcckzahlen integrieren \u2013 f\u00fcr die optimale Einpressl\u00f6sung. Mit \u00fcber 10.000 weltweit installierten Maschinen \u00fcbertrifft Haeger die Branchenstandards in den Bereichen Sicherheit, Pr\u00e4zision und Innovation \u2013 gest\u00fctzt durch einen konsequenten Fokus auf exzellenten Service und Support. Ob Spezialanwendungen oder Gro\u00dfserienfertigung \u2013 Haeger bietet die passende L\u00f6sung zur Steigerung von Produktivit\u00e4t, Qualit\u00e4t und Prozesseffizienz.<\/p><a href=\"product-selector\/ \" class=\"button primary-button cta-button w-inline-block\"><p class=\"button-text\">ProduktFINDER<\/p><\/a><\/div><\/section>\n\n\n\n<section sh-section=\"Product List\" class=\"wp-block-sh-blocks-product-list image-blocks\"><div id=\"products-holder\" class=\"mw1050 move-up\"><div class=\"individual-image-block block-0\"><div class=\"product-photo\"><img decoding=\"async\" src=\"\/wp-content\/themes\/haeger\/assets\/images\/Penn-Candids-BCP-2024-412.jpg\" loading=\"lazy\" alt=\"\" class=\"prodiuct-photo-jpg\"\/><\/div><div class=\"product-text\"><h4 class=\"heading-3 product-h4\">Maschinen<\/h4><p class=\"paragraph-3\">Kernfunktionen wie automatisches Laden, \u00fcberwachtes Einsetzen der Befestigungselemente und pr\u00e4zise Einstellungen erm\u00f6glichen un\u00fcbertroffene Zuverl\u00e4ssigkeit und Kontrolle bei jeder Einsetzaufgabe.<\/p><a href=\"https:\/\/www.haeger.com\/de\/machines\/\" class=\"button primary-button cta-button mobile w-inline-block\"><p class=\"button-text\">Entdecken Sie Maschinen<\/p><\/a><\/div><\/div><div class=\"individual-image-block block-1\"><div class=\"product-photo\"><img decoding=\"async\" src=\"\/wp-content\/themes\/haeger\/assets\/images\/Penn-Candids-BCP-2024-2002.png\" loading=\"lazy\" alt=\"\" class=\"prodiuct-photo-jpg\"\/><\/div><div class=\"product-text\"><h4 class=\"heading-3 product-h4\">In-die<\/h4><p class=\"paragraph-3\">Informieren Sie sich, wie Sie mit einem In-Die-Zuf\u00fchrwagen sekund\u00e4re Arbeitsschritte, die typischerweise mit dem Einsetzen von Befestigungselementen verbunden sind, vermeiden und so die Gesamtarbeitskosten senken k\u00f6nnen.<\/p><a href=\"https:\/\/www.haeger.com\/de\/products\/in-die\/\" class=\"button primary-button cta-button mobile w-inline-block\"><p class=\"button-text\">Entdecken Sie In-Die<\/p><\/a><\/div><\/div><div class=\"individual-image-block block-2\"><div class=\"product-photo\"><img decoding=\"async\" src=\"\/wp-content\/themes\/haeger\/assets\/images\/PENN-PROCESSED-02108.jpg\" loading=\"lazy\" alt=\"\" class=\"prodiuct-photo-jpg\"\/><\/div><div class=\"product-text\"><h4 class=\"heading-3 product-h4\">WERKZEUG<\/h4><p class=\"paragraph-3\">Haeger verf\u00fcgt f\u00fcr alle PEM-Befestigungselemente \u00fcber Standardwerkzeuge, die in direkter Abstimmung mit PEM-Ingenieuren entwickelt und im eigenen Unternehmen hergestellt werden.<\/p><a href=\"https:\/\/www.haeger.com\/de\/products\/tooling\/\" class=\"button primary-button cta-button mobile w-inline-block\"><p class=\"button-text\">Entdecken Sie Werkzeuge<\/p><\/a><\/div><\/div><div class=\"individual-image-block block-3\"><div class=\"product-photo\"><img decoding=\"async\" src=\"\/wp-content\/themes\/haeger\/assets\/images\/Penn-Candids-BCP-2024-33.jpg\" loading=\"lazy\" alt=\"\" class=\"prodiuct-photo-jpg\"\/><\/div><div class=\"product-text\"><h4 class=\"heading-3 product-h4\">HANDWERKZEUGE<\/h4><p class=\"paragraph-3\">Wir bieten ein pneumatisches und ein manuelles Handwerkzeug an \u2013 beide sind f\u00fcr die Installation von PEM-Einpressbefestigern konzipiert.<\/p><a href=\"https:\/\/www.haeger.com\/de\/products\/hand-tools\/\" class=\"button primary-button cta-button mobile w-inline-block\"><p class=\"button-text\">Entdecken Sie Handwerkzeuge<\/p><\/a><\/div><\/div><div class=\"individual-image-block block-4\"><div class=\"product-photo\"><img decoding=\"async\" src=\"\/wp-content\/themes\/haeger\/assets\/images\/Penn-Candids-BCP-2024-167.jpg\" loading=\"lazy\" alt=\"\" class=\"prodiuct-photo-jpg\"\/><\/div><div class=\"product-text\"><h4 class=\"heading-3 product-h4\">Bestandskontrolle<\/h4><p class=\"paragraph-3\">Suchen Sie nach Teilenummer oder Beschreibung, um zu sehen, was wir vorr\u00e4tig haben. Wir tun alles, um Ihnen schnellstm\u00f6glich das zu besorgen, was Sie ben\u00f6tigen.<\/p><a href=\"https:\/\/www.haeger.com\/de\/products\/stock-check\/\" class=\"button primary-button cta-button mobile w-inline-block\"><p class=\"button-text\">Suchen Sie hier<\/p><\/a><\/div><\/div><\/div><\/section>\n\n\n\n<div class=\"wp-block-sh-blocks-cta w-layout-blockcontainer cta-section w-container\" sh-section=\"CTA\"><div class=\"overlay\"><\/div><div class=\"subpage-hero-heading-div\"><h2 class=\"style-guide__typography--heading cta-heading\"><strong>FINDEN SIE DAS WERKZEUG<\/strong><br><strong>F\u00dcR IHRE ANWENDUNG<\/strong>.<\/h2><a href=\"\/tooling-wizard\/\" class=\"button primary-button cta-button w-inline-block\"><p class=\"button-text\">Herstellen einer Verbindung zum Werkzeugassistenten<\/p><\/a><\/div><\/div>\n","protected":false},"excerpt":{"rendered":"","protected":false},"author":1,"featured_media":0,"parent":0,"menu_order":0,"comment_status":"closed","ping_status":"closed","template":"","meta":{"_acf_changed":false,"footnotes":""},"class_list":["post-143","page","type-page","status-publish","hentry"],"acf":false,"yoast_head":"<title>Products | Haeger Insertion Machine | Haeger USA<\/title>\n<meta name=\"description\" content=\"Haeger fastener insertion machines deliver precision, power, and flexibility for any need. Explore manual, semi-automatic, and automated PEM machines.\" \/>\n<meta name=\"robots\" content=\"index, follow, max-snippet:-1, max-image-preview:large, max-video-preview:-1\" \/>\n<link rel=\"canonical\" href=\"https:\/\/www.haeger.com\/de\/products\/\" \/>\n<meta property=\"og:locale\" content=\"en_US\" \/>\n<meta property=\"og:type\" content=\"article\" \/>\n<meta property=\"og:title\" content=\"Products | Haeger Insertion Machine | Haeger USA\" \/>\n<meta property=\"og:description\" content=\"Haeger fastener insertion machines deliver precision, power, and flexibility for any need. Explore manual, semi-automatic, and automated PEM machines.\" \/>\n<meta property=\"og:url\" content=\"https:\/\/www.haeger.com\/de\/products\/\" \/>\n<meta property=\"og:site_name\" content=\"Haeger (DE)\" \/>\n<meta property=\"article:modified_time\" content=\"2025-10-31T09:50:08+00:00\" \/>\n<meta name=\"twitter:card\" content=\"summary_large_image\" \/>\n<meta name=\"twitter:label1\" content=\"Est. reading time\" \/>\n\t<meta name=\"twitter:data1\" content=\"3 minutes\" \/>\n<script type=\"application\/ld+json\" class=\"yoast-schema-graph\">{\"@context\":\"https:\/\/schema.org\",\"@graph\":[{\"@type\":\"WebPage\",\"@id\":\"https:\/\/www.haeger.com\/de\/products\/\",\"url\":\"https:\/\/www.haeger.com\/de\/products\/\",\"name\":\"Products | Haeger Insertion Machine | Haeger USA\",\"isPartOf\":{\"@id\":\"https:\/\/www.haeger.com\/de\/#website\"},\"datePublished\":\"2024-12-06T16:01:44+00:00\",\"dateModified\":\"2025-10-31T09:50:08+00:00\",\"description\":\"Haeger fastener insertion machines deliver precision, power, and flexibility for any need. Explore manual, semi-automatic, and automated PEM machines.\",\"breadcrumb\":{\"@id\":\"https:\/\/www.haeger.com\/de\/products\/#breadcrumb\"},\"inLanguage\":\"en-US\",\"potentialAction\":[{\"@type\":\"ReadAction\",\"target\":[\"https:\/\/www.haeger.com\/de\/products\/\"]}]},{\"@type\":\"BreadcrumbList\",\"@id\":\"https:\/\/www.haeger.com\/de\/products\/#breadcrumb\",\"itemListElement\":[{\"@type\":\"ListItem\",\"position\":1,\"name\":\"Home\",\"item\":\"https:\/\/www.haeger.com\/de\/\"},{\"@type\":\"ListItem\",\"position\":2,\"name\":\"Products\"}]},{\"@type\":\"WebSite\",\"@id\":\"https:\/\/www.haeger.com\/de\/#website\",\"url\":\"https:\/\/www.haeger.com\/de\/\",\"name\":\"Haeger (DE)\",\"description\":\"\",\"potentialAction\":[{\"@type\":\"SearchAction\",\"target\":{\"@type\":\"EntryPoint\",\"urlTemplate\":\"https:\/\/www.haeger.com\/de\/?s={search_term_string}\"},\"query-input\":{\"@type\":\"PropertyValueSpecification\",\"valueRequired\":true,\"valueName\":\"search_term_string\"}}],\"inLanguage\":\"en-US\"}]}<\/script>","yoast_head_json":{"title":"Products | Haeger Insertion Machine | Haeger USA","description":"Haeger fastener insertion machines deliver precision, power, and flexibility for any need. Explore manual, semi-automatic, and automated PEM machines.","robots":{"index":"index","follow":"follow","max-snippet":"max-snippet:-1","max-image-preview":"max-image-preview:large","max-video-preview":"max-video-preview:-1"},"canonical":"https:\/\/www.haeger.com\/de\/products\/","og_locale":"en_US","og_type":"article","og_title":"Products | Haeger Insertion Machine | Haeger USA","og_description":"Haeger fastener insertion machines deliver precision, power, and flexibility for any need. Explore manual, semi-automatic, and automated PEM machines.","og_url":"https:\/\/www.haeger.com\/de\/products\/","og_site_name":"Haeger (DE)","article_modified_time":"2025-10-31T09:50:08+00:00","twitter_card":"summary_large_image","twitter_misc":{"Est. reading time":"3 minutes"},"schema":{"@context":"https:\/\/schema.org","@graph":[{"@type":"WebPage","@id":"https:\/\/www.haeger.com\/de\/products\/","url":"https:\/\/www.haeger.com\/de\/products\/","name":"Products | Haeger Insertion Machine | Haeger USA","isPartOf":{"@id":"https:\/\/www.haeger.com\/de\/#website"},"datePublished":"2024-12-06T16:01:44+00:00","dateModified":"2025-10-31T09:50:08+00:00","description":"Haeger fastener insertion machines deliver precision, power, and flexibility for any need. Explore manual, semi-automatic, and automated PEM machines.","breadcrumb":{"@id":"https:\/\/www.haeger.com\/de\/products\/#breadcrumb"},"inLanguage":"en-US","potentialAction":[{"@type":"ReadAction","target":["https:\/\/www.haeger.com\/de\/products\/"]}]},{"@type":"BreadcrumbList","@id":"https:\/\/www.haeger.com\/de\/products\/#breadcrumb","itemListElement":[{"@type":"ListItem","position":1,"name":"Home","item":"https:\/\/www.haeger.com\/de\/"},{"@type":"ListItem","position":2,"name":"Products"}]},{"@type":"WebSite","@id":"https:\/\/www.haeger.com\/de\/#website","url":"https:\/\/www.haeger.com\/de\/","name":"Haeger (DE)","description":"","potentialAction":[{"@type":"SearchAction","target":{"@type":"EntryPoint","urlTemplate":"https:\/\/www.haeger.com\/de\/?s={search_term_string}"},"query-input":{"@type":"PropertyValueSpecification","valueRequired":true,"valueName":"search_term_string"}}],"inLanguage":"en-US"}]}},"acf_fields":[],"_links":{"self":[{"href":"https:\/\/www.haeger.com\/de\/wp-json\/wp\/v2\/pages\/143","targetHints":{"allow":["GET"]}}],"collection":[{"href":"https:\/\/www.haeger.com\/de\/wp-json\/wp\/v2\/pages"}],"about":[{"href":"https:\/\/www.haeger.com\/de\/wp-json\/wp\/v2\/types\/page"}],"author":[{"embeddable":true,"href":"https:\/\/www.haeger.com\/de\/wp-json\/wp\/v2\/users\/1"}],"replies":[{"embeddable":true,"href":"https:\/\/www.haeger.com\/de\/wp-json\/wp\/v2\/comments?post=143"}],"version-history":[{"count":65,"href":"https:\/\/www.haeger.com\/de\/wp-json\/wp\/v2\/pages\/143\/revisions"}],"predecessor-version":[{"id":6014,"href":"https:\/\/www.haeger.com\/de\/wp-json\/wp\/v2\/pages\/143\/revisions\/6014"}],"wp:attachment":[{"href":"https:\/\/www.haeger.com\/de\/wp-json\/wp\/v2\/media?parent=143"}],"curies":[{"name":"wp","href":"https:\/\/api.w.org\/{rel}","templated":true}]}}