{"id":11,"date":"2024-11-14T16:54:41","date_gmt":"2024-11-14T16:54:41","guid":{"rendered":"https:\/\/dev-haeger25.pantheonsite.io\/?page_id=11"},"modified":"2025-10-31T12:36:34","modified_gmt":"2025-10-31T12:36:34","slug":"11-2","status":"publish","type":"page","link":"https:\/\/www.haeger.com\/de\/","title":{"rendered":"Home Page"},"content":{"rendered":"\n<section sh-section=\"Hero\" class=\"wp-block-sh-blocks-hero section\"><div data-delay=\"4000\" data-animation=\"slide\" class=\"slider slider-2 slider-3 w-slider\" data-autoplay=\"false\" data-easing=\"ease\" data-hide-arrows=\"true\" data-disable-swipe=\"false\" data-autoplay-limit=\"0\" data-nav-spacing=\"3\" data-duration=\"500\" data-infinite=\"true\"><div id=\"w-slider-mask-0\" class=\"w-slider-mask\"><div class=\"wp-block-sh-blocks-hero-slide slide w-slide\" sh-block=\"Hero Slide\" style=\"background-image:url(https:\/\/www.haeger.com\/de\/wp-content\/uploads\/sites\/5\/2025\/10\/Haeger-DE.jpg);padding:100px 20px;text-align:center;background-size:cover;background-position:center;color:#fff\"><div class=\"div-block\"><div class=\"div-block-2 slider\"><h1 class=\"heading-2 slider-heading\" style=\"max-width:700px !important;;text-align:left\">Finden Sie das richtige Werkzeug \u2013 in k\u00fcrzester Zeit.<\/h1><a href=\"https:\/\/www.haeger.com\/de\/tooling-wizard\/\" class=\"button primary-button cta-button w-inline-block\"><p class=\"button-text\">werkzeugl\u00f6sung konfigurieren<\/p><\/a><\/div><\/div><\/div><div class=\"wp-block-sh-blocks-hero-slide slide w-slide\" sh-block=\"Hero Slide\" style=\"background-image:url(https:\/\/www.haeger.com\/de\/wp-content\/uploads\/sites\/5\/2025\/10\/Homepage-Hero-DE-scaled.jpg);padding:100px 20px;text-align:center;background-size:cover;background-position:center;color:#fff\"><div class=\"div-block\"><div class=\"div-block-2 slider\"><h1 class=\"heading-2 slider-heading\" style=\"max-width:700px !important;;text-align:left\">Konsequent konstant \u2013 seit 40 Jahren.<\/h1><a href=\"https:\/\/www.haeger.com\/de\/contact-us\/\" class=\"button primary-button cta-button w-inline-block\"><p class=\"button-text\">erfahren sie mehr<\/p><\/a><\/div><\/div><\/div><\/div><div class=\"w-slider-arrow-left\"><div class=\"icon w-icon-slider-left\"><\/div><\/div><div class=\"w-slider-arrow-right\"><\/div><div class=\"slide-nav w-slider-nav w-round\"><\/div><\/div><\/section>\n\n\n\n<section class=\"wp-block-sh-blocks-accent-text accent-text\" style=\"background:\" sh-section=\"Accent Text\"><div class=\"div-block-6\"><p class=\"light-gray-text centered\">Willkommen bei Haeger, dem weltweit f\u00fchrenden Unternehmen f\u00fcr Befestigungstechnik. Unsere Maschinen sind f\u00fcr h\u00f6chste Produktivit\u00e4t, k\u00fcrzeste Zykluszeiten und un\u00fcbertroffene Prozesssicherheit entwickelt \u2013 damit Sie selbst anspruchsvollste Produktionsziele erreichen. Bei Haeger stehen Einfachheit, Sicherheit und Effizienz im Mittelpunkt. Unsere benutzerfreundlichen und ausfallsicheren Maschinen sind weltweit f\u00fcr ihre Langlebigkeit und konstante Leistung bekannt. Sie maximieren die Effizienz und minimieren Ausfallzeiten. Zudem bieten sie erstklassiges Werkzeug, Zubeh\u00f6r und schnell verf\u00fcgbare Ersatzteile \u2013 mit den k\u00fcrzesten Lieferzeiten der Branche.<\/p><\/div><\/section>\n\n\n\n<section sh-section=\"Steps\" class=\"wp-block-sh-blocks-steps section-3\"><div class=\"div-block-4\"><div class=\"div-block-1\"><div><\/div><\/div><div class=\"div-block-2\"><\/div><div class=\"div-block-3\"><div class=\"step-blocks\"><p class=\"numbers red-border\">01<\/p><h4 class=\"_30bold\">produkte<\/h4><a href=\"\/products\/\" class=\"button primary-button cta-button w-inline-block\"><p class=\"button-text\">Produkte<\/p><\/a><\/div><div class=\"step-blocks\"><p class=\"numbers red-border\">02<\/p><h4 class=\"_30bold\">Serviceleistungen<\/h4><a href=\"\/services\/\" class=\"button primary-button cta-button w-inline-block\"><p class=\"button-text\">services<\/p><\/a><\/div><div class=\"step-blocks\"><p class=\"numbers red-border\">03<\/p><h4 class=\"_30bold\">Ressourcen<\/h4><a href=\"\/resources\/\" class=\"button primary-button cta-button w-inline-block\"><p class=\"button-text\">ressourcen<\/p><\/a><\/div><\/div><\/div><\/section>\n","protected":false},"excerpt":{"rendered":"","protected":false},"author":1,"featured_media":0,"parent":0,"menu_order":0,"comment_status":"closed","ping_status":"closed","template":"","meta":{"_acf_changed":false,"footnotes":""},"class_list":["post-11","page","type-page","status-publish","hentry"],"acf":false,"yoast_head":"<title>Fastener Insertion Machines | Haeger Machines | Haeger USA<\/title>\n<meta name=\"description\" content=\"Discover Haeger, the global leader in fastener insertion technology. Maximize efficiency with durable PEM machines designed for reliability and speed.\" \/>\n<meta name=\"robots\" content=\"index, follow, max-snippet:-1, max-image-preview:large, max-video-preview:-1\" \/>\n<link rel=\"canonical\" href=\"https:\/\/www.haeger.com\/de\/\" \/>\n<meta property=\"og:locale\" content=\"en_US\" \/>\n<meta property=\"og:type\" content=\"article\" \/>\n<meta property=\"og:title\" content=\"Fastener Insertion Machines | Haeger Machines | Haeger USA\" \/>\n<meta property=\"og:description\" content=\"Discover Haeger, the global leader in fastener insertion technology. Maximize efficiency with durable PEM machines designed for reliability and speed.\" \/>\n<meta property=\"og:url\" content=\"https:\/\/www.haeger.com\/de\/\" \/>\n<meta property=\"og:site_name\" content=\"Haeger (DE)\" \/>\n<meta property=\"article:modified_time\" content=\"2025-10-31T12:36:34+00:00\" \/>\n<meta name=\"twitter:card\" content=\"summary_large_image\" \/>\n<meta name=\"twitter:label1\" content=\"Est. reading time\" \/>\n\t<meta name=\"twitter:data1\" content=\"1 minute\" \/>\n<script type=\"application\/ld+json\" class=\"yoast-schema-graph\">{\"@context\":\"https:\/\/schema.org\",\"@graph\":[{\"@type\":\"WebPage\",\"@id\":\"https:\/\/www.haeger.com\/de\/\",\"url\":\"https:\/\/www.haeger.com\/de\/\",\"name\":\"Fastener Insertion Machines | Haeger Machines | Haeger USA\",\"isPartOf\":{\"@id\":\"https:\/\/www.haeger.com\/de\/#website\"},\"datePublished\":\"2024-11-14T16:54:41+00:00\",\"dateModified\":\"2025-10-31T12:36:34+00:00\",\"description\":\"Discover Haeger, the global leader in fastener insertion technology. Maximize efficiency with durable PEM machines designed for reliability and speed.\",\"breadcrumb\":{\"@id\":\"https:\/\/www.haeger.com\/de\/#breadcrumb\"},\"inLanguage\":\"en-US\",\"potentialAction\":[{\"@type\":\"ReadAction\",\"target\":[\"https:\/\/www.haeger.com\/de\/\"]}]},{\"@type\":\"BreadcrumbList\",\"@id\":\"https:\/\/www.haeger.com\/de\/#breadcrumb\",\"itemListElement\":[{\"@type\":\"ListItem\",\"position\":1,\"name\":\"Home\",\"item\":\"https:\/\/www.haeger.com\/de\/\"},{\"@type\":\"ListItem\",\"position\":2,\"name\":\"Home Page\"}]},{\"@type\":\"WebSite\",\"@id\":\"https:\/\/www.haeger.com\/de\/#website\",\"url\":\"https:\/\/www.haeger.com\/de\/\",\"name\":\"Haeger (DE)\",\"description\":\"\",\"potentialAction\":[{\"@type\":\"SearchAction\",\"target\":{\"@type\":\"EntryPoint\",\"urlTemplate\":\"https:\/\/www.haeger.com\/de\/?s={search_term_string}\"},\"query-input\":{\"@type\":\"PropertyValueSpecification\",\"valueRequired\":true,\"valueName\":\"search_term_string\"}}],\"inLanguage\":\"en-US\"}]}<\/script>","yoast_head_json":{"title":"Fastener Insertion Machines | Haeger Machines | Haeger USA","description":"Discover Haeger, the global leader in fastener insertion technology. Maximize efficiency with durable PEM machines designed for reliability and speed.","robots":{"index":"index","follow":"follow","max-snippet":"max-snippet:-1","max-image-preview":"max-image-preview:large","max-video-preview":"max-video-preview:-1"},"canonical":"https:\/\/www.haeger.com\/de\/","og_locale":"en_US","og_type":"article","og_title":"Fastener Insertion Machines | Haeger Machines | Haeger USA","og_description":"Discover Haeger, the global leader in fastener insertion technology. Maximize efficiency with durable PEM machines designed for reliability and speed.","og_url":"https:\/\/www.haeger.com\/de\/","og_site_name":"Haeger (DE)","article_modified_time":"2025-10-31T12:36:34+00:00","twitter_card":"summary_large_image","twitter_misc":{"Est. reading time":"1 minute"},"schema":{"@context":"https:\/\/schema.org","@graph":[{"@type":"WebPage","@id":"https:\/\/www.haeger.com\/de\/","url":"https:\/\/www.haeger.com\/de\/","name":"Fastener Insertion Machines | Haeger Machines | Haeger USA","isPartOf":{"@id":"https:\/\/www.haeger.com\/de\/#website"},"datePublished":"2024-11-14T16:54:41+00:00","dateModified":"2025-10-31T12:36:34+00:00","description":"Discover Haeger, the global leader in fastener insertion technology. Maximize efficiency with durable PEM machines designed for reliability and speed.","breadcrumb":{"@id":"https:\/\/www.haeger.com\/de\/#breadcrumb"},"inLanguage":"en-US","potentialAction":[{"@type":"ReadAction","target":["https:\/\/www.haeger.com\/de\/"]}]},{"@type":"BreadcrumbList","@id":"https:\/\/www.haeger.com\/de\/#breadcrumb","itemListElement":[{"@type":"ListItem","position":1,"name":"Home","item":"https:\/\/www.haeger.com\/de\/"},{"@type":"ListItem","position":2,"name":"Home Page"}]},{"@type":"WebSite","@id":"https:\/\/www.haeger.com\/de\/#website","url":"https:\/\/www.haeger.com\/de\/","name":"Haeger (DE)","description":"","potentialAction":[{"@type":"SearchAction","target":{"@type":"EntryPoint","urlTemplate":"https:\/\/www.haeger.com\/de\/?s={search_term_string}"},"query-input":{"@type":"PropertyValueSpecification","valueRequired":true,"valueName":"search_term_string"}}],"inLanguage":"en-US"}]}},"acf_fields":[],"_links":{"self":[{"href":"https:\/\/www.haeger.com\/de\/wp-json\/wp\/v2\/pages\/11","targetHints":{"allow":["GET"]}}],"collection":[{"href":"https:\/\/www.haeger.com\/de\/wp-json\/wp\/v2\/pages"}],"about":[{"href":"https:\/\/www.haeger.com\/de\/wp-json\/wp\/v2\/types\/page"}],"author":[{"embeddable":true,"href":"https:\/\/www.haeger.com\/de\/wp-json\/wp\/v2\/users\/1"}],"replies":[{"embeddable":true,"href":"https:\/\/www.haeger.com\/de\/wp-json\/wp\/v2\/comments?post=11"}],"version-history":[{"count":60,"href":"https:\/\/www.haeger.com\/de\/wp-json\/wp\/v2\/pages\/11\/revisions"}],"predecessor-version":[{"id":6021,"href":"https:\/\/www.haeger.com\/de\/wp-json\/wp\/v2\/pages\/11\/revisions\/6021"}],"wp:attachment":[{"href":"https:\/\/www.haeger.com\/de\/wp-json\/wp\/v2\/media?parent=11"}],"curies":[{"name":"wp","href":"https:\/\/api.w.org\/{rel}","templated":true}]}}